{"id":21889,"date":"2025-08-14T18:34:44","date_gmt":"2025-08-14T23:34:44","guid":{"rendered":"https:\/\/tiendaflex.ec\/?post_type=product&#038;p=21889"},"modified":"2025-08-14T18:34:44","modified_gmt":"2025-08-14T23:34:44","slug":"estante-granura-gu","status":"publish","type":"product","link":"https:\/\/tiendaflex.ec\/en\/product\/estante-granura-gu\/","title":{"rendered":"Estante Granura GU"},"content":{"rendered":"","protected":false},"excerpt":{"rendered":"<p>Dise\u00f1o vers\u00e1til y funcional, perfecto para aprovechar cada rinc\u00f3n con estilo y resistencia. Ideal para tu hogar u oficina.<\/p>\n<p>\u2714\ufe0f Estructura en madera Laurel Negro del Oriente<br \/>\n\u2714\ufe0f Tratamiento anti-insectos y microorganismos<br \/>\n\u2714\ufe0f Color de la madera a elecci\u00f3n del cliente<br \/>\n\u2714\ufe0f Incluye repisas y 3 cajones para organizaci\u00f3n \u00f3ptima<br \/>\n\ud83d\udccf Medidas: Alto 171 cm, Ancho 40 cm, Profundidad 40 cm<\/p>\n<p>\ud83d\udcde Contacto: +593984123231<\/p>\n<p>\u2728 \u00a1Organiza con estilo, vive con orden!<\/p>","protected":false},"featured_media":21875,"comment_status":"open","ping_status":"closed","template":"","meta":{"_acf_changed":false},"product_brand":[],"product_cat":[701,542],"product_tag":[],"class_list":{"0":"post-21889","1":"product","2":"type-product","3":"status-publish","4":"has-post-thumbnail","6":"product_cat-estantes","7":"product_cat-muebles","9":"first","10":"instock","11":"sale","12":"taxable","13":"shipping-taxable","14":"purchasable","15":"product-type-simple"},"acf":[],"_links":{"self":[{"href":"https:\/\/tiendaflex.ec\/en\/wp-json\/wp\/v2\/product\/21889","targetHints":{"allow":["GET"]}}],"collection":[{"href":"https:\/\/tiendaflex.ec\/en\/wp-json\/wp\/v2\/product"}],"about":[{"href":"https:\/\/tiendaflex.ec\/en\/wp-json\/wp\/v2\/types\/product"}],"replies":[{"embeddable":true,"href":"https:\/\/tiendaflex.ec\/en\/wp-json\/wp\/v2\/comments?post=21889"}],"version-history":[{"count":2,"href":"https:\/\/tiendaflex.ec\/en\/wp-json\/wp\/v2\/product\/21889\/revisions"}],"predecessor-version":[{"id":21891,"href":"https:\/\/tiendaflex.ec\/en\/wp-json\/wp\/v2\/product\/21889\/revisions\/21891"}],"wp:featuredmedia":[{"embeddable":true,"href":"https:\/\/tiendaflex.ec\/en\/wp-json\/wp\/v2\/media\/21875"}],"wp:attachment":[{"href":"https:\/\/tiendaflex.ec\/en\/wp-json\/wp\/v2\/media?parent=21889"}],"wp:term":[{"taxonomy":"product_brand","embeddable":true,"href":"https:\/\/tiendaflex.ec\/en\/wp-json\/wp\/v2\/product_brand?post=21889"},{"taxonomy":"product_cat","embeddable":true,"href":"https:\/\/tiendaflex.ec\/en\/wp-json\/wp\/v2\/product_cat?post=21889"},{"taxonomy":"product_tag","embeddable":true,"href":"https:\/\/tiendaflex.ec\/en\/wp-json\/wp\/v2\/product_tag?post=21889"}],"curies":[{"name":"wp","href":"https:\/\/api.w.org\/{rel}","templated":true}]}}