{"id":21857,"date":"2025-08-14T18:26:55","date_gmt":"2025-08-14T23:26:55","guid":{"rendered":"https:\/\/tiendaflex.ec\/?post_type=product&#038;p=21857"},"modified":"2025-08-14T18:27:13","modified_gmt":"2025-08-14T23:27:13","slug":"estante-ecorh-ap","status":"publish","type":"product","link":"https:\/\/tiendaflex.ec\/en\/product\/estante-ecorh-ap\/","title":{"rendered":"Estante EcoRh AP"},"content":{"rendered":"","protected":false},"excerpt":{"rendered":"<p>Organiza y decora tus espacios con estilo y resistencia. Su dise\u00f1o vers\u00e1til y materiales de alta calidad lo convierten en la opci\u00f3n ideal para el hogar u oficina.<\/p>\n<p>\u2714\ufe0f Estructura en Melamina Rh<br \/>\n\u2714\ufe0f Resistente a la humedad<br \/>\n\u2714\ufe0f Tratamiento anti-insectos y microorganismos<br \/>\n\u2714\ufe0f Color de la madera a elecci\u00f3n del cliente<br \/>\n\u2714\ufe0f 4 amplios espacios<br \/>\n\u2714\ufe0f 2 cajones con puertas<\/p>\n<p>\ud83d\udcde Contacto: +593984123231<\/p>\n<p>\u2728 \u00a1M\u00e1s que un estante, un aliado para tu organizaci\u00f3n!<\/p>","protected":false},"featured_media":21867,"comment_status":"open","ping_status":"closed","template":"","meta":{"_acf_changed":false},"product_brand":[],"product_cat":[701,542],"product_tag":[],"class_list":{"0":"post-21857","1":"product","2":"type-product","3":"status-publish","4":"has-post-thumbnail","6":"product_cat-estantes","7":"product_cat-muebles","9":"first","10":"instock","11":"sale","12":"taxable","13":"shipping-taxable","14":"purchasable","15":"product-type-simple"},"acf":[],"_links":{"self":[{"href":"https:\/\/tiendaflex.ec\/en\/wp-json\/wp\/v2\/product\/21857","targetHints":{"allow":["GET"]}}],"collection":[{"href":"https:\/\/tiendaflex.ec\/en\/wp-json\/wp\/v2\/product"}],"about":[{"href":"https:\/\/tiendaflex.ec\/en\/wp-json\/wp\/v2\/types\/product"}],"replies":[{"embeddable":true,"href":"https:\/\/tiendaflex.ec\/en\/wp-json\/wp\/v2\/comments?post=21857"}],"version-history":[{"count":2,"href":"https:\/\/tiendaflex.ec\/en\/wp-json\/wp\/v2\/product\/21857\/revisions"}],"predecessor-version":[{"id":21879,"href":"https:\/\/tiendaflex.ec\/en\/wp-json\/wp\/v2\/product\/21857\/revisions\/21879"}],"wp:featuredmedia":[{"embeddable":true,"href":"https:\/\/tiendaflex.ec\/en\/wp-json\/wp\/v2\/media\/21867"}],"wp:attachment":[{"href":"https:\/\/tiendaflex.ec\/en\/wp-json\/wp\/v2\/media?parent=21857"}],"wp:term":[{"taxonomy":"product_brand","embeddable":true,"href":"https:\/\/tiendaflex.ec\/en\/wp-json\/wp\/v2\/product_brand?post=21857"},{"taxonomy":"product_cat","embeddable":true,"href":"https:\/\/tiendaflex.ec\/en\/wp-json\/wp\/v2\/product_cat?post=21857"},{"taxonomy":"product_tag","embeddable":true,"href":"https:\/\/tiendaflex.ec\/en\/wp-json\/wp\/v2\/product_tag?post=21857"}],"curies":[{"name":"wp","href":"https:\/\/api.w.org\/{rel}","templated":true}]}}