{"id":21822,"date":"2025-08-13T19:36:18","date_gmt":"2025-08-14T00:36:18","guid":{"rendered":"https:\/\/tiendaflex.ec\/?post_type=product&#038;p=21822"},"modified":"2025-09-10T15:50:50","modified_gmt":"2025-09-10T20:50:50","slug":"24000-btu-aire-acondicionado","status":"publish","type":"product","link":"https:\/\/tiendaflex.ec\/en\/product\/24000-btu-aire-acondicionado\/","title":{"rendered":"24000 BTU &#8211; AIRE ACONDICIONADO"},"content":{"rendered":"","protected":false},"excerpt":{"rendered":"<p>Mant\u00e9n tus espacios frescos y c\u00f3modos con el Aire Acondicionado RCA 24,000 BTU. Ideal para \u00e1reas m\u00e1s grandes, combina eficiencia y ahorro energ\u00e9tico en un dise\u00f1o moderno y elegante, color blanco.<\/p>\n<ul>\n<li>Marca: RCA<\/li>\n<\/ul>\n<p>\ud83d\udce6 Incluye:<br \/>\n\u2013 Acondicionador de aire RCA 24,000 BTU<br \/>\n\u2013 Control remoto<\/p>\n<p>\u2699\ufe0f Especificaciones:<br \/>\n\u2013 Ahorro de energ\u00eda<br \/>\n\u2013 Split alta eficiencia<br \/>\n\u2013 Funciones de confort: modo silencioso, auto confort y turbo<br \/>\n\u2013 Circulaci\u00f3n de aire interior: optimizada<br \/>\n\u2013 \u00c1rea estimada que cubre: amplia (seg\u00fan fabricante)<\/p>\n<ul>\n<li>Circulaci\u00f3n de aire interior: 1000 m3\/h<\/li>\n<li>\u00c1rea estimada que cubre el aire: 25m\u00b2 &#8211; 30m\u00b2<\/li>\n<\/ul>\n<p>\ud83d\udcde Contacto: +593984123231<\/p>","protected":false},"featured_media":21784,"comment_status":"open","ping_status":"closed","template":"","meta":{"_acf_changed":false},"product_brand":[],"product_cat":[589,549],"product_tag":[],"class_list":{"0":"post-21822","1":"product","2":"type-product","3":"status-publish","4":"has-post-thumbnail","6":"product_cat-aires-acondicionados","7":"product_cat-electrodomesticos","9":"first","10":"instock","11":"sale","12":"taxable","13":"shipping-taxable","14":"purchasable","15":"product-type-simple"},"acf":[],"_links":{"self":[{"href":"https:\/\/tiendaflex.ec\/en\/wp-json\/wp\/v2\/product\/21822","targetHints":{"allow":["GET"]}}],"collection":[{"href":"https:\/\/tiendaflex.ec\/en\/wp-json\/wp\/v2\/product"}],"about":[{"href":"https:\/\/tiendaflex.ec\/en\/wp-json\/wp\/v2\/types\/product"}],"replies":[{"embeddable":true,"href":"https:\/\/tiendaflex.ec\/en\/wp-json\/wp\/v2\/comments?post=21822"}],"version-history":[{"count":3,"href":"https:\/\/tiendaflex.ec\/en\/wp-json\/wp\/v2\/product\/21822\/revisions"}],"predecessor-version":[{"id":23766,"href":"https:\/\/tiendaflex.ec\/en\/wp-json\/wp\/v2\/product\/21822\/revisions\/23766"}],"wp:featuredmedia":[{"embeddable":true,"href":"https:\/\/tiendaflex.ec\/en\/wp-json\/wp\/v2\/media\/21784"}],"wp:attachment":[{"href":"https:\/\/tiendaflex.ec\/en\/wp-json\/wp\/v2\/media?parent=21822"}],"wp:term":[{"taxonomy":"product_brand","embeddable":true,"href":"https:\/\/tiendaflex.ec\/en\/wp-json\/wp\/v2\/product_brand?post=21822"},{"taxonomy":"product_cat","embeddable":true,"href":"https:\/\/tiendaflex.ec\/en\/wp-json\/wp\/v2\/product_cat?post=21822"},{"taxonomy":"product_tag","embeddable":true,"href":"https:\/\/tiendaflex.ec\/en\/wp-json\/wp\/v2\/product_tag?post=21822"}],"curies":[{"name":"wp","href":"https:\/\/api.w.org\/{rel}","templated":true}]}}