{"id":21819,"date":"2025-08-13T19:34:13","date_gmt":"2025-08-14T00:34:13","guid":{"rendered":"https:\/\/tiendaflex.ec\/?post_type=product&#038;p=21819"},"modified":"2025-09-08T22:43:52","modified_gmt":"2025-09-09T03:43:52","slug":"18000-btu-aire-acondicionado","status":"publish","type":"product","link":"https:\/\/tiendaflex.ec\/en\/product\/18000-btu-aire-acondicionado\/","title":{"rendered":"18000 BTU &#8211; AIRE ACONDICIONADO"},"content":{"rendered":"","protected":false},"excerpt":{"rendered":"<p>Disfruta de un ambiente fresco y confortable con el acondicionador de aire RCA 18,000 BTU. Su dise\u00f1o moderno y elegante se combina con eficiencia energ\u00e9tica, ofreciendo hasta un 65% de ahorro energ\u00e9tico. Control remoto con pantalla LCD, modos silencioso, auto confort y turbo, garantizan comodidad total.<\/p>\n<ul>\n<li>Marca: RCA<\/li>\n<\/ul>\n<p>\ud83d\udce6 Incluye:<br \/>\n\u2013 Acondicionador de aire RCA 18,000 BTU<br \/>\n\u2013 Control remoto<\/p>\n<p>\u2699\ufe0f Especificaciones:<br \/>\n\u2013 Voltaje \/ Frecuencia: 220V \/ 60Hz<br \/>\n\u2013 Split alta eficiencia: S\u00ed<br \/>\n\u2013 Gas refrigerante \/ Peso: R410 \/ 430g<br \/>\n\u2013 Funciones extra: Pantalla oculta, deshumidificaci\u00f3n independiente, modo Sleep, modo Turbo<br \/>\n\u2013 Circulaci\u00f3n de aire interior: 700 m\u00b3\/h<br \/>\n\u2013 \u00c1rea estimada que cubre: 20 \u2013 25 m\u00b2<br \/>\n\u2013 Nivel de ruido exterior: 54 dB(A)<\/p>\n<p>\ud83d\udcde Contacto: +593984123231<\/p>","protected":false},"featured_media":21783,"comment_status":"open","ping_status":"closed","template":"","meta":{"_acf_changed":false},"product_brand":[],"product_cat":[589,549],"product_tag":[],"class_list":{"0":"post-21819","1":"product","2":"type-product","3":"status-publish","4":"has-post-thumbnail","6":"product_cat-aires-acondicionados","7":"product_cat-electrodomesticos","9":"first","10":"instock","11":"sale","12":"taxable","13":"shipping-taxable","14":"purchasable","15":"product-type-simple"},"acf":[],"_links":{"self":[{"href":"https:\/\/tiendaflex.ec\/en\/wp-json\/wp\/v2\/product\/21819","targetHints":{"allow":["GET"]}}],"collection":[{"href":"https:\/\/tiendaflex.ec\/en\/wp-json\/wp\/v2\/product"}],"about":[{"href":"https:\/\/tiendaflex.ec\/en\/wp-json\/wp\/v2\/types\/product"}],"replies":[{"embeddable":true,"href":"https:\/\/tiendaflex.ec\/en\/wp-json\/wp\/v2\/comments?post=21819"}],"version-history":[{"count":2,"href":"https:\/\/tiendaflex.ec\/en\/wp-json\/wp\/v2\/product\/21819\/revisions"}],"predecessor-version":[{"id":23416,"href":"https:\/\/tiendaflex.ec\/en\/wp-json\/wp\/v2\/product\/21819\/revisions\/23416"}],"wp:featuredmedia":[{"embeddable":true,"href":"https:\/\/tiendaflex.ec\/en\/wp-json\/wp\/v2\/media\/21783"}],"wp:attachment":[{"href":"https:\/\/tiendaflex.ec\/en\/wp-json\/wp\/v2\/media?parent=21819"}],"wp:term":[{"taxonomy":"product_brand","embeddable":true,"href":"https:\/\/tiendaflex.ec\/en\/wp-json\/wp\/v2\/product_brand?post=21819"},{"taxonomy":"product_cat","embeddable":true,"href":"https:\/\/tiendaflex.ec\/en\/wp-json\/wp\/v2\/product_cat?post=21819"},{"taxonomy":"product_tag","embeddable":true,"href":"https:\/\/tiendaflex.ec\/en\/wp-json\/wp\/v2\/product_tag?post=21819"}],"curies":[{"name":"wp","href":"https:\/\/api.w.org\/{rel}","templated":true}]}}