{"id":21810,"date":"2025-08-13T19:20:06","date_gmt":"2025-08-14T00:20:06","guid":{"rendered":"https:\/\/tiendaflex.ec\/?post_type=product&#038;p=21810"},"modified":"2025-09-10T16:08:56","modified_gmt":"2025-09-10T21:08:56","slug":"60s-401-encimera-a-gas-4-hornillas","status":"publish","type":"product","link":"https:\/\/tiendaflex.ec\/en\/product\/60s-401-encimera-a-gas-4-hornillas\/","title":{"rendered":"60S-401 &#8211; ENCIMERA A GAS 4 HORNILLAS"},"content":{"rendered":"","protected":false},"excerpt":{"rendered":"<p>Disfruta de una cocina pr\u00e1ctica y segura con esta encimera de 60 cm, hornillas de hierro fundido y encendido el\u00e9ctrico que facilita tu d\u00eda a d\u00eda.<\/p>\n<ul>\n<li>Marca: RCA<\/li>\n<\/ul>\n<p>\ud83d\udce6 Incluye:<br \/>\n\u2013 Encimera 60S-401<br \/>\n\u2013 4 hornillas<br \/>\n\u2013 Parrillas de hierro fundido<br \/>\n\u2013 Manual de usuario<\/p>\n<p>\u2714\ufe0f Encimera a gas<br \/>\n\u2714\ufe0f 4 hornillas<br \/>\n\u2714\ufe0f Encendido el\u00e9ctrico<br \/>\n\u2714\ufe0f Estructura acerada<\/p>\n<p>\u2013 Dimensiones externas: 59cm x 50cm<br \/>\n\u2013 Dimensiones internas: 55 x 47.5cm<\/p>\n<p>\ud83d\udcde Contacto: +593984123231<\/p>","protected":false},"featured_media":21780,"comment_status":"open","ping_status":"closed","template":"","meta":{"_acf_changed":false},"product_brand":[],"product_cat":[549,572],"product_tag":[],"class_list":{"0":"post-21810","1":"product","2":"type-product","3":"status-publish","4":"has-post-thumbnail","6":"product_cat-electrodomesticos","7":"product_cat-encimeras","9":"first","10":"instock","11":"sale","12":"taxable","13":"shipping-taxable","14":"purchasable","15":"product-type-simple"},"acf":[],"_links":{"self":[{"href":"https:\/\/tiendaflex.ec\/en\/wp-json\/wp\/v2\/product\/21810","targetHints":{"allow":["GET"]}}],"collection":[{"href":"https:\/\/tiendaflex.ec\/en\/wp-json\/wp\/v2\/product"}],"about":[{"href":"https:\/\/tiendaflex.ec\/en\/wp-json\/wp\/v2\/types\/product"}],"replies":[{"embeddable":true,"href":"https:\/\/tiendaflex.ec\/en\/wp-json\/wp\/v2\/comments?post=21810"}],"version-history":[{"count":3,"href":"https:\/\/tiendaflex.ec\/en\/wp-json\/wp\/v2\/product\/21810\/revisions"}],"predecessor-version":[{"id":23774,"href":"https:\/\/tiendaflex.ec\/en\/wp-json\/wp\/v2\/product\/21810\/revisions\/23774"}],"wp:featuredmedia":[{"embeddable":true,"href":"https:\/\/tiendaflex.ec\/en\/wp-json\/wp\/v2\/media\/21780"}],"wp:attachment":[{"href":"https:\/\/tiendaflex.ec\/en\/wp-json\/wp\/v2\/media?parent=21810"}],"wp:term":[{"taxonomy":"product_brand","embeddable":true,"href":"https:\/\/tiendaflex.ec\/en\/wp-json\/wp\/v2\/product_brand?post=21810"},{"taxonomy":"product_cat","embeddable":true,"href":"https:\/\/tiendaflex.ec\/en\/wp-json\/wp\/v2\/product_cat?post=21810"},{"taxonomy":"product_tag","embeddable":true,"href":"https:\/\/tiendaflex.ec\/en\/wp-json\/wp\/v2\/product_tag?post=21810"}],"curies":[{"name":"wp","href":"https:\/\/api.w.org\/{rel}","templated":true}]}}