{"id":21804,"date":"2025-08-13T19:15:09","date_gmt":"2025-08-14T00:15:09","guid":{"rendered":"https:\/\/tiendaflex.ec\/?post_type=product&#038;p=21804"},"modified":"2025-09-09T10:18:46","modified_gmt":"2025-09-09T15:18:46","slug":"showcase-338lt-sd-338nf","status":"publish","type":"product","link":"https:\/\/tiendaflex.ec\/en\/product\/showcase-338lt-sd-338nf\/","title":{"rendered":"SHOWCASE 338LT \u2013 SD-338NF"},"content":{"rendered":"","protected":false},"excerpt":{"rendered":"<p>Mant\u00e9n tus productos congelados de manera eficiente con este showcase congelador de gran capacidad. Perfecto para negocios o uso dom\u00e9stico, combina funcionalidad y dise\u00f1o pr\u00e1ctico.<\/p>\n<ul>\n<li>Marca: RCA<\/li>\n<\/ul>\n<p>\u2714\ufe0f Capacidad: 338 litros<br \/>\n\u2714\ufe0f Sistema de conservaci\u00f3n eficiente<br \/>\n\u2714\ufe0f Modelo: SD-338NF<br \/>\n\u2714\ufe0f Ideal para alimentos y bebidas<\/p>\n<p>\ud83d\udcde Contacto: +593984123231<\/p>","protected":false},"featured_media":21778,"comment_status":"open","ping_status":"closed","template":"","meta":{"_acf_changed":false},"product_brand":[],"product_cat":[549,573],"product_tag":[],"class_list":{"0":"post-21804","1":"product","2":"type-product","3":"status-publish","4":"has-post-thumbnail","6":"product_cat-electrodomesticos","7":"product_cat-refrigeracion","9":"first","10":"instock","11":"sale","12":"taxable","13":"shipping-taxable","14":"purchasable","15":"product-type-simple"},"acf":[],"_links":{"self":[{"href":"https:\/\/tiendaflex.ec\/en\/wp-json\/wp\/v2\/product\/21804","targetHints":{"allow":["GET"]}}],"collection":[{"href":"https:\/\/tiendaflex.ec\/en\/wp-json\/wp\/v2\/product"}],"about":[{"href":"https:\/\/tiendaflex.ec\/en\/wp-json\/wp\/v2\/types\/product"}],"replies":[{"embeddable":true,"href":"https:\/\/tiendaflex.ec\/en\/wp-json\/wp\/v2\/comments?post=21804"}],"version-history":[{"count":2,"href":"https:\/\/tiendaflex.ec\/en\/wp-json\/wp\/v2\/product\/21804\/revisions"}],"predecessor-version":[{"id":23565,"href":"https:\/\/tiendaflex.ec\/en\/wp-json\/wp\/v2\/product\/21804\/revisions\/23565"}],"wp:featuredmedia":[{"embeddable":true,"href":"https:\/\/tiendaflex.ec\/en\/wp-json\/wp\/v2\/media\/21778"}],"wp:attachment":[{"href":"https:\/\/tiendaflex.ec\/en\/wp-json\/wp\/v2\/media?parent=21804"}],"wp:term":[{"taxonomy":"product_brand","embeddable":true,"href":"https:\/\/tiendaflex.ec\/en\/wp-json\/wp\/v2\/product_brand?post=21804"},{"taxonomy":"product_cat","embeddable":true,"href":"https:\/\/tiendaflex.ec\/en\/wp-json\/wp\/v2\/product_cat?post=21804"},{"taxonomy":"product_tag","embeddable":true,"href":"https:\/\/tiendaflex.ec\/en\/wp-json\/wp\/v2\/product_tag?post=21804"}],"curies":[{"name":"wp","href":"https:\/\/api.w.org\/{rel}","templated":true}]}}