{"id":21735,"date":"2025-08-09T16:09:57","date_gmt":"2025-08-09T21:09:57","guid":{"rendered":"https:\/\/tiendaflex.ec\/?post_type=product&#038;p=21735"},"modified":"2025-09-08T22:50:16","modified_gmt":"2025-09-09T03:50:16","slug":"calefon-a-gas-10lt","status":"publish","type":"product","link":"https:\/\/tiendaflex.ec\/en\/product\/calefon-a-gas-10lt\/","title":{"rendered":"\u00a0CALEF\u00d3N A GAS 10LT"},"content":{"rendered":"","protected":false},"excerpt":{"rendered":"<p>Mant\u00e9n el agua caliente en casa con este eficiente calef\u00f3n de gas de 10 litros, dise\u00f1ado para brindarte comodidad y seguridad en todo momento.<\/p>\n<ul>\n<li>Marca: RCA<\/li>\n<\/ul>\n<p>\u2714\ufe0f Encendido el\u00e9ctrico para f\u00e1cil manejo<br \/>\n\u2714\ufe0f Pantalla LCD para un control preciso<br \/>\n\u2714\ufe0f Sistema de encendido con baja presi\u00f3n de agua<br \/>\n\u2714\ufe0f Dispositivo de seguridad con v\u00e1lvula de sobrepresi\u00f3n<br \/>\n\u2714\ufe0f Protecci\u00f3n contra incendios para tu tranquilidad<\/p>\n<p>\ud83d\udcde Contacto: +593984123231<\/p>","protected":false},"featured_media":21672,"comment_status":"open","ping_status":"closed","template":"","meta":{"_acf_changed":false},"product_brand":[],"product_cat":[699,549],"product_tag":[],"class_list":{"0":"post-21735","1":"product","2":"type-product","3":"status-publish","4":"has-post-thumbnail","6":"product_cat-calefones","7":"product_cat-electrodomesticos","9":"first","10":"instock","11":"sale","12":"taxable","13":"shipping-taxable","14":"purchasable","15":"product-type-simple"},"acf":[],"_links":{"self":[{"href":"https:\/\/tiendaflex.ec\/en\/wp-json\/wp\/v2\/product\/21735","targetHints":{"allow":["GET"]}}],"collection":[{"href":"https:\/\/tiendaflex.ec\/en\/wp-json\/wp\/v2\/product"}],"about":[{"href":"https:\/\/tiendaflex.ec\/en\/wp-json\/wp\/v2\/types\/product"}],"replies":[{"embeddable":true,"href":"https:\/\/tiendaflex.ec\/en\/wp-json\/wp\/v2\/comments?post=21735"}],"version-history":[{"count":2,"href":"https:\/\/tiendaflex.ec\/en\/wp-json\/wp\/v2\/product\/21735\/revisions"}],"predecessor-version":[{"id":23431,"href":"https:\/\/tiendaflex.ec\/en\/wp-json\/wp\/v2\/product\/21735\/revisions\/23431"}],"wp:featuredmedia":[{"embeddable":true,"href":"https:\/\/tiendaflex.ec\/en\/wp-json\/wp\/v2\/media\/21672"}],"wp:attachment":[{"href":"https:\/\/tiendaflex.ec\/en\/wp-json\/wp\/v2\/media?parent=21735"}],"wp:term":[{"taxonomy":"product_brand","embeddable":true,"href":"https:\/\/tiendaflex.ec\/en\/wp-json\/wp\/v2\/product_brand?post=21735"},{"taxonomy":"product_cat","embeddable":true,"href":"https:\/\/tiendaflex.ec\/en\/wp-json\/wp\/v2\/product_cat?post=21735"},{"taxonomy":"product_tag","embeddable":true,"href":"https:\/\/tiendaflex.ec\/en\/wp-json\/wp\/v2\/product_tag?post=21735"}],"curies":[{"name":"wp","href":"https:\/\/api.w.org\/{rel}","templated":true}]}}