{"id":21732,"date":"2025-08-09T16:08:25","date_gmt":"2025-08-09T21:08:25","guid":{"rendered":"https:\/\/tiendaflex.ec\/?post_type=product&#038;p=21732"},"modified":"2025-09-08T22:50:21","modified_gmt":"2025-09-09T03:50:21","slug":"calefon-a-gas-6lt","status":"publish","type":"product","link":"https:\/\/tiendaflex.ec\/en\/product\/calefon-a-gas-6lt\/","title":{"rendered":"CALEF\u00d3N A GAS 6LT"},"content":{"rendered":"","protected":false},"excerpt":{"rendered":"<p>Disfruta de agua caliente de forma segura y eficiente con el Calef\u00f3n a gas de 6 litros. Ideal para uso dom\u00e9stico, cuenta con tecnolog\u00eda avanzada para mayor confort y seguridad.<\/p>\n<ul>\n<li>Marca: RCA<\/li>\n<\/ul>\n<p>\u2714\ufe0f Encendido el\u00e9ctrico para mayor comodidad<br \/>\n\u2714\ufe0f Pantalla LCD para control f\u00e1cil y claro<br \/>\n\u2714\ufe0f Sistema de encendido con baja presi\u00f3n de agua<br \/>\n\u2714\ufe0f Dispositivo de seguridad con v\u00e1lvula de sobrepresi\u00f3n<br \/>\n\u2714\ufe0f Protecci\u00f3n contra incendios para m\u00e1xima seguridad<\/p>\n<p>\ud83d\udcde Contacto: +593984123231<\/p>","protected":false},"featured_media":21691,"comment_status":"open","ping_status":"closed","template":"","meta":{"_acf_changed":false},"product_brand":[],"product_cat":[699,549],"product_tag":[],"class_list":{"0":"post-21732","1":"product","2":"type-product","3":"status-publish","4":"has-post-thumbnail","6":"product_cat-calefones","7":"product_cat-electrodomesticos","9":"first","10":"instock","11":"sale","12":"taxable","13":"shipping-taxable","14":"purchasable","15":"product-type-simple"},"acf":[],"_links":{"self":[{"href":"https:\/\/tiendaflex.ec\/en\/wp-json\/wp\/v2\/product\/21732","targetHints":{"allow":["GET"]}}],"collection":[{"href":"https:\/\/tiendaflex.ec\/en\/wp-json\/wp\/v2\/product"}],"about":[{"href":"https:\/\/tiendaflex.ec\/en\/wp-json\/wp\/v2\/types\/product"}],"replies":[{"embeddable":true,"href":"https:\/\/tiendaflex.ec\/en\/wp-json\/wp\/v2\/comments?post=21732"}],"version-history":[{"count":2,"href":"https:\/\/tiendaflex.ec\/en\/wp-json\/wp\/v2\/product\/21732\/revisions"}],"predecessor-version":[{"id":23432,"href":"https:\/\/tiendaflex.ec\/en\/wp-json\/wp\/v2\/product\/21732\/revisions\/23432"}],"wp:featuredmedia":[{"embeddable":true,"href":"https:\/\/tiendaflex.ec\/en\/wp-json\/wp\/v2\/media\/21691"}],"wp:attachment":[{"href":"https:\/\/tiendaflex.ec\/en\/wp-json\/wp\/v2\/media?parent=21732"}],"wp:term":[{"taxonomy":"product_brand","embeddable":true,"href":"https:\/\/tiendaflex.ec\/en\/wp-json\/wp\/v2\/product_brand?post=21732"},{"taxonomy":"product_cat","embeddable":true,"href":"https:\/\/tiendaflex.ec\/en\/wp-json\/wp\/v2\/product_cat?post=21732"},{"taxonomy":"product_tag","embeddable":true,"href":"https:\/\/tiendaflex.ec\/en\/wp-json\/wp\/v2\/product_tag?post=21732"}],"curies":[{"name":"wp","href":"https:\/\/api.w.org\/{rel}","templated":true}]}}