{"id":21729,"date":"2025-08-09T16:04:53","date_gmt":"2025-08-09T21:04:53","guid":{"rendered":"https:\/\/tiendaflex.ec\/?post_type=product&#038;p=21729"},"modified":"2025-08-27T12:24:43","modified_gmt":"2025-08-27T17:24:43","slug":"calefactor-yl-b15-11","status":"publish","type":"product","link":"https:\/\/tiendaflex.ec\/en\/product\/calefactor-yl-b15-11\/","title":{"rendered":"CALEFACTOR YL B15 11"},"content":{"rendered":"","protected":false},"excerpt":{"rendered":"<p>\u00a1Mant\u00e9n tu espacio c\u00e1lido y acogedor con el calefactor YL B15 11! Ideal para esos d\u00edas fr\u00edos, ofrece una soluci\u00f3n pr\u00e1ctica y eficiente para calentar cualquier ambiente.<\/p>\n<p>\u2714\ufe0f Interruptor con 3 posiciones de potencia: ventilador, calor bajo y calor alto<br \/>\n\u2714\ufe0f Termostato ajustable para controlar la temperatura f\u00e1cilmente<br \/>\n\u2714\ufe0f Funci\u00f3n ventilador para uso todo el a\u00f1o<br \/>\n\u2714\ufe0f Dise\u00f1o compacto y f\u00e1cil de usar<br \/>\n\u2714\ufe0f Incluye calefactor y manual de usuario para tu comodidad<\/p>\n<p>\ud83d\udcde Contacto: +593984123231<\/p>","protected":false},"featured_media":21690,"comment_status":"open","ping_status":"closed","template":"","meta":{"_acf_changed":false},"product_brand":[],"product_cat":[698,549],"product_tag":[],"class_list":{"0":"post-21729","1":"product","2":"type-product","3":"status-publish","4":"has-post-thumbnail","6":"product_cat-calefactores","7":"product_cat-electrodomesticos","9":"first","10":"outofstock","11":"sale","12":"taxable","13":"shipping-taxable","14":"purchasable","15":"product-type-simple"},"acf":[],"_links":{"self":[{"href":"https:\/\/tiendaflex.ec\/en\/wp-json\/wp\/v2\/product\/21729","targetHints":{"allow":["GET"]}}],"collection":[{"href":"https:\/\/tiendaflex.ec\/en\/wp-json\/wp\/v2\/product"}],"about":[{"href":"https:\/\/tiendaflex.ec\/en\/wp-json\/wp\/v2\/types\/product"}],"replies":[{"embeddable":true,"href":"https:\/\/tiendaflex.ec\/en\/wp-json\/wp\/v2\/comments?post=21729"}],"version-history":[{"count":1,"href":"https:\/\/tiendaflex.ec\/en\/wp-json\/wp\/v2\/product\/21729\/revisions"}],"predecessor-version":[{"id":21730,"href":"https:\/\/tiendaflex.ec\/en\/wp-json\/wp\/v2\/product\/21729\/revisions\/21730"}],"wp:featuredmedia":[{"embeddable":true,"href":"https:\/\/tiendaflex.ec\/en\/wp-json\/wp\/v2\/media\/21690"}],"wp:attachment":[{"href":"https:\/\/tiendaflex.ec\/en\/wp-json\/wp\/v2\/media?parent=21729"}],"wp:term":[{"taxonomy":"product_brand","embeddable":true,"href":"https:\/\/tiendaflex.ec\/en\/wp-json\/wp\/v2\/product_brand?post=21729"},{"taxonomy":"product_cat","embeddable":true,"href":"https:\/\/tiendaflex.ec\/en\/wp-json\/wp\/v2\/product_cat?post=21729"},{"taxonomy":"product_tag","embeddable":true,"href":"https:\/\/tiendaflex.ec\/en\/wp-json\/wp\/v2\/product_tag?post=21729"}],"curies":[{"name":"wp","href":"https:\/\/api.w.org\/{rel}","templated":true}]}}