{"id":21699,"date":"2025-08-09T00:02:05","date_gmt":"2025-08-09T05:02:05","guid":{"rendered":"https:\/\/tiendaflex.ec\/?post_type=product&#038;p=21699"},"modified":"2025-09-08T23:40:48","modified_gmt":"2025-09-09T04:40:48","slug":"encimera-rca-de-induccion-4-inductores","status":"publish","type":"product","link":"https:\/\/tiendaflex.ec\/en\/product\/encimera-rca-de-induccion-4-inductores\/","title":{"rendered":"ENCIMERA DE INDUCCI\u00d3N \u2013 4 INDUCTORES"},"content":{"rendered":"","protected":false},"excerpt":{"rendered":"<p>Moderniza tu cocina con la Encimera RCA de Inducci\u00f3n, potencia, seguridad y dise\u00f1o en un solo electrodom\u00e9stico. Ideal para una cocci\u00f3n r\u00e1pida y eficiente.<\/p>\n<ul>\n<li>Marca: RCA<\/li>\n<\/ul>\n<p>\u2714\ufe0f 4 inductores para cocinar varias preparaciones al mismo tiempo<br \/>\n\u2714\ufe0f Vidrio vitrocer\u00e1mico elegante y resistente<br \/>\n\u2714\ufe0f Control digital intuitivo<br \/>\n\u2714\ufe0f Potencia total de 7000W para un calentamiento r\u00e1pido<br \/>\n\u2714\ufe0f Temporizador programable para mayor comodidad<br \/>\n\u2714\ufe0f Marca: RCA<\/p>\n<p>\ud83d\udcde Cont\u00e1ctanos al +593984123231<\/p>","protected":false},"featured_media":21682,"comment_status":"open","ping_status":"closed","template":"","meta":{"_acf_changed":false},"product_brand":[],"product_cat":[549,572],"product_tag":[],"class_list":{"0":"post-21699","1":"product","2":"type-product","3":"status-publish","4":"has-post-thumbnail","6":"product_cat-electrodomesticos","7":"product_cat-encimeras","9":"first","10":"instock","11":"sale","12":"taxable","13":"shipping-taxable","14":"purchasable","15":"product-type-simple"},"acf":[],"_links":{"self":[{"href":"https:\/\/tiendaflex.ec\/en\/wp-json\/wp\/v2\/product\/21699","targetHints":{"allow":["GET"]}}],"collection":[{"href":"https:\/\/tiendaflex.ec\/en\/wp-json\/wp\/v2\/product"}],"about":[{"href":"https:\/\/tiendaflex.ec\/en\/wp-json\/wp\/v2\/types\/product"}],"replies":[{"embeddable":true,"href":"https:\/\/tiendaflex.ec\/en\/wp-json\/wp\/v2\/comments?post=21699"}],"version-history":[{"count":3,"href":"https:\/\/tiendaflex.ec\/en\/wp-json\/wp\/v2\/product\/21699\/revisions"}],"predecessor-version":[{"id":23502,"href":"https:\/\/tiendaflex.ec\/en\/wp-json\/wp\/v2\/product\/21699\/revisions\/23502"}],"wp:featuredmedia":[{"embeddable":true,"href":"https:\/\/tiendaflex.ec\/en\/wp-json\/wp\/v2\/media\/21682"}],"wp:attachment":[{"href":"https:\/\/tiendaflex.ec\/en\/wp-json\/wp\/v2\/media?parent=21699"}],"wp:term":[{"taxonomy":"product_brand","embeddable":true,"href":"https:\/\/tiendaflex.ec\/en\/wp-json\/wp\/v2\/product_brand?post=21699"},{"taxonomy":"product_cat","embeddable":true,"href":"https:\/\/tiendaflex.ec\/en\/wp-json\/wp\/v2\/product_cat?post=21699"},{"taxonomy":"product_tag","embeddable":true,"href":"https:\/\/tiendaflex.ec\/en\/wp-json\/wp\/v2\/product_tag?post=21699"}],"curies":[{"name":"wp","href":"https:\/\/api.w.org\/{rel}","templated":true}]}}