{"id":21665,"date":"2025-08-08T02:34:06","date_gmt":"2025-08-08T07:34:06","guid":{"rendered":"https:\/\/tiendaflex.ec\/?post_type=product&#038;p=21665"},"modified":"2025-09-08T22:54:09","modified_gmt":"2025-09-09T03:54:09","slug":"90m79-campana-extractora-90cm","status":"publish","type":"product","link":"https:\/\/tiendaflex.ec\/en\/product\/90m79-campana-extractora-90cm\/","title":{"rendered":"90M79 &#8211; CAMPANA EXTRACTORA 90CM"},"content":{"rendered":"","protected":false},"excerpt":{"rendered":"<p>Mant\u00e9n tu cocina fresca y libre de olores con la Campana Extractora 90M79. Elegancia y tecnolog\u00eda en un solo equipo para un ambiente m\u00e1s limpio y moderno.<\/p>\n<ul>\n<li>Marca: RCA<\/li>\n<\/ul>\n<p>\u2714\ufe0f Ancho: 90 cm<br \/>\n\u2714\ufe0f Acabado en acero inoxidable y vidrio templado<br \/>\n\u2714\ufe0f Filtro de carb\u00f3n para m\u00e1xima purificaci\u00f3n<br \/>\n\u2714\ufe0f Control t\u00e1ctil (Touch control) f\u00e1cil e intuitivo<br \/>\n\u2714\ufe0f 3 velocidades de extracci\u00f3n ajustables<br \/>\n\u2714\ufe0f 2 l\u00e1mparas LED para una iluminaci\u00f3n perfecta<br \/>\n\u2714\ufe0f Marca: RCA<\/p>\n<p>\ud83d\udcde Cont\u00e1ctanos al +593984123231<\/p>","protected":false},"featured_media":21626,"comment_status":"open","ping_status":"closed","template":"","meta":{"_acf_changed":false},"product_brand":[],"product_cat":[585,549],"product_tag":[],"class_list":{"0":"post-21665","1":"product","2":"type-product","3":"status-publish","4":"has-post-thumbnail","6":"product_cat-campanas","7":"product_cat-electrodomesticos","9":"first","10":"instock","11":"sale","12":"taxable","13":"shipping-taxable","14":"purchasable","15":"product-type-simple"},"acf":[],"_links":{"self":[{"href":"https:\/\/tiendaflex.ec\/en\/wp-json\/wp\/v2\/product\/21665","targetHints":{"allow":["GET"]}}],"collection":[{"href":"https:\/\/tiendaflex.ec\/en\/wp-json\/wp\/v2\/product"}],"about":[{"href":"https:\/\/tiendaflex.ec\/en\/wp-json\/wp\/v2\/types\/product"}],"replies":[{"embeddable":true,"href":"https:\/\/tiendaflex.ec\/en\/wp-json\/wp\/v2\/comments?post=21665"}],"version-history":[{"count":2,"href":"https:\/\/tiendaflex.ec\/en\/wp-json\/wp\/v2\/product\/21665\/revisions"}],"predecessor-version":[{"id":23434,"href":"https:\/\/tiendaflex.ec\/en\/wp-json\/wp\/v2\/product\/21665\/revisions\/23434"}],"wp:featuredmedia":[{"embeddable":true,"href":"https:\/\/tiendaflex.ec\/en\/wp-json\/wp\/v2\/media\/21626"}],"wp:attachment":[{"href":"https:\/\/tiendaflex.ec\/en\/wp-json\/wp\/v2\/media?parent=21665"}],"wp:term":[{"taxonomy":"product_brand","embeddable":true,"href":"https:\/\/tiendaflex.ec\/en\/wp-json\/wp\/v2\/product_brand?post=21665"},{"taxonomy":"product_cat","embeddable":true,"href":"https:\/\/tiendaflex.ec\/en\/wp-json\/wp\/v2\/product_cat?post=21665"},{"taxonomy":"product_tag","embeddable":true,"href":"https:\/\/tiendaflex.ec\/en\/wp-json\/wp\/v2\/product_tag?post=21665"}],"curies":[{"name":"wp","href":"https:\/\/api.w.org\/{rel}","templated":true}]}}