{"id":21659,"date":"2025-08-08T02:27:43","date_gmt":"2025-08-08T07:27:43","guid":{"rendered":"https:\/\/tiendaflex.ec\/?post_type=product&#038;p=21659"},"modified":"2025-09-08T22:54:34","modified_gmt":"2025-09-09T03:54:34","slug":"rca-90-cm-campana-extractora-de-humo","status":"publish","type":"product","link":"https:\/\/tiendaflex.ec\/en\/product\/rca-90-cm-campana-extractora-de-humo\/","title":{"rendered":"RCA 90 CM &#8211; CAMPANA EXTRACTORA DE HUMO"},"content":{"rendered":"","protected":false},"excerpt":{"rendered":"<p>CAMPANA RCA EXTRACTORA DE HUMO 90 CM DE EFICIENCIA Y ESTILO EN BLANCO<br \/>\nDescubre la excelencia con la Campana RCA Extractora de Humo 90CM, modelo 5RCOM0R, ideal para mantener tu cocina siempre fresca, limpia y sin olores molestos.<\/p>\n<ul>\n<li>Marca: RCA<\/li>\n<\/ul>\n<p>\u2714\ufe0f Ancho de 90 cm: cobertura amplia para cocinas grandes<br \/>\n\u2714\ufe0f Color blanco: dise\u00f1o limpio y moderno<br \/>\n\u2714\ufe0f Extracci\u00f3n eficiente de humos y vapores<br \/>\n\u2714\ufe0f F\u00e1cil instalaci\u00f3n y operaci\u00f3n<br \/>\n\u2714\ufe0f Marca: RCA<br \/>\n\u2714\ufe0f Modelo: 5RCOM0R<\/p>\n<p>\ud83d\udcde Cont\u00e1ctanos al +593984123231<\/p>","protected":false},"featured_media":21624,"comment_status":"open","ping_status":"closed","template":"","meta":{"_acf_changed":false},"product_brand":[],"product_cat":[585,549],"product_tag":[],"class_list":{"0":"post-21659","1":"product","2":"type-product","3":"status-publish","4":"has-post-thumbnail","6":"product_cat-campanas","7":"product_cat-electrodomesticos","9":"first","10":"instock","11":"sale","12":"taxable","13":"shipping-taxable","14":"purchasable","15":"product-type-simple"},"acf":[],"_links":{"self":[{"href":"https:\/\/tiendaflex.ec\/en\/wp-json\/wp\/v2\/product\/21659","targetHints":{"allow":["GET"]}}],"collection":[{"href":"https:\/\/tiendaflex.ec\/en\/wp-json\/wp\/v2\/product"}],"about":[{"href":"https:\/\/tiendaflex.ec\/en\/wp-json\/wp\/v2\/types\/product"}],"replies":[{"embeddable":true,"href":"https:\/\/tiendaflex.ec\/en\/wp-json\/wp\/v2\/comments?post=21659"}],"version-history":[{"count":2,"href":"https:\/\/tiendaflex.ec\/en\/wp-json\/wp\/v2\/product\/21659\/revisions"}],"predecessor-version":[{"id":23436,"href":"https:\/\/tiendaflex.ec\/en\/wp-json\/wp\/v2\/product\/21659\/revisions\/23436"}],"wp:featuredmedia":[{"embeddable":true,"href":"https:\/\/tiendaflex.ec\/en\/wp-json\/wp\/v2\/media\/21624"}],"wp:attachment":[{"href":"https:\/\/tiendaflex.ec\/en\/wp-json\/wp\/v2\/media?parent=21659"}],"wp:term":[{"taxonomy":"product_brand","embeddable":true,"href":"https:\/\/tiendaflex.ec\/en\/wp-json\/wp\/v2\/product_brand?post=21659"},{"taxonomy":"product_cat","embeddable":true,"href":"https:\/\/tiendaflex.ec\/en\/wp-json\/wp\/v2\/product_cat?post=21659"},{"taxonomy":"product_tag","embeddable":true,"href":"https:\/\/tiendaflex.ec\/en\/wp-json\/wp\/v2\/product_tag?post=21659"}],"curies":[{"name":"wp","href":"https:\/\/api.w.org\/{rel}","templated":true}]}}