{"id":21610,"date":"2025-08-05T22:54:34","date_gmt":"2025-08-06T03:54:34","guid":{"rendered":"https:\/\/tiendaflex.ec\/?post_type=product&#038;p=21610"},"modified":"2025-08-05T22:54:35","modified_gmt":"2025-08-06T03:54:35","slug":"kalmer-mueble-para-tv","status":"publish","type":"product","link":"https:\/\/tiendaflex.ec\/en\/product\/kalmer-mueble-para-tv\/","title":{"rendered":"KALMER &#8211; MUEBLE PARA TV"},"content":{"rendered":"","protected":false},"excerpt":{"rendered":"<p>MUEBLE PARA TV KALMER JU<br \/>\nCompacto, funcional y con estilo atemporal, el Mueble Kalmer es la soluci\u00f3n perfecta para espacios que necesitan organizaci\u00f3n sin perder dise\u00f1o. Fabricado con materiales de calidad y acabados personalizables.<\/p>\n<p>\ud83d\udd38 Estructura de Madera Laurel Negro del Oriente<br \/>\n\ud83d\udd38 Tratamiento anti-insectos y microorganismos<br \/>\n\ud83d\udd38 Color de la madera a elecci\u00f3n del cliente<br \/>\n\ud83d\udd38 Ideal para TV medianos y espacios vers\u00e1tiles<\/p>\n<p>\ud83d\udcde Cont\u00e1ctanos al +593984123231<\/p>\n<p>\u2728 Dale vida a tu sala con el dise\u00f1o pr\u00e1ctico del Mueble para TV Kalmer.<\/p>","protected":false},"featured_media":21575,"comment_status":"open","ping_status":"closed","template":"","meta":{"_acf_changed":false},"product_brand":[],"product_cat":[694,542],"product_tag":[],"class_list":{"0":"post-21610","1":"product","2":"type-product","3":"status-publish","4":"has-post-thumbnail","6":"product_cat-mesas-y-muebles-de-sala","7":"product_cat-muebles","9":"first","10":"instock","11":"sale","12":"taxable","13":"shipping-taxable","14":"purchasable","15":"product-type-simple"},"acf":[],"_links":{"self":[{"href":"https:\/\/tiendaflex.ec\/en\/wp-json\/wp\/v2\/product\/21610","targetHints":{"allow":["GET"]}}],"collection":[{"href":"https:\/\/tiendaflex.ec\/en\/wp-json\/wp\/v2\/product"}],"about":[{"href":"https:\/\/tiendaflex.ec\/en\/wp-json\/wp\/v2\/types\/product"}],"replies":[{"embeddable":true,"href":"https:\/\/tiendaflex.ec\/en\/wp-json\/wp\/v2\/comments?post=21610"}],"version-history":[{"count":2,"href":"https:\/\/tiendaflex.ec\/en\/wp-json\/wp\/v2\/product\/21610\/revisions"}],"predecessor-version":[{"id":21612,"href":"https:\/\/tiendaflex.ec\/en\/wp-json\/wp\/v2\/product\/21610\/revisions\/21612"}],"wp:featuredmedia":[{"embeddable":true,"href":"https:\/\/tiendaflex.ec\/en\/wp-json\/wp\/v2\/media\/21575"}],"wp:attachment":[{"href":"https:\/\/tiendaflex.ec\/en\/wp-json\/wp\/v2\/media?parent=21610"}],"wp:term":[{"taxonomy":"product_brand","embeddable":true,"href":"https:\/\/tiendaflex.ec\/en\/wp-json\/wp\/v2\/product_brand?post=21610"},{"taxonomy":"product_cat","embeddable":true,"href":"https:\/\/tiendaflex.ec\/en\/wp-json\/wp\/v2\/product_cat?post=21610"},{"taxonomy":"product_tag","embeddable":true,"href":"https:\/\/tiendaflex.ec\/en\/wp-json\/wp\/v2\/product_tag?post=21610"}],"curies":[{"name":"wp","href":"https:\/\/api.w.org\/{rel}","templated":true}]}}