{"id":21607,"date":"2025-08-05T22:50:19","date_gmt":"2025-08-06T03:50:19","guid":{"rendered":"https:\/\/tiendaflex.ec\/?post_type=product&#038;p=21607"},"modified":"2025-08-05T22:50:20","modified_gmt":"2025-08-06T03:50:20","slug":"varello-mueble-para-tv","status":"publish","type":"product","link":"https:\/\/tiendaflex.ec\/en\/product\/varello-mueble-para-tv\/","title":{"rendered":"VARELLO &#8211; MUEBLE PARA TV"},"content":{"rendered":"","protected":false},"excerpt":{"rendered":"<p>Dise\u00f1o sobrio, amplio y pr\u00e1ctico. El Mueble Varello es ideal para quienes buscan organizaci\u00f3n y estilo en su centro de entretenimiento. Fabricado en madera resistente y con acabados personalizables.<\/p>\n<p>\ud83d\udd38 Estructura de Madera Laurel Negro del Oriente<br \/>\n\ud83d\udd38 Tratamiento anti-insectos y microorganismos<br \/>\n\ud83d\udd38 Color de la madera a elecci\u00f3n del cliente<br \/>\n\ud83d\udd38 Ideal para TV hasta 60\u201d<\/p>\n<p>\ud83d\udce6 INCLUYE:<br \/>\n\u2714\ufe0f 3 cajones con puertas<br \/>\n\u2714\ufe0f Repisas de madera<\/p>\n<p>\ud83d\udcd0 MEDIDAS:<\/p>\n<p>Alto: est\u00e1ndar<\/p>\n<p>Ancho: 150 cm<\/p>\n<p>Profundidad: est\u00e1ndar<\/p>\n<p>\ud83d\udcde Cont\u00e1ctanos al +593984123231<\/p>\n<p>\u2728 Dale a tu sala un toque sofisticado con el Mueble para TV Varello.<\/p>","protected":false},"featured_media":21576,"comment_status":"open","ping_status":"closed","template":"","meta":{"_acf_changed":false},"product_brand":[],"product_cat":[694,542],"product_tag":[],"class_list":{"0":"post-21607","1":"product","2":"type-product","3":"status-publish","4":"has-post-thumbnail","6":"product_cat-mesas-y-muebles-de-sala","7":"product_cat-muebles","9":"first","10":"instock","11":"sale","12":"taxable","13":"shipping-taxable","14":"purchasable","15":"product-type-simple"},"acf":[],"_links":{"self":[{"href":"https:\/\/tiendaflex.ec\/en\/wp-json\/wp\/v2\/product\/21607","targetHints":{"allow":["GET"]}}],"collection":[{"href":"https:\/\/tiendaflex.ec\/en\/wp-json\/wp\/v2\/product"}],"about":[{"href":"https:\/\/tiendaflex.ec\/en\/wp-json\/wp\/v2\/types\/product"}],"replies":[{"embeddable":true,"href":"https:\/\/tiendaflex.ec\/en\/wp-json\/wp\/v2\/comments?post=21607"}],"version-history":[{"count":2,"href":"https:\/\/tiendaflex.ec\/en\/wp-json\/wp\/v2\/product\/21607\/revisions"}],"predecessor-version":[{"id":21609,"href":"https:\/\/tiendaflex.ec\/en\/wp-json\/wp\/v2\/product\/21607\/revisions\/21609"}],"wp:featuredmedia":[{"embeddable":true,"href":"https:\/\/tiendaflex.ec\/en\/wp-json\/wp\/v2\/media\/21576"}],"wp:attachment":[{"href":"https:\/\/tiendaflex.ec\/en\/wp-json\/wp\/v2\/media?parent=21607"}],"wp:term":[{"taxonomy":"product_brand","embeddable":true,"href":"https:\/\/tiendaflex.ec\/en\/wp-json\/wp\/v2\/product_brand?post=21607"},{"taxonomy":"product_cat","embeddable":true,"href":"https:\/\/tiendaflex.ec\/en\/wp-json\/wp\/v2\/product_cat?post=21607"},{"taxonomy":"product_tag","embeddable":true,"href":"https:\/\/tiendaflex.ec\/en\/wp-json\/wp\/v2\/product_tag?post=21607"}],"curies":[{"name":"wp","href":"https:\/\/api.w.org\/{rel}","templated":true}]}}