{"id":21586,"date":"2025-08-05T22:15:48","date_gmt":"2025-08-06T03:15:48","guid":{"rendered":"https:\/\/tiendaflex.ec\/?post_type=product&#038;p=21586"},"modified":"2025-09-08T12:51:06","modified_gmt":"2025-09-08T17:51:06","slug":"aspiradora-rca-x6","status":"publish","type":"product","link":"https:\/\/tiendaflex.ec\/en\/product\/aspiradora-rca-x6\/","title":{"rendered":"ASPIRADORA RCA X6"},"content":{"rendered":"","protected":false},"excerpt":{"rendered":"<p>\u00a1Aspira y trapea al mismo tiempo! La aspiradora RCA X6 inal\u00e1mbrica es tu aliada ideal para una limpieza completa, r\u00e1pida y sin esfuerzo. Gracias a su dise\u00f1o ligero y potente succi\u00f3n, limpia profundamente todo tipo de pisos con gran eficiencia.<\/p>\n<ul>\n<li>Marca: RCA<\/li>\n<\/ul>\n<p>\u2714\ufe0f Bater\u00eda 21.6 V \/ 2500 mAh<br \/>\n\u2714\ufe0f Duraci\u00f3n: 23 a 40 minutos<br \/>\n\u2714\ufe0f Tiempo de carga: 3.5 horas<br \/>\n\u2714\ufe0f Potencia: 180W<br \/>\n\u2714\ufe0f Succi\u00f3n: 12W<br \/>\n\u2714\ufe0f Bajo ruido: &gt;80 dBA<br \/>\n\u2714\ufe0f 3 niveles de potencia<br \/>\n\u2714\ufe0f Sistema 2 en 1: aspira y trapea<br \/>\n\u2714\ufe0f Doble tanque: agua sucia y limpia<br \/>\n\u2714\ufe0f Bot\u00f3n de autolimpieza<br \/>\n\u2714\ufe0f Rodillo para m\u00faltiples superficies<br \/>\n\u2714\ufe0f Dise\u00f1o ligero y direcci\u00f3n giratoria<br \/>\n\u2714\ufe0f Peso neto: 5.1 kg \/ Peso bruto: 8.5 kg<br \/>\n\u2714\ufe0f Dimensiones: 33 x 31 x 116 cm<br \/>\n\u2714\ufe0f Color: Negro\/Rojo<\/p>\n<p>\ud83d\udcde Cont\u00e1ctanos al +593984123231<\/p>","protected":false},"featured_media":21561,"comment_status":"open","ping_status":"closed","template":"","meta":{"_acf_changed":false},"product_brand":[],"product_cat":[544,603],"product_tag":[],"class_list":{"0":"post-21586","1":"product","2":"type-product","3":"status-publish","4":"has-post-thumbnail","6":"product_cat-agricultura-e-industria","7":"product_cat-aspiradoras","9":"first","10":"instock","11":"sale","12":"taxable","13":"shipping-taxable","14":"purchasable","15":"product-type-simple"},"acf":[],"_links":{"self":[{"href":"https:\/\/tiendaflex.ec\/en\/wp-json\/wp\/v2\/product\/21586","targetHints":{"allow":["GET"]}}],"collection":[{"href":"https:\/\/tiendaflex.ec\/en\/wp-json\/wp\/v2\/product"}],"about":[{"href":"https:\/\/tiendaflex.ec\/en\/wp-json\/wp\/v2\/types\/product"}],"replies":[{"embeddable":true,"href":"https:\/\/tiendaflex.ec\/en\/wp-json\/wp\/v2\/comments?post=21586"}],"version-history":[{"count":3,"href":"https:\/\/tiendaflex.ec\/en\/wp-json\/wp\/v2\/product\/21586\/revisions"}],"predecessor-version":[{"id":23184,"href":"https:\/\/tiendaflex.ec\/en\/wp-json\/wp\/v2\/product\/21586\/revisions\/23184"}],"wp:featuredmedia":[{"embeddable":true,"href":"https:\/\/tiendaflex.ec\/en\/wp-json\/wp\/v2\/media\/21561"}],"wp:attachment":[{"href":"https:\/\/tiendaflex.ec\/en\/wp-json\/wp\/v2\/media?parent=21586"}],"wp:term":[{"taxonomy":"product_brand","embeddable":true,"href":"https:\/\/tiendaflex.ec\/en\/wp-json\/wp\/v2\/product_brand?post=21586"},{"taxonomy":"product_cat","embeddable":true,"href":"https:\/\/tiendaflex.ec\/en\/wp-json\/wp\/v2\/product_cat?post=21586"},{"taxonomy":"product_tag","embeddable":true,"href":"https:\/\/tiendaflex.ec\/en\/wp-json\/wp\/v2\/product_tag?post=21586"}],"curies":[{"name":"wp","href":"https:\/\/api.w.org\/{rel}","templated":true}]}}