{"id":21545,"date":"2025-08-04T19:37:11","date_gmt":"2025-08-05T00:37:11","guid":{"rendered":"https:\/\/tiendaflex.ec\/?post_type=product&#038;p=21545"},"modified":"2025-08-04T19:37:12","modified_gmt":"2025-08-05T00:37:12","slug":"comoda-tervia","status":"publish","type":"product","link":"https:\/\/tiendaflex.ec\/en\/product\/comoda-tervia\/","title":{"rendered":"C\u00d3MODA TERVIA"},"content":{"rendered":"","protected":false},"excerpt":{"rendered":"<p>C\u00d3MODA TERVIA MT<\/p>\n<p>Una pieza que destaca por su funcionalidad, dise\u00f1o sobrio y acabado natural. La C\u00f3moda Tervia est\u00e1 fabricada en resistente madera laurel del Oriente, con detalles personalizables y espejo incluido. Ideal para dormitorios que buscan orden con estilo.<\/p>\n<p>\ud83d\udd38 Estructura de madera Laurel Negro del Oriente<br \/>\n\ud83d\udd38 Tratamiento anti-insectos y microorganismos<br \/>\n\ud83d\udd38 Color de la madera a elecci\u00f3n del cliente<br \/>\n\ud83d\udd38 Dise\u00f1o amplio y equilibrado<\/p>\n<p>\ud83d\udce6 INCLUYE:<br \/>\n\u2714\ufe0f 8 cajones espaciosos<br \/>\n\u2714\ufe0f Espejo superior a juego<\/p>\n<p>\ud83d\udcde Cont\u00e1ctanos al +593984123231<\/p>\n<p>\u2728 Ordena tu espacio con elegancia natural. Descubre la C\u00f3moda Tervia<\/p>","protected":false},"featured_media":21485,"comment_status":"open","ping_status":"closed","template":"","meta":{"_acf_changed":false},"product_brand":[],"product_cat":[697,542],"product_tag":[],"class_list":{"0":"post-21545","1":"product","2":"type-product","3":"status-publish","4":"has-post-thumbnail","6":"product_cat-comodas","7":"product_cat-muebles","9":"first","10":"instock","11":"sale","12":"taxable","13":"shipping-taxable","14":"purchasable","15":"product-type-simple"},"acf":[],"_links":{"self":[{"href":"https:\/\/tiendaflex.ec\/en\/wp-json\/wp\/v2\/product\/21545","targetHints":{"allow":["GET"]}}],"collection":[{"href":"https:\/\/tiendaflex.ec\/en\/wp-json\/wp\/v2\/product"}],"about":[{"href":"https:\/\/tiendaflex.ec\/en\/wp-json\/wp\/v2\/types\/product"}],"replies":[{"embeddable":true,"href":"https:\/\/tiendaflex.ec\/en\/wp-json\/wp\/v2\/comments?post=21545"}],"version-history":[{"count":2,"href":"https:\/\/tiendaflex.ec\/en\/wp-json\/wp\/v2\/product\/21545\/revisions"}],"predecessor-version":[{"id":21547,"href":"https:\/\/tiendaflex.ec\/en\/wp-json\/wp\/v2\/product\/21545\/revisions\/21547"}],"wp:featuredmedia":[{"embeddable":true,"href":"https:\/\/tiendaflex.ec\/en\/wp-json\/wp\/v2\/media\/21485"}],"wp:attachment":[{"href":"https:\/\/tiendaflex.ec\/en\/wp-json\/wp\/v2\/media?parent=21545"}],"wp:term":[{"taxonomy":"product_brand","embeddable":true,"href":"https:\/\/tiendaflex.ec\/en\/wp-json\/wp\/v2\/product_brand?post=21545"},{"taxonomy":"product_cat","embeddable":true,"href":"https:\/\/tiendaflex.ec\/en\/wp-json\/wp\/v2\/product_cat?post=21545"},{"taxonomy":"product_tag","embeddable":true,"href":"https:\/\/tiendaflex.ec\/en\/wp-json\/wp\/v2\/product_tag?post=21545"}],"curies":[{"name":"wp","href":"https:\/\/api.w.org\/{rel}","templated":true}]}}