{"id":21528,"date":"2025-08-04T19:25:55","date_gmt":"2025-08-05T00:25:55","guid":{"rendered":"https:\/\/tiendaflex.ec\/?post_type=product&#038;p=21528"},"modified":"2025-08-04T19:25:55","modified_gmt":"2025-08-05T00:25:55","slug":"cama-novera","status":"publish","type":"product","link":"https:\/\/tiendaflex.ec\/en\/product\/cama-novera\/","title":{"rendered":"CAMA NOVERA"},"content":{"rendered":"","protected":false},"excerpt":{"rendered":"<p>CAMA NOVERA MT<\/p>\n<p>La Cama Novera es sin\u00f3nimo de elegancia natural y funcionalidad. Su estructura en madera laurel negro del Oriente combina durabilidad con dise\u00f1o c\u00e1lido. Los veladores incluidos cuentan con rieles telesc\u00f3picos para mayor comodidad.<\/p>\n<p>\ud83d\udd38 Estructura en madera laurel negro del Oriente<br \/>\n\ud83d\udd38 Tratamiento anti-insectos y microorganismos<br \/>\n\ud83d\udd38 Color de la madera personalizable seg\u00fan el cliente<br \/>\n\ud83d\udd38 Incluye 2 veladores con rieles telesc\u00f3picos<br \/>\n\u274c NO incluye colch\u00f3n ni edred\u00f3n<\/p>\n<p>\ud83d\udcde Cont\u00e1ctanos al +593984123231<\/p>\n<p>\u2728 Eleva tu descanso con estilo natural y funcionalidad con la Cama Novera.<\/p>","protected":false},"featured_media":21479,"comment_status":"open","ping_status":"closed","template":"","meta":{"_acf_changed":false},"product_brand":[],"product_cat":[563,542],"product_tag":[],"class_list":{"0":"post-21528","1":"product","2":"type-product","3":"status-publish","4":"has-post-thumbnail","6":"product_cat-camas","7":"product_cat-muebles","9":"first","10":"instock","11":"sale","12":"taxable","13":"shipping-taxable","14":"purchasable","15":"product-type-variable"},"acf":[],"_links":{"self":[{"href":"https:\/\/tiendaflex.ec\/en\/wp-json\/wp\/v2\/product\/21528","targetHints":{"allow":["GET"]}}],"collection":[{"href":"https:\/\/tiendaflex.ec\/en\/wp-json\/wp\/v2\/product"}],"about":[{"href":"https:\/\/tiendaflex.ec\/en\/wp-json\/wp\/v2\/types\/product"}],"replies":[{"embeddable":true,"href":"https:\/\/tiendaflex.ec\/en\/wp-json\/wp\/v2\/comments?post=21528"}],"version-history":[{"count":2,"href":"https:\/\/tiendaflex.ec\/en\/wp-json\/wp\/v2\/product\/21528\/revisions"}],"predecessor-version":[{"id":21534,"href":"https:\/\/tiendaflex.ec\/en\/wp-json\/wp\/v2\/product\/21528\/revisions\/21534"}],"wp:featuredmedia":[{"embeddable":true,"href":"https:\/\/tiendaflex.ec\/en\/wp-json\/wp\/v2\/media\/21479"}],"wp:attachment":[{"href":"https:\/\/tiendaflex.ec\/en\/wp-json\/wp\/v2\/media?parent=21528"}],"wp:term":[{"taxonomy":"product_brand","embeddable":true,"href":"https:\/\/tiendaflex.ec\/en\/wp-json\/wp\/v2\/product_brand?post=21528"},{"taxonomy":"product_cat","embeddable":true,"href":"https:\/\/tiendaflex.ec\/en\/wp-json\/wp\/v2\/product_cat?post=21528"},{"taxonomy":"product_tag","embeddable":true,"href":"https:\/\/tiendaflex.ec\/en\/wp-json\/wp\/v2\/product_tag?post=21528"}],"curies":[{"name":"wp","href":"https:\/\/api.w.org\/{rel}","templated":true}]}}