{"id":21448,"date":"2025-08-02T01:19:26","date_gmt":"2025-08-02T06:19:26","guid":{"rendered":"https:\/\/tiendaflex.ec\/?post_type=product&#038;p=21448"},"modified":"2025-08-02T01:19:41","modified_gmt":"2025-08-02T06:19:41","slug":"valkan-mueble-para-tv","status":"publish","type":"product","link":"https:\/\/tiendaflex.ec\/en\/product\/valkan-mueble-para-tv\/","title":{"rendered":"VALKAN &#8211; MUEBLE PARA TV"},"content":{"rendered":"","protected":false},"excerpt":{"rendered":"<p>MUEBLE PARA TV VALKAN GU<\/p>\n<p>Dise\u00f1ado para ser el centro de atenci\u00f3n en tu sala. El Mueble para TV Valkan combina dise\u00f1o limpio y moderno, con materiales duraderos y acabados personalizables. Perfecto para televisores de hasta 75 pulgadas, aporta estilo y organizaci\u00f3n en un solo mueble.<\/p>\n<p>\ud83d\udd38 Estructura de madera laurel negro del Oriente \u2013 fuerte y duradera<br \/>\n\ud83d\udd38 Tratamiento anti-insectos y microorganismos<br \/>\n\ud83d\udd38 Color de la madera a elecci\u00f3n del cliente<br \/>\n\ud83d\udd38 Dise\u00f1o lineal con 3 compartimientos amplios con puertas<\/p>\n<p>\ud83d\udcd0 MEDIDAS:<br \/>\n\ud83d\udccf Alto: 79 cm | Ancho: 189 cm | Profundidad: 36 cm<\/p>\n<p>\ud83d\udcde Cont\u00e1ctanos al +593984123231<\/p>\n<p>\u2728 Eleva tu sala con dise\u00f1o moderno y funcionalidad. Elige el Mueble para TV Valkan.<\/p>","protected":false},"featured_media":21417,"comment_status":"open","ping_status":"closed","template":"","meta":{"_acf_changed":false},"product_brand":[],"product_cat":[694,542],"product_tag":[],"class_list":{"0":"post-21448","1":"product","2":"type-product","3":"status-publish","4":"has-post-thumbnail","6":"product_cat-mesas-y-muebles-de-sala","7":"product_cat-muebles","9":"first","10":"instock","11":"sale","12":"taxable","13":"shipping-taxable","14":"purchasable","15":"product-type-simple"},"acf":[],"_links":{"self":[{"href":"https:\/\/tiendaflex.ec\/en\/wp-json\/wp\/v2\/product\/21448","targetHints":{"allow":["GET"]}}],"collection":[{"href":"https:\/\/tiendaflex.ec\/en\/wp-json\/wp\/v2\/product"}],"about":[{"href":"https:\/\/tiendaflex.ec\/en\/wp-json\/wp\/v2\/types\/product"}],"replies":[{"embeddable":true,"href":"https:\/\/tiendaflex.ec\/en\/wp-json\/wp\/v2\/comments?post=21448"}],"version-history":[{"count":2,"href":"https:\/\/tiendaflex.ec\/en\/wp-json\/wp\/v2\/product\/21448\/revisions"}],"predecessor-version":[{"id":21450,"href":"https:\/\/tiendaflex.ec\/en\/wp-json\/wp\/v2\/product\/21448\/revisions\/21450"}],"wp:featuredmedia":[{"embeddable":true,"href":"https:\/\/tiendaflex.ec\/en\/wp-json\/wp\/v2\/media\/21417"}],"wp:attachment":[{"href":"https:\/\/tiendaflex.ec\/en\/wp-json\/wp\/v2\/media?parent=21448"}],"wp:term":[{"taxonomy":"product_brand","embeddable":true,"href":"https:\/\/tiendaflex.ec\/en\/wp-json\/wp\/v2\/product_brand?post=21448"},{"taxonomy":"product_cat","embeddable":true,"href":"https:\/\/tiendaflex.ec\/en\/wp-json\/wp\/v2\/product_cat?post=21448"},{"taxonomy":"product_tag","embeddable":true,"href":"https:\/\/tiendaflex.ec\/en\/wp-json\/wp\/v2\/product_tag?post=21448"}],"curies":[{"name":"wp","href":"https:\/\/api.w.org\/{rel}","templated":true}]}}