{"id":21339,"date":"2025-07-31T01:28:37","date_gmt":"2025-07-31T06:28:37","guid":{"rendered":"https:\/\/tiendaflex.ec\/?post_type=product&#038;p=21339"},"modified":"2025-07-31T01:28:38","modified_gmt":"2025-07-31T06:28:38","slug":"comedor-serenova","status":"publish","type":"product","link":"https:\/\/tiendaflex.ec\/en\/product\/comedor-serenova\/","title":{"rendered":"COMEDOR SER\u00c9NOVA"},"content":{"rendered":"","protected":false},"excerpt":{"rendered":"<p><span data-sheets-root=\"1\">COMEDOR SER\u00c9NOVA JC \u2013 C\u00cdRCULOS QUE UNEN CON ELEGANCIA<\/span><\/p>\n<p><span data-sheets-root=\"1\">Dise\u00f1ado para generar cercan\u00eda, el Comedor Ser\u00e9nova es ideal para quienes valoran el equilibrio entre dise\u00f1o, comodidad y funcionalidad. Su forma circular promueve conversaciones fluidas, mientras que su tapizado personalizable le da un toque de lujo natural.<\/p>\n<p>\ud83d\udd38 Estructura en madera laurel negro del Oriente<br \/>\n\ud83d\udd38 Tratamiento protector contra insectos y microorganismos<br \/>\n\ud83d\udd38 Esponja de alta densidad para m\u00e1xima comodidad<br \/>\n\ud83d\udd38 Color de tapiz y madera a elecci\u00f3n del cliente<br \/>\n\ud83d\udd38 Estilo redondo para compartir sin barreras<\/p>\n<p>\ud83d\udce6 INCLUYE:<br \/>\n\u2714\ufe0f Mesa redonda<br \/>\n\u2714\ufe0f 4, 6 u 8 sillas tapizadas (seg\u00fan modelo)<\/p>\n<p>\ud83d\udcd0 MEDIDAS<br \/>\n\ud83d\udccf Mesa: Alto 80 cm | Di\u00e1metro 130 cm<br \/>\n\ud83d\udccf Sillas: Alto 102 cm | Ancho 41 cm | Profundidad 51 cm | Altura del asiento 50 cm<\/span><\/p>\n<p><span data-sheets-root=\"1\">\ud83d\udcde Cont\u00e1ctanos al +593984123231<\/p>\n<p>\u2728 Dise\u00f1ado para conectar, disfrutar y durar. Vive la experiencia del Comedor Ser\u00e9nova.<br \/>\n<\/span><\/p>","protected":false},"featured_media":21305,"comment_status":"open","ping_status":"closed","template":"","meta":{"_acf_changed":false},"product_brand":[],"product_cat":[587,542],"product_tag":[],"class_list":{"0":"post-21339","1":"product","2":"type-product","3":"status-publish","4":"has-post-thumbnail","6":"product_cat-comedores","7":"product_cat-muebles","9":"first","10":"instock","11":"sale","12":"taxable","13":"shipping-taxable","14":"purchasable","15":"product-type-variable"},"acf":[],"_links":{"self":[{"href":"https:\/\/tiendaflex.ec\/en\/wp-json\/wp\/v2\/product\/21339","targetHints":{"allow":["GET"]}}],"collection":[{"href":"https:\/\/tiendaflex.ec\/en\/wp-json\/wp\/v2\/product"}],"about":[{"href":"https:\/\/tiendaflex.ec\/en\/wp-json\/wp\/v2\/types\/product"}],"replies":[{"embeddable":true,"href":"https:\/\/tiendaflex.ec\/en\/wp-json\/wp\/v2\/comments?post=21339"}],"version-history":[{"count":2,"href":"https:\/\/tiendaflex.ec\/en\/wp-json\/wp\/v2\/product\/21339\/revisions"}],"predecessor-version":[{"id":21344,"href":"https:\/\/tiendaflex.ec\/en\/wp-json\/wp\/v2\/product\/21339\/revisions\/21344"}],"wp:featuredmedia":[{"embeddable":true,"href":"https:\/\/tiendaflex.ec\/en\/wp-json\/wp\/v2\/media\/21305"}],"wp:attachment":[{"href":"https:\/\/tiendaflex.ec\/en\/wp-json\/wp\/v2\/media?parent=21339"}],"wp:term":[{"taxonomy":"product_brand","embeddable":true,"href":"https:\/\/tiendaflex.ec\/en\/wp-json\/wp\/v2\/product_brand?post=21339"},{"taxonomy":"product_cat","embeddable":true,"href":"https:\/\/tiendaflex.ec\/en\/wp-json\/wp\/v2\/product_cat?post=21339"},{"taxonomy":"product_tag","embeddable":true,"href":"https:\/\/tiendaflex.ec\/en\/wp-json\/wp\/v2\/product_tag?post=21339"}],"curies":[{"name":"wp","href":"https:\/\/api.w.org\/{rel}","templated":true}]}}