{"id":20859,"date":"2025-07-11T22:39:45","date_gmt":"2025-07-12T03:39:45","guid":{"rendered":"https:\/\/tiendaflex.ec\/?post_type=product&#038;p=20859"},"modified":"2025-07-16T00:11:21","modified_gmt":"2025-07-16T05:11:21","slug":"comedor-sahari","status":"publish","type":"product","link":"https:\/\/tiendaflex.ec\/en\/product\/comedor-sahari\/","title":{"rendered":"COMEDOR SAHARI"},"content":{"rendered":"","protected":false},"excerpt":{"rendered":"<p><span data-sheets-root=\"1\">\u00a1Imponente, sofisticado y 100% personalizado!<\/span><\/p>\n<p>Lleva a tu hogar un aire de distinci\u00f3n con el comedor Sahari, inspirado en la elegancia del m\u00e1rmol y la calidez de la madera. Ideal para ambientes modernos y cl\u00e1sicos.<\/p>\n<p>\u2714\ufe0f Estructura en Madera Laurel Negro del Oriente<br \/>\n\u2714\ufe0f Tratamiento anti-insectos y microorganismos<br \/>\n\u2714\ufe0f Espuma de alta densidad para m\u00e1ximo confort<br \/>\n\u2714\ufe0f Tapiz a elecci\u00f3n del cliente (color y tipo)<br \/>\n\u2714\ufe0f Color de la madera personalizado<br \/>\n\u2714\ufe0f Tablero marmoleado que a\u00f1ade un toque exclusivo<\/p>\n<p>\ud83d\udce6 Incluye:<br \/>\n\u2022 1 mesa con tablero marmoleado<br \/>\n\u2022 6 sillas tapizadas de respaldo alto<\/p>\n<p>\ud83d\udcde Contacto: +593984123231<\/p>\n<p>\u2728 Sahari: donde el lujo se sienta a la mesa.<\/p>","protected":false},"featured_media":20907,"comment_status":"open","ping_status":"closed","template":"","meta":{"_acf_changed":false},"product_brand":[],"product_cat":[587,542],"product_tag":[],"class_list":{"0":"post-20859","1":"product","2":"type-product","3":"status-publish","4":"has-post-thumbnail","6":"product_cat-comedores","7":"product_cat-muebles","9":"first","10":"instock","11":"sale","12":"taxable","13":"shipping-taxable","14":"purchasable","15":"product-type-variable"},"acf":[],"_links":{"self":[{"href":"https:\/\/tiendaflex.ec\/en\/wp-json\/wp\/v2\/product\/20859","targetHints":{"allow":["GET"]}}],"collection":[{"href":"https:\/\/tiendaflex.ec\/en\/wp-json\/wp\/v2\/product"}],"about":[{"href":"https:\/\/tiendaflex.ec\/en\/wp-json\/wp\/v2\/types\/product"}],"replies":[{"embeddable":true,"href":"https:\/\/tiendaflex.ec\/en\/wp-json\/wp\/v2\/comments?post=20859"}],"version-history":[{"count":3,"href":"https:\/\/tiendaflex.ec\/en\/wp-json\/wp\/v2\/product\/20859\/revisions"}],"predecessor-version":[{"id":20921,"href":"https:\/\/tiendaflex.ec\/en\/wp-json\/wp\/v2\/product\/20859\/revisions\/20921"}],"wp:featuredmedia":[{"embeddable":true,"href":"https:\/\/tiendaflex.ec\/en\/wp-json\/wp\/v2\/media\/20907"}],"wp:attachment":[{"href":"https:\/\/tiendaflex.ec\/en\/wp-json\/wp\/v2\/media?parent=20859"}],"wp:term":[{"taxonomy":"product_brand","embeddable":true,"href":"https:\/\/tiendaflex.ec\/en\/wp-json\/wp\/v2\/product_brand?post=20859"},{"taxonomy":"product_cat","embeddable":true,"href":"https:\/\/tiendaflex.ec\/en\/wp-json\/wp\/v2\/product_cat?post=20859"},{"taxonomy":"product_tag","embeddable":true,"href":"https:\/\/tiendaflex.ec\/en\/wp-json\/wp\/v2\/product_tag?post=20859"}],"curies":[{"name":"wp","href":"https:\/\/api.w.org\/{rel}","templated":true}]}}