{"id":20835,"date":"2025-07-11T22:16:57","date_gmt":"2025-07-12T03:16:57","guid":{"rendered":"https:\/\/tiendaflex.ec\/?post_type=product&#038;p=20835"},"modified":"2025-07-11T22:16:57","modified_gmt":"2025-07-12T03:16:57","slug":"sala-nurelia","status":"publish","type":"product","link":"https:\/\/tiendaflex.ec\/en\/product\/sala-nurelia\/","title":{"rendered":"SALA NURELIA"},"content":{"rendered":"","protected":false},"excerpt":{"rendered":"<p><span data-sheets-root=\"1\">Comodidad de alto nivel con materiales duraderos<\/p>\n<p>La sala Nurelia ha sido dise\u00f1ada pensando en la practicidad, el confort y la est\u00e9tica. Su estructura met\u00e1lica robusta se complementa con detalles en melamina de alta resistencia y una esponja Chaide &amp; Chaide de gama alta para una experiencia de descanso superior.<\/p>\n<p>\u2728 Caracter\u00edsticas destacadas:<br \/>\n\u2714\ufe0f Base de metal resistente y estilizada<br \/>\n\u2714\ufe0f Detalles decorativos en melamina antihumedad<br \/>\n\u2714\ufe0f Espuma Chaide &amp; Chaide de alta gama para un confort duradero<br \/>\n\u2714\ufe0f Tapizado personalizable a elecci\u00f3n del cliente<br \/>\n\u2714\ufe0f Estilo moderno y vers\u00e1til para cualquier espacio<\/p>\n<p>\ud83d\udcde Contacto: +593984123231<\/p>\n<p>\u2728 \u00a1Convierte tu sala en un espacio elegante, c\u00f3modo y funcional con el modelo Nurelia!<br \/>\n<\/span><\/p>","protected":false},"featured_media":20797,"comment_status":"open","ping_status":"closed","template":"","meta":{"_acf_changed":false},"product_brand":[],"product_cat":[542,579],"product_tag":[],"class_list":{"0":"post-20835","1":"product","2":"type-product","3":"status-publish","4":"has-post-thumbnail","6":"product_cat-muebles","7":"product_cat-salas","9":"first","10":"instock","11":"sale","12":"taxable","13":"shipping-taxable","14":"purchasable","15":"product-type-variable"},"acf":[],"_links":{"self":[{"href":"https:\/\/tiendaflex.ec\/en\/wp-json\/wp\/v2\/product\/20835","targetHints":{"allow":["GET"]}}],"collection":[{"href":"https:\/\/tiendaflex.ec\/en\/wp-json\/wp\/v2\/product"}],"about":[{"href":"https:\/\/tiendaflex.ec\/en\/wp-json\/wp\/v2\/types\/product"}],"replies":[{"embeddable":true,"href":"https:\/\/tiendaflex.ec\/en\/wp-json\/wp\/v2\/comments?post=20835"}],"version-history":[{"count":2,"href":"https:\/\/tiendaflex.ec\/en\/wp-json\/wp\/v2\/product\/20835\/revisions"}],"predecessor-version":[{"id":20840,"href":"https:\/\/tiendaflex.ec\/en\/wp-json\/wp\/v2\/product\/20835\/revisions\/20840"}],"wp:featuredmedia":[{"embeddable":true,"href":"https:\/\/tiendaflex.ec\/en\/wp-json\/wp\/v2\/media\/20797"}],"wp:attachment":[{"href":"https:\/\/tiendaflex.ec\/en\/wp-json\/wp\/v2\/media?parent=20835"}],"wp:term":[{"taxonomy":"product_brand","embeddable":true,"href":"https:\/\/tiendaflex.ec\/en\/wp-json\/wp\/v2\/product_brand?post=20835"},{"taxonomy":"product_cat","embeddable":true,"href":"https:\/\/tiendaflex.ec\/en\/wp-json\/wp\/v2\/product_cat?post=20835"},{"taxonomy":"product_tag","embeddable":true,"href":"https:\/\/tiendaflex.ec\/en\/wp-json\/wp\/v2\/product_tag?post=20835"}],"curies":[{"name":"wp","href":"https:\/\/api.w.org\/{rel}","templated":true}]}}