{"id":20731,"date":"2025-07-10T18:06:31","date_gmt":"2025-07-10T23:06:31","guid":{"rendered":"https:\/\/tiendaflex.ec\/?post_type=product&#038;p=20731"},"modified":"2025-09-02T23:46:17","modified_gmt":"2025-09-03T04:46:17","slug":"kit-8-camaras-5mp","status":"publish","type":"product","link":"https:\/\/tiendaflex.ec\/en\/product\/kit-8-camaras-5mp\/","title":{"rendered":"KIT 8 C\u00c1MARAS 5MP"},"content":{"rendered":"","protected":false},"excerpt":{"rendered":"<p>Aumenta la seguridad de tu hogar o negocio con este Kit completo de c\u00e1maras Dahua 5MP, con excelente resoluci\u00f3n, visi\u00f3n nocturna y monitoreo remoto sin costo adicional.<\/p>\n<p>\u2714\ufe0f Resoluci\u00f3n de video: 5MP (2880 \u00d7 1620)<br \/>\n\u2714\ufe0f Sensor de imagen CMOS de alta definici\u00f3n<br \/>\n\u2714\ufe0f Lente de 3.6 mm<br \/>\n\u2714\ufe0f Alcance infrarrojo: hasta 20 metros<br \/>\n\u2714\ufe0f Tecnolog\u00eda 4 en 1: CVI \/ CVBS \/ AHD \/ TVI (conmutables)<br \/>\n\u2714\ufe0f Alimentaci\u00f3n: 12V DC \u00b115%<br \/>\n\u2714\ufe0f Visualizaci\u00f3n remota gratuita desde celular o PC<\/p>\n<p>\ud83d\udce6 Incluye:<br \/>\n\u2022 1 DVR 8 canales + 8 canales IP<br \/>\n\u2022 4 c\u00e1maras domo 5MP<br \/>\n\u2022 4 c\u00e1maras tubo 5MP<br \/>\n\u2022 8 pares de video balun<br \/>\n\u2022 8 fuentes de poder 12V 1A<\/p>\n<p>\u274c No incluye:<br \/>\n\u2022 Disco duro<br \/>\n\u2022 Cable UTP<\/p>\n<p>\ud83d\udcde Contacto: +593984123231<\/p>","protected":false},"featured_media":20712,"comment_status":"open","ping_status":"closed","template":"","meta":{"_acf_changed":false},"product_brand":[],"product_cat":[584,547],"product_tag":[],"class_list":{"0":"post-20731","1":"product","2":"type-product","3":"status-publish","4":"has-post-thumbnail","6":"product_cat-camaras","7":"product_cat-tecnologia-del-hogar","9":"first","10":"outofstock","11":"sale","12":"taxable","13":"shipping-taxable","14":"purchasable","15":"product-type-simple"},"acf":[],"_links":{"self":[{"href":"https:\/\/tiendaflex.ec\/en\/wp-json\/wp\/v2\/product\/20731","targetHints":{"allow":["GET"]}}],"collection":[{"href":"https:\/\/tiendaflex.ec\/en\/wp-json\/wp\/v2\/product"}],"about":[{"href":"https:\/\/tiendaflex.ec\/en\/wp-json\/wp\/v2\/types\/product"}],"replies":[{"embeddable":true,"href":"https:\/\/tiendaflex.ec\/en\/wp-json\/wp\/v2\/comments?post=20731"}],"version-history":[{"count":1,"href":"https:\/\/tiendaflex.ec\/en\/wp-json\/wp\/v2\/product\/20731\/revisions"}],"predecessor-version":[{"id":20732,"href":"https:\/\/tiendaflex.ec\/en\/wp-json\/wp\/v2\/product\/20731\/revisions\/20732"}],"wp:featuredmedia":[{"embeddable":true,"href":"https:\/\/tiendaflex.ec\/en\/wp-json\/wp\/v2\/media\/20712"}],"wp:attachment":[{"href":"https:\/\/tiendaflex.ec\/en\/wp-json\/wp\/v2\/media?parent=20731"}],"wp:term":[{"taxonomy":"product_brand","embeddable":true,"href":"https:\/\/tiendaflex.ec\/en\/wp-json\/wp\/v2\/product_brand?post=20731"},{"taxonomy":"product_cat","embeddable":true,"href":"https:\/\/tiendaflex.ec\/en\/wp-json\/wp\/v2\/product_cat?post=20731"},{"taxonomy":"product_tag","embeddable":true,"href":"https:\/\/tiendaflex.ec\/en\/wp-json\/wp\/v2\/product_tag?post=20731"}],"curies":[{"name":"wp","href":"https:\/\/api.w.org\/{rel}","templated":true}]}}