{"id":20728,"date":"2025-07-10T18:04:57","date_gmt":"2025-07-10T23:04:57","guid":{"rendered":"https:\/\/tiendaflex.ec\/?post_type=product&#038;p=20728"},"modified":"2025-09-02T23:45:17","modified_gmt":"2025-09-03T04:45:17","slug":"camara-5mp-dahua","status":"publish","type":"product","link":"https:\/\/tiendaflex.ec\/en\/product\/camara-5mp-dahua\/","title":{"rendered":"C\u00c1MARA 5MP DAHUA"},"content":{"rendered":"","protected":false},"excerpt":{"rendered":"<p>Aumenta el nivel de seguridad con la C\u00e1mara Tipo Tubo DAHUA Full Color de 5MP, ideal para monitorear espacios exteriores e interiores con im\u00e1genes n\u00edtidas y a color 24\/7, incluso en condiciones de poca luz.<\/p>\n<p>\u2714\ufe0f Resoluci\u00f3n: 5 Megap\u00edxeles<br \/>\n\u2714\ufe0f Im\u00e1genes Full Color 24 horas al d\u00eda, 7 d\u00edas a la semana<br \/>\n\u2714\ufe0f Lente focal fija de 2.8 mm o 3.6 mm<br \/>\n\u2714\ufe0f Alcance de iluminaci\u00f3n: hasta 40 metros<br \/>\n\u2714\ufe0f Incluye audio integrado<br \/>\n\u2714\ufe0f Protecci\u00f3n IP67: resistente al agua y al polvo<br \/>\n\u2714\ufe0f Tecnolog\u00eda 4 en 1 (CVI \/ CVBS \/ AHD \/ TVI conmutables)<br \/>\n\u2714\ufe0f Ideal para exteriores, negocios, hogares o bodegas<\/p>\n<p>\ud83d\udce6 Incluye:<br \/>\n\u2022 1 c\u00e1mara tipo tubo 5MP Full Color con audio<\/p>\n<p>\ud83d\udcde Contacto: +593984123231<\/p>","protected":false},"featured_media":20715,"comment_status":"open","ping_status":"closed","template":"","meta":{"_acf_changed":false},"product_brand":[],"product_cat":[584,547],"product_tag":[],"class_list":{"0":"post-20728","1":"product","2":"type-product","3":"status-publish","4":"has-post-thumbnail","6":"product_cat-camaras","7":"product_cat-tecnologia-del-hogar","9":"first","10":"outofstock","11":"sale","12":"taxable","13":"shipping-taxable","14":"purchasable","15":"product-type-simple"},"acf":[],"_links":{"self":[{"href":"https:\/\/tiendaflex.ec\/en\/wp-json\/wp\/v2\/product\/20728","targetHints":{"allow":["GET"]}}],"collection":[{"href":"https:\/\/tiendaflex.ec\/en\/wp-json\/wp\/v2\/product"}],"about":[{"href":"https:\/\/tiendaflex.ec\/en\/wp-json\/wp\/v2\/types\/product"}],"replies":[{"embeddable":true,"href":"https:\/\/tiendaflex.ec\/en\/wp-json\/wp\/v2\/comments?post=20728"}],"version-history":[{"count":1,"href":"https:\/\/tiendaflex.ec\/en\/wp-json\/wp\/v2\/product\/20728\/revisions"}],"predecessor-version":[{"id":20729,"href":"https:\/\/tiendaflex.ec\/en\/wp-json\/wp\/v2\/product\/20728\/revisions\/20729"}],"wp:featuredmedia":[{"embeddable":true,"href":"https:\/\/tiendaflex.ec\/en\/wp-json\/wp\/v2\/media\/20715"}],"wp:attachment":[{"href":"https:\/\/tiendaflex.ec\/en\/wp-json\/wp\/v2\/media?parent=20728"}],"wp:term":[{"taxonomy":"product_brand","embeddable":true,"href":"https:\/\/tiendaflex.ec\/en\/wp-json\/wp\/v2\/product_brand?post=20728"},{"taxonomy":"product_cat","embeddable":true,"href":"https:\/\/tiendaflex.ec\/en\/wp-json\/wp\/v2\/product_cat?post=20728"},{"taxonomy":"product_tag","embeddable":true,"href":"https:\/\/tiendaflex.ec\/en\/wp-json\/wp\/v2\/product_tag?post=20728"}],"curies":[{"name":"wp","href":"https:\/\/api.w.org\/{rel}","templated":true}]}}