{"id":20725,"date":"2025-07-10T18:02:45","date_gmt":"2025-07-10T23:02:45","guid":{"rendered":"https:\/\/tiendaflex.ec\/?post_type=product&#038;p=20725"},"modified":"2025-09-02T23:44:44","modified_gmt":"2025-09-03T04:44:44","slug":"dvr-dahua-1080n-720p","status":"publish","type":"product","link":"https:\/\/tiendaflex.ec\/en\/product\/dvr-dahua-1080n-720p\/","title":{"rendered":"DVR DAHUA 1080N \/ 720P"},"content":{"rendered":"","protected":false},"excerpt":{"rendered":"<p>\u00a1POTENCIA Y ESCALABILIDAD PARA TU SISTEMA DE SEGURIDAD!<\/p>\n<p>Mejora el rendimiento de tu red de videovigilancia con el DVR DAHUA DH-XVR1B16-I, ideal para instalaciones m\u00e1s exigentes. Compatible con c\u00e1maras an\u00e1logas e IP, con capacidad para hasta 18 canales IP, garantiza grabaci\u00f3n continua y confiable con compresi\u00f3n inteligente H.265+.<\/p>\n<p>\u2714\ufe0f Marca: Dahua<br \/>\n\u2714\ufe0f Modelo: DH-XVR1B16-I<br \/>\n\u2714\ufe0f Resoluci\u00f3n soportada: 1080N \/ 720p<br \/>\n\u2714\ufe0f Soporta: 16 canales an\u00e1logos + 8 canales IP (hasta 18 canales IP)<br \/>\n\u2714\ufe0f Entradas de video: HDCVI \/ AHD \/ TVI \/ CVBS \/ IP<br \/>\n\u2714\ufe0f Codificaci\u00f3n: Doble flujo H.265+ \/ H.265<br \/>\n\u2714\ufe0f Canales IP hasta 6MP por canal \u2013 M\u00e1x. 64 Mbps de ancho de banda entrante<br \/>\n\u2714\ufe0f Salidas de video: HDMI \/ VGA simult\u00e1neas<br \/>\n\u2714\ufe0f Funciones avanzadas: SMD Plus hasta en 8 canales an\u00e1logos<br \/>\n\u2714\ufe0f Larga distancia de transmisi\u00f3n por cable coaxial<br \/>\n\u2714\ufe0f Soporta 1 disco duro de hasta 16TB (no incluido)<br \/>\n\u2714\ufe0f Fuente de poder: 12 VDC \u2013 2 A<br \/>\n\u2714\ufe0f Peso: 1.42 kg<br \/>\n\u2714\ufe0f Dimensiones: 260 \u00d7 231.4 \u00d7 47.6 mm<\/p>\n<p>\ud83d\udce6 Incluye:<br \/>\n\u2022 1 DVR de 16 canales<\/p>\n<p>\ud83d\udcde Contacto: +593984123231<\/p>","protected":false},"featured_media":20709,"comment_status":"open","ping_status":"closed","template":"","meta":{"_acf_changed":false},"product_brand":[],"product_cat":[584,547],"product_tag":[],"class_list":{"0":"post-20725","1":"product","2":"type-product","3":"status-publish","4":"has-post-thumbnail","6":"product_cat-camaras","7":"product_cat-tecnologia-del-hogar","9":"first","10":"outofstock","11":"sale","12":"taxable","13":"shipping-taxable","14":"purchasable","15":"product-type-simple"},"acf":[],"_links":{"self":[{"href":"https:\/\/tiendaflex.ec\/en\/wp-json\/wp\/v2\/product\/20725","targetHints":{"allow":["GET"]}}],"collection":[{"href":"https:\/\/tiendaflex.ec\/en\/wp-json\/wp\/v2\/product"}],"about":[{"href":"https:\/\/tiendaflex.ec\/en\/wp-json\/wp\/v2\/types\/product"}],"replies":[{"embeddable":true,"href":"https:\/\/tiendaflex.ec\/en\/wp-json\/wp\/v2\/comments?post=20725"}],"version-history":[{"count":1,"href":"https:\/\/tiendaflex.ec\/en\/wp-json\/wp\/v2\/product\/20725\/revisions"}],"predecessor-version":[{"id":20726,"href":"https:\/\/tiendaflex.ec\/en\/wp-json\/wp\/v2\/product\/20725\/revisions\/20726"}],"wp:featuredmedia":[{"embeddable":true,"href":"https:\/\/tiendaflex.ec\/en\/wp-json\/wp\/v2\/media\/20709"}],"wp:attachment":[{"href":"https:\/\/tiendaflex.ec\/en\/wp-json\/wp\/v2\/media?parent=20725"}],"wp:term":[{"taxonomy":"product_brand","embeddable":true,"href":"https:\/\/tiendaflex.ec\/en\/wp-json\/wp\/v2\/product_brand?post=20725"},{"taxonomy":"product_cat","embeddable":true,"href":"https:\/\/tiendaflex.ec\/en\/wp-json\/wp\/v2\/product_cat?post=20725"},{"taxonomy":"product_tag","embeddable":true,"href":"https:\/\/tiendaflex.ec\/en\/wp-json\/wp\/v2\/product_tag?post=20725"}],"curies":[{"name":"wp","href":"https:\/\/api.w.org\/{rel}","templated":true}]}}