{"id":20722,"date":"2025-07-10T18:01:09","date_gmt":"2025-07-10T23:01:09","guid":{"rendered":"https:\/\/tiendaflex.ec\/?post_type=product&#038;p=20722"},"modified":"2025-09-02T23:44:42","modified_gmt":"2025-09-03T04:44:42","slug":"dvr-dahua-5m-n-1080p","status":"publish","type":"product","link":"https:\/\/tiendaflex.ec\/en\/product\/dvr-dahua-5m-n-1080p\/","title":{"rendered":"DVR DAHUA 5M-N \/ 1080P"},"content":{"rendered":"","protected":false},"excerpt":{"rendered":"<p>\u00a1GRABA CON CLARIDAD, SEGURIDAD Y POTENCIA!<\/p>\n<p>Optimiza tu sistema de videovigilancia con el DVR DAHUA DH-XVR1B04H-I, ideal para peque\u00f1as y medianas instalaciones. Compatible con c\u00e1maras an\u00e1logas e IP, ofrece una grabaci\u00f3n n\u00edtida y funciones inteligentes para tu seguridad.<\/p>\n<p>\u2714\ufe0f Marca: Dahua<br \/>\n\u2714\ufe0f Modelo: DH-XVR1B04H-I<br \/>\n\u2714\ufe0f Resoluci\u00f3n: 5M-N \/ 1080p<br \/>\n\u2714\ufe0f Soporta: 4 canales TURBO (an\u00e1logos) + 2 canales IP = 6 canales en total<br \/>\n\u2714\ufe0f Compresi\u00f3n: H.265+ \/ H.265 dual stream<br \/>\n\u2714\ufe0f Entradas de video: HDCVI \/ AHD \/ TVI \/ CVBS \/ IP<br \/>\n\u2714\ufe0f Salidas simult\u00e1neas: HDMI y VGA (Full HD)<br \/>\n\u2714\ufe0f Modos de grabaci\u00f3n: General, detecci\u00f3n de movimiento, alarma, POS<br \/>\n\u2714\ufe0f Soporta c\u00e1maras con audio<br \/>\n\u2714\ufe0f Puerto de red: RJ-45 10\/100 Mbps<br \/>\n\u2714\ufe0f Soporta 1 disco duro de hasta 16TB (no incluido)<br \/>\n\u2714\ufe0f Fuente de poder: 12V DC \u2013 1.5 A<br \/>\n\u2714\ufe0f Dimensiones: 197 \u00d7 203.4 \u00d7 41.5 mm<br \/>\n\u2714\ufe0f Peso: 1.2 kg<\/p>\n<p>\ud83d\udce6 Incluye:<br \/>\n\u2022 1 DVR 4CH<\/p>\n<p>\ud83d\udcde Contacto: +593984123231<\/p>","protected":false},"featured_media":20711,"comment_status":"open","ping_status":"closed","template":"","meta":{"_acf_changed":false},"product_brand":[],"product_cat":[584,547],"product_tag":[],"class_list":{"0":"post-20722","1":"product","2":"type-product","3":"status-publish","4":"has-post-thumbnail","6":"product_cat-camaras","7":"product_cat-tecnologia-del-hogar","9":"first","10":"outofstock","11":"sale","12":"taxable","13":"shipping-taxable","14":"purchasable","15":"product-type-simple"},"acf":[],"_links":{"self":[{"href":"https:\/\/tiendaflex.ec\/en\/wp-json\/wp\/v2\/product\/20722","targetHints":{"allow":["GET"]}}],"collection":[{"href":"https:\/\/tiendaflex.ec\/en\/wp-json\/wp\/v2\/product"}],"about":[{"href":"https:\/\/tiendaflex.ec\/en\/wp-json\/wp\/v2\/types\/product"}],"replies":[{"embeddable":true,"href":"https:\/\/tiendaflex.ec\/en\/wp-json\/wp\/v2\/comments?post=20722"}],"version-history":[{"count":1,"href":"https:\/\/tiendaflex.ec\/en\/wp-json\/wp\/v2\/product\/20722\/revisions"}],"predecessor-version":[{"id":20723,"href":"https:\/\/tiendaflex.ec\/en\/wp-json\/wp\/v2\/product\/20722\/revisions\/20723"}],"wp:featuredmedia":[{"embeddable":true,"href":"https:\/\/tiendaflex.ec\/en\/wp-json\/wp\/v2\/media\/20711"}],"wp:attachment":[{"href":"https:\/\/tiendaflex.ec\/en\/wp-json\/wp\/v2\/media?parent=20722"}],"wp:term":[{"taxonomy":"product_brand","embeddable":true,"href":"https:\/\/tiendaflex.ec\/en\/wp-json\/wp\/v2\/product_brand?post=20722"},{"taxonomy":"product_cat","embeddable":true,"href":"https:\/\/tiendaflex.ec\/en\/wp-json\/wp\/v2\/product_cat?post=20722"},{"taxonomy":"product_tag","embeddable":true,"href":"https:\/\/tiendaflex.ec\/en\/wp-json\/wp\/v2\/product_tag?post=20722"}],"curies":[{"name":"wp","href":"https:\/\/api.w.org\/{rel}","templated":true}]}}