{"id":20692,"date":"2025-07-10T03:53:03","date_gmt":"2025-07-10T08:53:03","guid":{"rendered":"https:\/\/tiendaflex.ec\/?post_type=product&#038;p=20692"},"modified":"2025-07-14T19:40:16","modified_gmt":"2025-07-15T00:40:16","slug":"sala-imperio-lux","status":"publish","type":"product","link":"https:\/\/tiendaflex.ec\/en\/product\/sala-imperio-lux\/","title":{"rendered":"SALA IMPERIO LUX"},"content":{"rendered":"","protected":false},"excerpt":{"rendered":"<p>Vive el m\u00e1ximo confort y estilo con la Sala Imperio Lux, un conjunto completo que combina dise\u00f1o, amplitud y personalizaci\u00f3n para transformar tu hogar en un espacio de lujo.<\/p>\n<p>\u2714\ufe0f Estructura en madera Laurel Negro del Oriente<br \/>\n\u2714\ufe0f Tratamiento anti-insectos y microorganismos<br \/>\n\u2714\ufe0f Espuma de alta densidad para un descanso superior<br \/>\n\u2714\ufe0f Tapiz y color de la madera personalizables seg\u00fan el gusto del cliente<br \/>\n\u2714\ufe0f Dise\u00f1o de alto impacto visual y comodidad envolvente<\/p>\n<p>\ud83e\ude91 Incluye:<br \/>\n\u2022 1 sof\u00e1 triple<br \/>\n\u2022 1 sof\u00e1 doble<br \/>\n\u2022 2 poltronas individuales<br \/>\n\u2022 1 puff redondo<br \/>\n\u2022 10 cojines decorativos<\/p>\n<p>\ud83d\udeab No incluye mesa de centro<\/p>\n<p>\ud83d\udcd0 Medidas:<br \/>\n\u2022 Triple: Alto 84 cm | Ancho 197 cm | Profundidad 83 cm | Asiento 46 cm<br \/>\n\u2022 Doble: Alto 84 cm | Ancho 156 cm | Profundidad 83 cm | Asiento 46 cm<br \/>\n\u2022 Poltronas: Alto 92 cm | Ancho 76 cm | Profundidad 75 cm | Asiento 54 cm<br \/>\n\u2022 Puff: Alto 48 cm | Di\u00e1metro 44 cm<\/p>\n<p>\ud83d\udcde Contacto: +593984123231<\/p>","protected":false},"featured_media":20880,"comment_status":"open","ping_status":"closed","template":"","meta":{"_acf_changed":false},"product_brand":[],"product_cat":[542,604],"product_tag":[],"class_list":{"0":"post-20692","1":"product","2":"type-product","3":"status-publish","4":"has-post-thumbnail","6":"product_cat-muebles","7":"product_cat-sofas","9":"first","10":"instock","11":"sale","12":"taxable","13":"shipping-taxable","14":"purchasable","15":"product-type-simple"},"acf":[],"_links":{"self":[{"href":"https:\/\/tiendaflex.ec\/en\/wp-json\/wp\/v2\/product\/20692","targetHints":{"allow":["GET"]}}],"collection":[{"href":"https:\/\/tiendaflex.ec\/en\/wp-json\/wp\/v2\/product"}],"about":[{"href":"https:\/\/tiendaflex.ec\/en\/wp-json\/wp\/v2\/types\/product"}],"replies":[{"embeddable":true,"href":"https:\/\/tiendaflex.ec\/en\/wp-json\/wp\/v2\/comments?post=20692"}],"version-history":[{"count":1,"href":"https:\/\/tiendaflex.ec\/en\/wp-json\/wp\/v2\/product\/20692\/revisions"}],"predecessor-version":[{"id":20693,"href":"https:\/\/tiendaflex.ec\/en\/wp-json\/wp\/v2\/product\/20692\/revisions\/20693"}],"wp:featuredmedia":[{"embeddable":true,"href":"https:\/\/tiendaflex.ec\/en\/wp-json\/wp\/v2\/media\/20880"}],"wp:attachment":[{"href":"https:\/\/tiendaflex.ec\/en\/wp-json\/wp\/v2\/media?parent=20692"}],"wp:term":[{"taxonomy":"product_brand","embeddable":true,"href":"https:\/\/tiendaflex.ec\/en\/wp-json\/wp\/v2\/product_brand?post=20692"},{"taxonomy":"product_cat","embeddable":true,"href":"https:\/\/tiendaflex.ec\/en\/wp-json\/wp\/v2\/product_cat?post=20692"},{"taxonomy":"product_tag","embeddable":true,"href":"https:\/\/tiendaflex.ec\/en\/wp-json\/wp\/v2\/product_tag?post=20692"}],"curies":[{"name":"wp","href":"https:\/\/api.w.org\/{rel}","templated":true}]}}