{"id":20689,"date":"2025-07-10T03:51:05","date_gmt":"2025-07-10T08:51:05","guid":{"rendered":"https:\/\/tiendaflex.ec\/?post_type=product&#038;p=20689"},"modified":"2025-07-14T19:39:48","modified_gmt":"2025-07-15T00:39:48","slug":"sala-milan","status":"publish","type":"product","link":"https:\/\/tiendaflex.ec\/en\/product\/sala-milan\/","title":{"rendered":"SALA MIL\u00c1N"},"content":{"rendered":"","protected":false},"excerpt":{"rendered":"<p>Disfruta de tus espacios con elegancia y comodidad con la Sala Esquinera Mil\u00e1n, una opci\u00f3n sofisticada y funcional para realzar cualquier sala con estilo contempor\u00e1neo.<\/p>\n<p>\u2714\ufe0f Estructura en madera Laurel Negro del Oriente<br \/>\n\u2714\ufe0f Tratamiento anti-insectos y microorganismos<br \/>\n\u2714\ufe0f Espuma de alta densidad para m\u00e1xima comodidad<br \/>\n\u2714\ufe0f Tapiz y color de madera personalizable al gusto del cliente<br \/>\n\u2714\ufe0f Dise\u00f1o en L ideal para aprovechar esquinas con estilo<\/p>\n<p>\ud83d\udecf\ufe0f Incluye:<br \/>\n\u2022 8 cojines peque\u00f1os decorativos<\/p>\n<p>\ud83d\udeab No incluye mesa de centro<\/p>\n<p>\ud83d\udcd0 Medidas generales:<br \/>\n\u2022 Alto: 90 cm<br \/>\n\u2022 Ancho: 259 cm<br \/>\n\u2022 Profundidad: 278 cm<br \/>\n\u2022 Alto del asiento: 45 cm<\/p>\n<p>\ud83d\udcde Contacto: +593984123231<\/p>","protected":false},"featured_media":20881,"comment_status":"open","ping_status":"closed","template":"","meta":{"_acf_changed":false},"product_brand":[],"product_cat":[542,579],"product_tag":[],"class_list":{"0":"post-20689","1":"product","2":"type-product","3":"status-publish","4":"has-post-thumbnail","6":"product_cat-muebles","7":"product_cat-salas","9":"first","10":"instock","11":"sale","12":"taxable","13":"shipping-taxable","14":"purchasable","15":"product-type-simple"},"acf":[],"_links":{"self":[{"href":"https:\/\/tiendaflex.ec\/en\/wp-json\/wp\/v2\/product\/20689","targetHints":{"allow":["GET"]}}],"collection":[{"href":"https:\/\/tiendaflex.ec\/en\/wp-json\/wp\/v2\/product"}],"about":[{"href":"https:\/\/tiendaflex.ec\/en\/wp-json\/wp\/v2\/types\/product"}],"replies":[{"embeddable":true,"href":"https:\/\/tiendaflex.ec\/en\/wp-json\/wp\/v2\/comments?post=20689"}],"version-history":[{"count":2,"href":"https:\/\/tiendaflex.ec\/en\/wp-json\/wp\/v2\/product\/20689\/revisions"}],"predecessor-version":[{"id":20884,"href":"https:\/\/tiendaflex.ec\/en\/wp-json\/wp\/v2\/product\/20689\/revisions\/20884"}],"wp:featuredmedia":[{"embeddable":true,"href":"https:\/\/tiendaflex.ec\/en\/wp-json\/wp\/v2\/media\/20881"}],"wp:attachment":[{"href":"https:\/\/tiendaflex.ec\/en\/wp-json\/wp\/v2\/media?parent=20689"}],"wp:term":[{"taxonomy":"product_brand","embeddable":true,"href":"https:\/\/tiendaflex.ec\/en\/wp-json\/wp\/v2\/product_brand?post=20689"},{"taxonomy":"product_cat","embeddable":true,"href":"https:\/\/tiendaflex.ec\/en\/wp-json\/wp\/v2\/product_cat?post=20689"},{"taxonomy":"product_tag","embeddable":true,"href":"https:\/\/tiendaflex.ec\/en\/wp-json\/wp\/v2\/product_tag?post=20689"}],"curies":[{"name":"wp","href":"https:\/\/api.w.org\/{rel}","templated":true}]}}