{"id":20630,"date":"2025-07-09T00:29:28","date_gmt":"2025-07-09T05:29:28","guid":{"rendered":"https:\/\/tiendaflex.ec\/?post_type=product&#038;p=20630"},"modified":"2025-07-09T00:29:28","modified_gmt":"2025-07-09T05:29:28","slug":"th10-audifonos-bluetooth","status":"publish","type":"product","link":"https:\/\/tiendaflex.ec\/en\/product\/th10-audifonos-bluetooth\/","title":{"rendered":"TH10 &#8211; AUD\u00cdFONOS BLUETOOTH"},"content":{"rendered":"","protected":false},"excerpt":{"rendered":"<p>\ud83c\udfb5 Disfruta de tu m\u00fasica y llamadas con sonido claro y libertad inal\u00e1mbrica<br \/>\nAud\u00edfonos tipo diadema dise\u00f1ados para acompa\u00f1arte todo el d\u00eda con gran autonom\u00eda y alcance.<\/p>\n<p>\u2714\ufe0f Marca: Lenovo \u2013 Modelo: TH10<br \/>\n\u2714\ufe0f Bluetooth 5.1 para conexi\u00f3n estable y r\u00e1pida<br \/>\n\u2714\ufe0f Bater\u00eda de 300mAh para largas horas de uso<br \/>\n\u2714\ufe0f Alcance de transmisi\u00f3n de hasta 10 metros<br \/>\n\u2714\ufe0f Dise\u00f1o c\u00f3modo y ergon\u00f3mico<\/p>\n<p>\ud83d\udce6 Contenido del empaque:<br \/>\n\u2022 1 Auricular TH10<br \/>\n\u2022 1 Cable auxiliar<br \/>\n\u2022 1 Manual de usuario<\/p>\n<p>\ud83d\udcde Contacto: +593984123231<\/p>","protected":false},"featured_media":20586,"comment_status":"open","ping_status":"closed","template":"","meta":{"_acf_changed":false},"product_brand":[],"product_cat":[682,633],"product_tag":[],"class_list":{"0":"post-20630","1":"product","2":"type-product","3":"status-publish","4":"has-post-thumbnail","6":"product_cat-audifonos","7":"product_cat-tecnologia","9":"first","10":"instock","11":"sale","12":"taxable","13":"shipping-taxable","14":"purchasable","15":"product-type-simple"},"acf":[],"_links":{"self":[{"href":"https:\/\/tiendaflex.ec\/en\/wp-json\/wp\/v2\/product\/20630","targetHints":{"allow":["GET"]}}],"collection":[{"href":"https:\/\/tiendaflex.ec\/en\/wp-json\/wp\/v2\/product"}],"about":[{"href":"https:\/\/tiendaflex.ec\/en\/wp-json\/wp\/v2\/types\/product"}],"replies":[{"embeddable":true,"href":"https:\/\/tiendaflex.ec\/en\/wp-json\/wp\/v2\/comments?post=20630"}],"version-history":[{"count":2,"href":"https:\/\/tiendaflex.ec\/en\/wp-json\/wp\/v2\/product\/20630\/revisions"}],"predecessor-version":[{"id":20632,"href":"https:\/\/tiendaflex.ec\/en\/wp-json\/wp\/v2\/product\/20630\/revisions\/20632"}],"wp:featuredmedia":[{"embeddable":true,"href":"https:\/\/tiendaflex.ec\/en\/wp-json\/wp\/v2\/media\/20586"}],"wp:attachment":[{"href":"https:\/\/tiendaflex.ec\/en\/wp-json\/wp\/v2\/media?parent=20630"}],"wp:term":[{"taxonomy":"product_brand","embeddable":true,"href":"https:\/\/tiendaflex.ec\/en\/wp-json\/wp\/v2\/product_brand?post=20630"},{"taxonomy":"product_cat","embeddable":true,"href":"https:\/\/tiendaflex.ec\/en\/wp-json\/wp\/v2\/product_cat?post=20630"},{"taxonomy":"product_tag","embeddable":true,"href":"https:\/\/tiendaflex.ec\/en\/wp-json\/wp\/v2\/product_tag?post=20630"}],"curies":[{"name":"wp","href":"https:\/\/api.w.org\/{rel}","templated":true}]}}