{"id":20624,"date":"2025-07-09T00:24:36","date_gmt":"2025-07-09T05:24:36","guid":{"rendered":"https:\/\/tiendaflex.ec\/?post_type=product&#038;p=20624"},"modified":"2025-07-09T00:24:36","modified_gmt":"2025-07-09T05:24:36","slug":"rtx3-modulo-de-expansion-inalambrica","status":"publish","type":"product","link":"https:\/\/tiendaflex.ec\/en\/product\/rtx3-modulo-de-expansion-inalambrica\/","title":{"rendered":"RTX3 &#8211; M\u00d3DULO DE EXPANSI\u00d3N INAL\u00c1MBRICA"},"content":{"rendered":"","protected":false},"excerpt":{"rendered":"<p>\ud83d\udcf6 Expande tu sistema de seguridad EVO con soporte para sirenas inal\u00e1mbricas Paradox<br \/>\nIdeal para sistemas que requieren mayor cobertura y conectividad sin comprometer la seguridad.<\/p>\n<p>\u2714\ufe0f Compatible con sirenas inal\u00e1mbricas Paradox SR130 y SR150<br \/>\n\u2714\ufe0f Soporte para EVO a trav\u00e9s del m\u00f3dulo RTX3<br \/>\n\u2714\ufe0f Permite la conexi\u00f3n de una sola unidad RTX3 a sirenas inal\u00e1mbricas<br \/>\n\u2714\ufe0f Requiere actualizaci\u00f3n de firmware para habilitar la funci\u00f3n<br \/>\n\u2714\ufe0f Programaci\u00f3n r\u00e1pida del n\u00famero de serie desde la secci\u00f3n [2850]<br \/>\n\u2714\ufe0f Configuraci\u00f3n disponible v\u00eda BabyWare o teclado f\u00edsico<br \/>\n\u2714\ufe0f Dise\u00f1ado para una integraci\u00f3n completa y estable<\/p>\n<p>\ud83d\udcde Contacto: +593984123231<\/p>\n","protected":false},"featured_media":20584,"comment_status":"open","ping_status":"closed","template":"","meta":{"_acf_changed":false},"product_brand":[],"product_cat":[676,547],"product_tag":[],"class_list":{"0":"post-20624","1":"product","2":"type-product","3":"status-publish","4":"has-post-thumbnail","6":"product_cat-equipos-de-red","7":"product_cat-tecnologia-del-hogar","9":"first","10":"instock","11":"sale","12":"taxable","13":"shipping-taxable","14":"purchasable","15":"product-type-simple"},"acf":[],"_links":{"self":[{"href":"https:\/\/tiendaflex.ec\/en\/wp-json\/wp\/v2\/product\/20624","targetHints":{"allow":["GET"]}}],"collection":[{"href":"https:\/\/tiendaflex.ec\/en\/wp-json\/wp\/v2\/product"}],"about":[{"href":"https:\/\/tiendaflex.ec\/en\/wp-json\/wp\/v2\/types\/product"}],"replies":[{"embeddable":true,"href":"https:\/\/tiendaflex.ec\/en\/wp-json\/wp\/v2\/comments?post=20624"}],"version-history":[{"count":2,"href":"https:\/\/tiendaflex.ec\/en\/wp-json\/wp\/v2\/product\/20624\/revisions"}],"predecessor-version":[{"id":20626,"href":"https:\/\/tiendaflex.ec\/en\/wp-json\/wp\/v2\/product\/20624\/revisions\/20626"}],"wp:featuredmedia":[{"embeddable":true,"href":"https:\/\/tiendaflex.ec\/en\/wp-json\/wp\/v2\/media\/20584"}],"wp:attachment":[{"href":"https:\/\/tiendaflex.ec\/en\/wp-json\/wp\/v2\/media?parent=20624"}],"wp:term":[{"taxonomy":"product_brand","embeddable":true,"href":"https:\/\/tiendaflex.ec\/en\/wp-json\/wp\/v2\/product_brand?post=20624"},{"taxonomy":"product_cat","embeddable":true,"href":"https:\/\/tiendaflex.ec\/en\/wp-json\/wp\/v2\/product_cat?post=20624"},{"taxonomy":"product_tag","embeddable":true,"href":"https:\/\/tiendaflex.ec\/en\/wp-json\/wp\/v2\/product_tag?post=20624"}],"curies":[{"name":"wp","href":"https:\/\/api.w.org\/{rel}","templated":true}]}}