{"id":20621,"date":"2025-07-09T00:20:58","date_gmt":"2025-07-09T05:20:58","guid":{"rendered":"https:\/\/tiendaflex.ec\/?post_type=product&#038;p=20621"},"modified":"2025-07-09T00:20:58","modified_gmt":"2025-07-09T05:20:58","slug":"ps1-i-wb-sirena-inalambrica","status":"publish","type":"product","link":"https:\/\/tiendaflex.ec\/en\/product\/ps1-i-wb-sirena-inalambrica\/","title":{"rendered":"PS1-I-WB &#8211; SIRENA INAL\u00c1MBRICA"},"content":{"rendered":"","protected":false},"excerpt":{"rendered":"<p>\ud83d\udea8 Potente, segura y f\u00e1cil de instalar. Protege tu espacio con tecnolog\u00eda Hikvision.<\/p>\n<p>\u2714\ufe0f Comunicaci\u00f3n inal\u00e1mbrica bidireccional 433 MHz<br \/>\n\u2714\ufe0f Aviso de armado\/desarmado + indicador LED<br \/>\n\u2714\ufe0f Bater\u00eda con duraci\u00f3n de hasta 3 a\u00f1os<br \/>\n\u2714\ufe0f Cifrado seguro AES-128<br \/>\n\u2714\ufe0f Protecci\u00f3n anti-manipulaci\u00f3n frontal y trasera<br \/>\n\u2714\ufe0f 3 tipos de alarma:<br \/>\n\u2022 Incendio<br \/>\n\u2022 P\u00e1nico<br \/>\n\u2022 Intrusi\u00f3n<br \/>\n\u2714\ufe0f Volumen configurable: 90 &#8211; 110 dB<br \/>\n\u2714\ufe0f Configuraci\u00f3n remota v\u00eda app<br \/>\n\u2714\ufe0f Instalaci\u00f3n r\u00e1pida con m\u00faltiples m\u00e9todos de inscripci\u00f3n<br \/>\n\u2714\ufe0f Tecnolog\u00eda de salto de frecuencia para evitar interferencias<\/p>\n<p>\ud83d\udcde Contacto: +593984123231<\/p>","protected":false},"featured_media":20583,"comment_status":"open","ping_status":"closed","template":"","meta":{"_acf_changed":false},"product_brand":[],"product_cat":[605,580,547],"product_tag":[],"class_list":{"0":"post-20621","1":"product","2":"type-product","3":"status-publish","4":"has-post-thumbnail","6":"product_cat-accesorios-y-herramientas","7":"product_cat-alarmas","8":"product_cat-tecnologia-del-hogar","10":"first","11":"instock","12":"sale","13":"taxable","14":"shipping-taxable","15":"purchasable","16":"product-type-simple"},"acf":[],"_links":{"self":[{"href":"https:\/\/tiendaflex.ec\/en\/wp-json\/wp\/v2\/product\/20621","targetHints":{"allow":["GET"]}}],"collection":[{"href":"https:\/\/tiendaflex.ec\/en\/wp-json\/wp\/v2\/product"}],"about":[{"href":"https:\/\/tiendaflex.ec\/en\/wp-json\/wp\/v2\/types\/product"}],"replies":[{"embeddable":true,"href":"https:\/\/tiendaflex.ec\/en\/wp-json\/wp\/v2\/comments?post=20621"}],"version-history":[{"count":2,"href":"https:\/\/tiendaflex.ec\/en\/wp-json\/wp\/v2\/product\/20621\/revisions"}],"predecessor-version":[{"id":20623,"href":"https:\/\/tiendaflex.ec\/en\/wp-json\/wp\/v2\/product\/20621\/revisions\/20623"}],"wp:featuredmedia":[{"embeddable":true,"href":"https:\/\/tiendaflex.ec\/en\/wp-json\/wp\/v2\/media\/20583"}],"wp:attachment":[{"href":"https:\/\/tiendaflex.ec\/en\/wp-json\/wp\/v2\/media?parent=20621"}],"wp:term":[{"taxonomy":"product_brand","embeddable":true,"href":"https:\/\/tiendaflex.ec\/en\/wp-json\/wp\/v2\/product_brand?post=20621"},{"taxonomy":"product_cat","embeddable":true,"href":"https:\/\/tiendaflex.ec\/en\/wp-json\/wp\/v2\/product_cat?post=20621"},{"taxonomy":"product_tag","embeddable":true,"href":"https:\/\/tiendaflex.ec\/en\/wp-json\/wp\/v2\/product_tag?post=20621"}],"curies":[{"name":"wp","href":"https:\/\/api.w.org\/{rel}","templated":true}]}}