{"id":20612,"date":"2025-07-09T00:10:24","date_gmt":"2025-07-09T05:10:24","guid":{"rendered":"https:\/\/tiendaflex.ec\/?post_type=product&#038;p=20612"},"modified":"2025-07-09T00:11:32","modified_gmt":"2025-07-09T05:11:32","slug":"k1t805-control-total-de-acceso","status":"publish","type":"product","link":"https:\/\/tiendaflex.ec\/en\/product\/k1t805-control-total-de-acceso\/","title":{"rendered":"K1T805 &#8211; CONTROL TOTAL DE ACCESO"},"content":{"rendered":"","protected":false},"excerpt":{"rendered":"<p>\ud83d\udeaa Terminal de Control de Acceso Hikvision<br \/>\nM\u00e1xima seguridad, dise\u00f1o elegante y m\u00faltiples m\u00e9todos de autenticaci\u00f3n. Ideal para oficinas, edificios, f\u00e1bricas o cualquier espacio que requiera control preciso de ingreso.<\/p>\n<p>\u2714\ufe0f Protecci\u00f3n robusta: Certificaci\u00f3n IP65 e IK08<br \/>\n\u2714\ufe0f Dise\u00f1o met\u00e1lico delgado y flexible<br \/>\n\u2714\ufe0f Amplio almacenamiento:<br \/>\n\u2022 3.000 huellas dactilares<br \/>\n\u2022 10.000 tarjetas<br \/>\n\u2022 100.000 eventos<br \/>\n\u2714\ufe0f Lector de tarjetas M1 integrado<br \/>\n\u2714\ufe0f Compatible con la app m\u00f3vil Hik-Connect<br \/>\n\u2714\ufe0f Configuraci\u00f3n v\u00eda AP, web PC o m\u00f3vil<br \/>\n\u2714\ufe0f Autenticaci\u00f3n m\u00faltiple: tarjeta, huella, PIN y bluetooth<\/p>\n<p>\ud83d\udcde Contacto: +593984123231<\/p>","protected":false},"featured_media":20580,"comment_status":"open","ping_status":"closed","template":"","meta":{"_acf_changed":false},"product_brand":[],"product_cat":[593,547],"product_tag":[],"class_list":{"0":"post-20612","1":"product","2":"type-product","3":"status-publish","4":"has-post-thumbnail","6":"product_cat-control-de-accesos","7":"product_cat-tecnologia-del-hogar","9":"first","10":"instock","11":"sale","12":"taxable","13":"shipping-taxable","14":"purchasable","15":"product-type-simple"},"acf":[],"_links":{"self":[{"href":"https:\/\/tiendaflex.ec\/en\/wp-json\/wp\/v2\/product\/20612","targetHints":{"allow":["GET"]}}],"collection":[{"href":"https:\/\/tiendaflex.ec\/en\/wp-json\/wp\/v2\/product"}],"about":[{"href":"https:\/\/tiendaflex.ec\/en\/wp-json\/wp\/v2\/types\/product"}],"replies":[{"embeddable":true,"href":"https:\/\/tiendaflex.ec\/en\/wp-json\/wp\/v2\/comments?post=20612"}],"version-history":[{"count":1,"href":"https:\/\/tiendaflex.ec\/en\/wp-json\/wp\/v2\/product\/20612\/revisions"}],"predecessor-version":[{"id":20613,"href":"https:\/\/tiendaflex.ec\/en\/wp-json\/wp\/v2\/product\/20612\/revisions\/20613"}],"wp:featuredmedia":[{"embeddable":true,"href":"https:\/\/tiendaflex.ec\/en\/wp-json\/wp\/v2\/media\/20580"}],"wp:attachment":[{"href":"https:\/\/tiendaflex.ec\/en\/wp-json\/wp\/v2\/media?parent=20612"}],"wp:term":[{"taxonomy":"product_brand","embeddable":true,"href":"https:\/\/tiendaflex.ec\/en\/wp-json\/wp\/v2\/product_brand?post=20612"},{"taxonomy":"product_cat","embeddable":true,"href":"https:\/\/tiendaflex.ec\/en\/wp-json\/wp\/v2\/product_cat?post=20612"},{"taxonomy":"product_tag","embeddable":true,"href":"https:\/\/tiendaflex.ec\/en\/wp-json\/wp\/v2\/product_tag?post=20612"}],"curies":[{"name":"wp","href":"https:\/\/api.w.org\/{rel}","templated":true}]}}