{"id":20605,"date":"2025-07-09T00:05:10","date_gmt":"2025-07-09T05:05:10","guid":{"rendered":"https:\/\/tiendaflex.ec\/?post_type=product&#038;p=20605"},"modified":"2025-07-09T00:05:35","modified_gmt":"2025-07-09T05:05:35","slug":"ds-kd-m-modulo-lector-de-tarjetas","status":"publish","type":"product","link":"https:\/\/tiendaflex.ec\/en\/product\/ds-kd-m-modulo-lector-de-tarjetas\/","title":{"rendered":"KD-M &#8211; M\u00d3DULO LECTOR DE TARJETAS"},"content":{"rendered":"","protected":false},"excerpt":{"rendered":"<p>Optimiza tu sistema de control de acceso con este m\u00f3dulo lector de tarjetas M1, ideal para instalaciones seguras y de alto rendimiento.<\/p>\n<p>\ud83d\udccc CARACTER\u00cdSTICAS DESTACADAS:<br \/>\n\u2714\ufe0f Compatible con estaciones modulares Hikvision serie KD8<br \/>\n\u2714\ufe0f Desbloqueo de puertas mediante deslizamiento de tarjeta<br \/>\n\u2714\ufe0f Emisi\u00f3n y administraci\u00f3n de tarjetas directamente desde el m\u00f3dulo<br \/>\n\u2714\ufe0f Nivel de protecci\u00f3n IP65 (resistente al agua y al polvo)<br \/>\n\u2714\ufe0f Luz de fondo integrada para mejor visibilidad<br \/>\n\u2714\ufe0f Dise\u00f1o f\u00e1cil de instalar y expandir seg\u00fan tus necesidades<\/p>\n<p>\ud83d\udcf2 Cont\u00e1ctanos: +593984123231<\/p>","protected":false},"featured_media":20592,"comment_status":"open","ping_status":"closed","template":"","meta":{"_acf_changed":false},"product_brand":[],"product_cat":[593,547],"product_tag":[],"class_list":{"0":"post-20605","1":"product","2":"type-product","3":"status-publish","4":"has-post-thumbnail","6":"product_cat-control-de-accesos","7":"product_cat-tecnologia-del-hogar","9":"first","10":"instock","11":"sale","12":"taxable","13":"shipping-taxable","14":"purchasable","15":"product-type-simple"},"acf":[],"_links":{"self":[{"href":"https:\/\/tiendaflex.ec\/en\/wp-json\/wp\/v2\/product\/20605","targetHints":{"allow":["GET"]}}],"collection":[{"href":"https:\/\/tiendaflex.ec\/en\/wp-json\/wp\/v2\/product"}],"about":[{"href":"https:\/\/tiendaflex.ec\/en\/wp-json\/wp\/v2\/types\/product"}],"replies":[{"embeddable":true,"href":"https:\/\/tiendaflex.ec\/en\/wp-json\/wp\/v2\/comments?post=20605"}],"version-history":[{"count":3,"href":"https:\/\/tiendaflex.ec\/en\/wp-json\/wp\/v2\/product\/20605\/revisions"}],"predecessor-version":[{"id":20608,"href":"https:\/\/tiendaflex.ec\/en\/wp-json\/wp\/v2\/product\/20605\/revisions\/20608"}],"wp:featuredmedia":[{"embeddable":true,"href":"https:\/\/tiendaflex.ec\/en\/wp-json\/wp\/v2\/media\/20592"}],"wp:attachment":[{"href":"https:\/\/tiendaflex.ec\/en\/wp-json\/wp\/v2\/media?parent=20605"}],"wp:term":[{"taxonomy":"product_brand","embeddable":true,"href":"https:\/\/tiendaflex.ec\/en\/wp-json\/wp\/v2\/product_brand?post=20605"},{"taxonomy":"product_cat","embeddable":true,"href":"https:\/\/tiendaflex.ec\/en\/wp-json\/wp\/v2\/product_cat?post=20605"},{"taxonomy":"product_tag","embeddable":true,"href":"https:\/\/tiendaflex.ec\/en\/wp-json\/wp\/v2\/product_tag?post=20605"}],"curies":[{"name":"wp","href":"https:\/\/api.w.org\/{rel}","templated":true}]}}