{"id":20598,"date":"2025-07-08T23:59:18","date_gmt":"2025-07-09T04:59:18","guid":{"rendered":"https:\/\/tiendaflex.ec\/?post_type=product&#038;p=20598"},"modified":"2025-09-02T23:44:22","modified_gmt":"2025-09-03T04:44:22","slug":"kit-6-camaras-1080p-dahua","status":"publish","type":"product","link":"https:\/\/tiendaflex.ec\/en\/product\/kit-6-camaras-1080p-dahua\/","title":{"rendered":"KIT 6 C\u00c1MARAS 1080P DAHUA"},"content":{"rendered":"","protected":false},"excerpt":{"rendered":"<p>\u00a1Monitorea en tiempo real desde tu PC o celular, est\u00e9s donde est\u00e9s! Instalaci\u00f3n sencilla, visualizaci\u00f3n gratuita y calidad profesional.<\/p>\n<p>\ud83d\udcf8 CARACTER\u00cdSTICAS DESTACADAS:<br \/>\n\u2714\ufe0f Resoluci\u00f3n Full HD 2MP (1920 \u00d7 1080)<br \/>\n\u2714\ufe0f Lente fija de 3.6mm (opcional 2.8mm \/ 6mm)<br \/>\n\u2714\ufe0f Salida de video 4 en 1: CVI \/ CVBS \/ AHD \/ TVI<br \/>\n\u2714\ufe0f Visi\u00f3n nocturna IR inteligente hasta 20m<br \/>\n\u2714\ufe0f Protecci\u00f3n IP67 contra polvo y agua<\/p>\n<p>\ud83d\udce6 INCLUYE:<br \/>\n\u2705 1 DVR de 8 canales + 4 canales IP<br \/>\n\u2705 3 C\u00e1maras domo 1080P pl\u00e1sticas<br \/>\n\u2705 3 C\u00e1maras tipo tubo 1080P pl\u00e1sticas<br \/>\n\u2705 6 Pares de video balun<br \/>\n\u2705 6 Fuentes de poder 12V 1A<\/p>\n<p>\u274c NO INCLUYE:<br \/>\n\u2013 Disco duro<br \/>\n\u2013 Cable UTP<\/p>\n<p>\ud83d\udcf2 Cont\u00e1ctanos: +593984123231<\/p>","protected":false},"featured_media":20589,"comment_status":"open","ping_status":"closed","template":"","meta":{"_acf_changed":false},"product_brand":[],"product_cat":[584,547],"product_tag":[],"class_list":{"0":"post-20598","1":"product","2":"type-product","3":"status-publish","4":"has-post-thumbnail","6":"product_cat-camaras","7":"product_cat-tecnologia-del-hogar","9":"first","10":"outofstock","11":"sale","12":"taxable","13":"shipping-taxable","14":"purchasable","15":"product-type-simple"},"acf":[],"_links":{"self":[{"href":"https:\/\/tiendaflex.ec\/en\/wp-json\/wp\/v2\/product\/20598","targetHints":{"allow":["GET"]}}],"collection":[{"href":"https:\/\/tiendaflex.ec\/en\/wp-json\/wp\/v2\/product"}],"about":[{"href":"https:\/\/tiendaflex.ec\/en\/wp-json\/wp\/v2\/types\/product"}],"replies":[{"embeddable":true,"href":"https:\/\/tiendaflex.ec\/en\/wp-json\/wp\/v2\/comments?post=20598"}],"version-history":[{"count":1,"href":"https:\/\/tiendaflex.ec\/en\/wp-json\/wp\/v2\/product\/20598\/revisions"}],"predecessor-version":[{"id":20599,"href":"https:\/\/tiendaflex.ec\/en\/wp-json\/wp\/v2\/product\/20598\/revisions\/20599"}],"wp:featuredmedia":[{"embeddable":true,"href":"https:\/\/tiendaflex.ec\/en\/wp-json\/wp\/v2\/media\/20589"}],"wp:attachment":[{"href":"https:\/\/tiendaflex.ec\/en\/wp-json\/wp\/v2\/media?parent=20598"}],"wp:term":[{"taxonomy":"product_brand","embeddable":true,"href":"https:\/\/tiendaflex.ec\/en\/wp-json\/wp\/v2\/product_brand?post=20598"},{"taxonomy":"product_cat","embeddable":true,"href":"https:\/\/tiendaflex.ec\/en\/wp-json\/wp\/v2\/product_cat?post=20598"},{"taxonomy":"product_tag","embeddable":true,"href":"https:\/\/tiendaflex.ec\/en\/wp-json\/wp\/v2\/product_tag?post=20598"}],"curies":[{"name":"wp","href":"https:\/\/api.w.org\/{rel}","templated":true}]}}