{"id":20569,"date":"2025-07-07T19:41:11","date_gmt":"2025-07-08T00:41:11","guid":{"rendered":"https:\/\/tiendaflex.ec\/?post_type=product&#038;p=20569"},"modified":"2025-07-07T19:41:11","modified_gmt":"2025-07-08T00:41:11","slug":"audifonos-lp12-inalambricos","status":"publish","type":"product","link":"https:\/\/tiendaflex.ec\/en\/product\/audifonos-lp12-inalambricos\/","title":{"rendered":"AUD\u00cdFONOS LP12 INAL\u00c1MBRICOS"},"content":{"rendered":"","protected":false},"excerpt":{"rendered":"<p>Disfruta de libertad y calidad en cada canci\u00f3n con los aud\u00edfonos inal\u00e1mbricos ThinkPlus LP12, dise\u00f1ados para ofrecer comodidad y un audio impecable.<\/p>\n<p>\ud83d\udd0d CARACTER\u00cdSTICAS DESTACADAS:<br \/>\n\u2714\ufe0f Bluetooth 5.3 para conexi\u00f3n r\u00e1pida y estable<br \/>\n\u2714\ufe0f Alcance de transmisi\u00f3n de hasta 10 metros<br \/>\n\u2714\ufe0f Bater\u00eda de 250mAh con hasta 5 horas de reproducci\u00f3n continua<br \/>\n\u2714\ufe0f Entrada nominal de 5V para carga eficiente<br \/>\n\u2714\ufe0f Dise\u00f1o ergon\u00f3mico y color negro elegante<\/p>\n<p>\ud83d\udce6 INCLUYE:<br \/>\n\u2705 1 Par de auriculares<br \/>\n\u2705 Estuche de carga<br \/>\n\u2705 Cable de carga<br \/>\n\u2705 Manual de usuario<\/p>\n<p>\ud83d\udcf2 Cont\u00e1ctanos: +593984123231<\/p>","protected":false},"featured_media":20522,"comment_status":"open","ping_status":"closed","template":"","meta":{"_acf_changed":false},"product_brand":[],"product_cat":[682,633],"product_tag":[],"class_list":{"0":"post-20569","1":"product","2":"type-product","3":"status-publish","4":"has-post-thumbnail","6":"product_cat-audifonos","7":"product_cat-tecnologia","9":"first","10":"instock","11":"sale","12":"taxable","13":"shipping-taxable","14":"purchasable","15":"product-type-simple"},"acf":[],"_links":{"self":[{"href":"https:\/\/tiendaflex.ec\/en\/wp-json\/wp\/v2\/product\/20569","targetHints":{"allow":["GET"]}}],"collection":[{"href":"https:\/\/tiendaflex.ec\/en\/wp-json\/wp\/v2\/product"}],"about":[{"href":"https:\/\/tiendaflex.ec\/en\/wp-json\/wp\/v2\/types\/product"}],"replies":[{"embeddable":true,"href":"https:\/\/tiendaflex.ec\/en\/wp-json\/wp\/v2\/comments?post=20569"}],"version-history":[{"count":2,"href":"https:\/\/tiendaflex.ec\/en\/wp-json\/wp\/v2\/product\/20569\/revisions"}],"predecessor-version":[{"id":20571,"href":"https:\/\/tiendaflex.ec\/en\/wp-json\/wp\/v2\/product\/20569\/revisions\/20571"}],"wp:featuredmedia":[{"embeddable":true,"href":"https:\/\/tiendaflex.ec\/en\/wp-json\/wp\/v2\/media\/20522"}],"wp:attachment":[{"href":"https:\/\/tiendaflex.ec\/en\/wp-json\/wp\/v2\/media?parent=20569"}],"wp:term":[{"taxonomy":"product_brand","embeddable":true,"href":"https:\/\/tiendaflex.ec\/en\/wp-json\/wp\/v2\/product_brand?post=20569"},{"taxonomy":"product_cat","embeddable":true,"href":"https:\/\/tiendaflex.ec\/en\/wp-json\/wp\/v2\/product_cat?post=20569"},{"taxonomy":"product_tag","embeddable":true,"href":"https:\/\/tiendaflex.ec\/en\/wp-json\/wp\/v2\/product_tag?post=20569"}],"curies":[{"name":"wp","href":"https:\/\/api.w.org\/{rel}","templated":true}]}}