{"id":20566,"date":"2025-07-07T19:39:38","date_gmt":"2025-07-08T00:39:38","guid":{"rendered":"https:\/\/tiendaflex.ec\/?post_type=product&#038;p=20566"},"modified":"2025-07-07T19:39:38","modified_gmt":"2025-07-08T00:39:38","slug":"audifonos-lp1-pro-inalambricos","status":"publish","type":"product","link":"https:\/\/tiendaflex.ec\/en\/product\/audifonos-lp1-pro-inalambricos\/","title":{"rendered":"AUD\u00cdFONOS LP1 PRO INAL\u00c1MBRICOS"},"content":{"rendered":"","protected":false},"excerpt":{"rendered":"<p>Disfruta de una conexi\u00f3n estable y un sonido claro con los aud\u00edfonos inal\u00e1mbricos ThinkPlus LP1 Pro, ideales para acompa\u00f1arte en tu d\u00eda a d\u00eda.<\/p>\n<p>\ud83d\udd0d CARACTER\u00cdSTICAS DESTACADAS:<br \/>\n\u2714\ufe0f Bluetooth 5.3 para una conexi\u00f3n r\u00e1pida y estable<br \/>\n\u2714\ufe0f Alcance de hasta 10 metros<br \/>\n\u2714\ufe0f Capacidad de bater\u00eda de 250mAh<br \/>\n\u2714\ufe0f Tiempo de reproducci\u00f3n continua de 5 horas<br \/>\n\u2714\ufe0f Dise\u00f1o compacto y c\u00f3modo<br \/>\n\u2714\ufe0f Color: negro<\/p>\n<p>\ud83d\udce6 INCLUYE:<br \/>\n\u2705 1 Par de auriculares<br \/>\n\u2705 Estuche de carga<br \/>\n\u2705 Cable de carga<br \/>\n\u2705 Manual de usuario<\/p>\n<p>\ud83d\udcf2 Cont\u00e1ctanos: +593984123231<\/p>","protected":false},"featured_media":20521,"comment_status":"open","ping_status":"closed","template":"","meta":{"_acf_changed":false},"product_brand":[],"product_cat":[682,633],"product_tag":[],"class_list":{"0":"post-20566","1":"product","2":"type-product","3":"status-publish","4":"has-post-thumbnail","6":"product_cat-audifonos","7":"product_cat-tecnologia","9":"first","10":"instock","11":"sale","12":"taxable","13":"shipping-taxable","14":"purchasable","15":"product-type-simple"},"acf":[],"_links":{"self":[{"href":"https:\/\/tiendaflex.ec\/en\/wp-json\/wp\/v2\/product\/20566","targetHints":{"allow":["GET"]}}],"collection":[{"href":"https:\/\/tiendaflex.ec\/en\/wp-json\/wp\/v2\/product"}],"about":[{"href":"https:\/\/tiendaflex.ec\/en\/wp-json\/wp\/v2\/types\/product"}],"replies":[{"embeddable":true,"href":"https:\/\/tiendaflex.ec\/en\/wp-json\/wp\/v2\/comments?post=20566"}],"version-history":[{"count":2,"href":"https:\/\/tiendaflex.ec\/en\/wp-json\/wp\/v2\/product\/20566\/revisions"}],"predecessor-version":[{"id":20568,"href":"https:\/\/tiendaflex.ec\/en\/wp-json\/wp\/v2\/product\/20566\/revisions\/20568"}],"wp:featuredmedia":[{"embeddable":true,"href":"https:\/\/tiendaflex.ec\/en\/wp-json\/wp\/v2\/media\/20521"}],"wp:attachment":[{"href":"https:\/\/tiendaflex.ec\/en\/wp-json\/wp\/v2\/media?parent=20566"}],"wp:term":[{"taxonomy":"product_brand","embeddable":true,"href":"https:\/\/tiendaflex.ec\/en\/wp-json\/wp\/v2\/product_brand?post=20566"},{"taxonomy":"product_cat","embeddable":true,"href":"https:\/\/tiendaflex.ec\/en\/wp-json\/wp\/v2\/product_cat?post=20566"},{"taxonomy":"product_tag","embeddable":true,"href":"https:\/\/tiendaflex.ec\/en\/wp-json\/wp\/v2\/product_tag?post=20566"}],"curies":[{"name":"wp","href":"https:\/\/api.w.org\/{rel}","templated":true}]}}