{"id":20551,"date":"2025-07-07T19:28:40","date_gmt":"2025-07-08T00:28:40","guid":{"rendered":"https:\/\/tiendaflex.ec\/?post_type=product&#038;p=20551"},"modified":"2025-07-07T19:28:40","modified_gmt":"2025-07-08T00:28:40","slug":"ar-723u-control-de-acceso-soyal","status":"publish","type":"product","link":"https:\/\/tiendaflex.ec\/en\/product\/ar-723u-control-de-acceso-soyal\/","title":{"rendered":"AR-723U &#8211; CONTROL DE ACCESO SOYAL"},"content":{"rendered":"","protected":false},"excerpt":{"rendered":"<p>Potencia tu sistema de control de acceso con este lector esclavo de alta precisi\u00f3n. Compatible con el AR-721H, ideal para configuraciones con funci\u00f3n anti pass-back y resistencia al agua.<\/p>\n<p>\ud83d\udd0d CARACTER\u00cdSTICAS DESTACADAS:<br \/>\n\u2714\ufe0f Lectura por proximidad (frecuencia: 125kHz)<br \/>\n\u2714\ufe0f Alcance de lectura: 6 \u2013 12 cm<br \/>\n\u2714\ufe0f Compatible con interfaces Wiegand \/ ABA-II \/ ASYNC<br \/>\n\u2714\ufe0f Protecci\u00f3n contra agua (waterproof)<br \/>\n\u2714\ufe0f Funci\u00f3n anti pass-back (requiere configuraci\u00f3n con panel o lector aut\u00f3nomo)<br \/>\n\u2714\ufe0f Dise\u00f1o compacto: 81 \u00d7 43 \u00d7 18 mm<br \/>\n\u2714\ufe0f Bajo consumo energ\u00e9tico: &lt; 1W<br \/>\n\u2714\ufe0f Temperatura de operaci\u00f3n: -20\u00b0C a +60\u00b0C<\/p>\n<p>\ud83d\udcf2 Cont\u00e1ctanos: +593984123231<\/p>","protected":false},"featured_media":20516,"comment_status":"open","ping_status":"closed","template":"","meta":{"_acf_changed":false},"product_brand":[],"product_cat":[593,547],"product_tag":[],"class_list":{"0":"post-20551","1":"product","2":"type-product","3":"status-publish","4":"has-post-thumbnail","6":"product_cat-control-de-accesos","7":"product_cat-tecnologia-del-hogar","9":"first","10":"instock","11":"sale","12":"taxable","13":"shipping-taxable","14":"purchasable","15":"product-type-simple"},"acf":[],"_links":{"self":[{"href":"https:\/\/tiendaflex.ec\/en\/wp-json\/wp\/v2\/product\/20551","targetHints":{"allow":["GET"]}}],"collection":[{"href":"https:\/\/tiendaflex.ec\/en\/wp-json\/wp\/v2\/product"}],"about":[{"href":"https:\/\/tiendaflex.ec\/en\/wp-json\/wp\/v2\/types\/product"}],"replies":[{"embeddable":true,"href":"https:\/\/tiendaflex.ec\/en\/wp-json\/wp\/v2\/comments?post=20551"}],"version-history":[{"count":2,"href":"https:\/\/tiendaflex.ec\/en\/wp-json\/wp\/v2\/product\/20551\/revisions"}],"predecessor-version":[{"id":20553,"href":"https:\/\/tiendaflex.ec\/en\/wp-json\/wp\/v2\/product\/20551\/revisions\/20553"}],"wp:featuredmedia":[{"embeddable":true,"href":"https:\/\/tiendaflex.ec\/en\/wp-json\/wp\/v2\/media\/20516"}],"wp:attachment":[{"href":"https:\/\/tiendaflex.ec\/en\/wp-json\/wp\/v2\/media?parent=20551"}],"wp:term":[{"taxonomy":"product_brand","embeddable":true,"href":"https:\/\/tiendaflex.ec\/en\/wp-json\/wp\/v2\/product_brand?post=20551"},{"taxonomy":"product_cat","embeddable":true,"href":"https:\/\/tiendaflex.ec\/en\/wp-json\/wp\/v2\/product_cat?post=20551"},{"taxonomy":"product_tag","embeddable":true,"href":"https:\/\/tiendaflex.ec\/en\/wp-json\/wp\/v2\/product_tag?post=20551"}],"curies":[{"name":"wp","href":"https:\/\/api.w.org\/{rel}","templated":true}]}}