{"id":20535,"date":"2025-07-07T19:17:06","date_gmt":"2025-07-08T00:17:06","guid":{"rendered":"https:\/\/tiendaflex.ec\/?post_type=product&#038;p=20535"},"modified":"2025-07-07T19:17:06","modified_gmt":"2025-07-08T00:17:06","slug":"estacion-principal-ip-android-de-10","status":"publish","type":"product","link":"https:\/\/tiendaflex.ec\/en\/product\/estacion-principal-ip-android-de-10\/","title":{"rendered":"\u00a0ESTACI\u00d3N PRINCIPAL IP ANDROID DE 10\u201d"},"content":{"rendered":"","protected":false},"excerpt":{"rendered":"<p>Optimiza la administraci\u00f3n de accesos y videollamadas en edificios residenciales o corporativos con esta estaci\u00f3n IP Android de 10\u201d, ideal para centralizar todo el sistema de videoportero con alto rendimiento.<\/p>\n<p>\ud83d\udd0d CARACTER\u00cdSTICAS DESTACADAS:<br \/>\n\u2714\ufe0f Pantalla t\u00e1ctil IPS de 10,1\u201d \u2013 Resoluci\u00f3n 1280 \u00d7 800<br \/>\n\u2714\ufe0f Servidor SIP privado integrado \u2013 Soporta hasta 10.000 dispositivos<br \/>\n\u2714\ufe0f Admite conexi\u00f3n de hasta 128 c\u00e1maras IP<br \/>\n\u2714\ufe0f Soporte para m\u00faltiples altavoces y micr\u00f3fonos, adem\u00e1s de auriculares y micr\u00f3fono externo tipo cuello de cisne<br \/>\n\u2714\ufe0f Salida HDMI para mostrar p\u00e1ginas de operaci\u00f3n<br \/>\n\u2714\ufe0f PoE est\u00e1ndar y alimentaci\u00f3n 12VDC<\/p>\n<p>\ud83c\udfaf Funciones avanzadas:<br \/>\n\u2714\ufe0f Llamada en espera<br \/>\n\u2714\ufe0f Llamadas entre edificios<br \/>\n\u2714\ufe0f Configuraci\u00f3n de prioridad de llamada<br \/>\n\u2714\ufe0f Diversos modos de desv\u00edo de llamada<br \/>\n\u2714\ufe0f Intercomunicador multipartito<br \/>\n\u2714\ufe0f Integraci\u00f3n con control de acceso<\/p>\n<p>\ud83d\udce6 INCLUYE:<br \/>\n\u2705 1 Estaci\u00f3n principal IP t\u00e1ctil de 10\u201d DS-KM9503<\/p>\n<p>\ud83d\udcf2 Cont\u00e1ctanos: +593984123231<\/p>","protected":false},"featured_media":20526,"comment_status":"open","ping_status":"closed","template":"","meta":{"_acf_changed":false},"product_brand":[],"product_cat":[593,547],"product_tag":[],"class_list":{"0":"post-20535","1":"product","2":"type-product","3":"status-publish","4":"has-post-thumbnail","6":"product_cat-control-de-accesos","7":"product_cat-tecnologia-del-hogar","9":"first","10":"instock","11":"sale","12":"taxable","13":"shipping-taxable","14":"purchasable","15":"product-type-simple"},"acf":[],"_links":{"self":[{"href":"https:\/\/tiendaflex.ec\/en\/wp-json\/wp\/v2\/product\/20535","targetHints":{"allow":["GET"]}}],"collection":[{"href":"https:\/\/tiendaflex.ec\/en\/wp-json\/wp\/v2\/product"}],"about":[{"href":"https:\/\/tiendaflex.ec\/en\/wp-json\/wp\/v2\/types\/product"}],"replies":[{"embeddable":true,"href":"https:\/\/tiendaflex.ec\/en\/wp-json\/wp\/v2\/comments?post=20535"}],"version-history":[{"count":2,"href":"https:\/\/tiendaflex.ec\/en\/wp-json\/wp\/v2\/product\/20535\/revisions"}],"predecessor-version":[{"id":20537,"href":"https:\/\/tiendaflex.ec\/en\/wp-json\/wp\/v2\/product\/20535\/revisions\/20537"}],"wp:featuredmedia":[{"embeddable":true,"href":"https:\/\/tiendaflex.ec\/en\/wp-json\/wp\/v2\/media\/20526"}],"wp:attachment":[{"href":"https:\/\/tiendaflex.ec\/en\/wp-json\/wp\/v2\/media?parent=20535"}],"wp:term":[{"taxonomy":"product_brand","embeddable":true,"href":"https:\/\/tiendaflex.ec\/en\/wp-json\/wp\/v2\/product_brand?post=20535"},{"taxonomy":"product_cat","embeddable":true,"href":"https:\/\/tiendaflex.ec\/en\/wp-json\/wp\/v2\/product_cat?post=20535"},{"taxonomy":"product_tag","embeddable":true,"href":"https:\/\/tiendaflex.ec\/en\/wp-json\/wp\/v2\/product_tag?post=20535"}],"curies":[{"name":"wp","href":"https:\/\/api.w.org\/{rel}","templated":true}]}}