{"id":20484,"date":"2025-07-05T14:34:30","date_gmt":"2025-07-05T19:34:30","guid":{"rendered":"https:\/\/tiendaflex.ec\/?post_type=product&#038;p=20484"},"modified":"2025-09-02T23:43:46","modified_gmt":"2025-09-03T04:43:46","slug":"dahua-7-pantalla-videoportero","status":"publish","type":"product","link":"https:\/\/tiendaflex.ec\/en\/product\/dahua-7-pantalla-videoportero\/","title":{"rendered":"DAHUA 7\u201d &#8211; PANTALLA VIDEOPORTERO"},"content":{"rendered":"","protected":false},"excerpt":{"rendered":"<p>Mejora tu sistema de videoportero con esta pantalla IP de 7 pulgadas, dise\u00f1ada para ofrecer vigilancia eficaz, integraci\u00f3n con alarmas y un desempe\u00f1o confiable con alimentaci\u00f3n PoE est\u00e1ndar.<\/p>\n<p>\ud83d\udd0d CARACTER\u00cdSTICAS DESTACADAS:<br \/>\n\u2714\ufe0f Pantalla TFT de 7\u201d \u2013 Resoluci\u00f3n 1024 x 600<br \/>\n\u2714\ufe0f Integraci\u00f3n con vigilancia PCI<br \/>\n\u2714\ufe0f Integraci\u00f3n con sistema de alarma<br \/>\n\u2714\ufe0f Alto rendimiento y rentable<br \/>\n\u2714\ufe0f Alimentaci\u00f3n PoE est\u00e1ndar<\/p>\n<p>\ud83d\udce6 INCLUYE:<br \/>\n\u2705 1 Pantalla t\u00e1ctil TFT<br \/>\n\u2705 Manuales<br \/>\n\u2705 Accesorios para instalaci\u00f3n<\/p>\n<p>\ud83d\udcf2 Cont\u00e1ctanos: +593984123231<\/p>","protected":false},"featured_media":20452,"comment_status":"open","ping_status":"closed","template":"","meta":{"_acf_changed":false},"product_brand":[],"product_cat":[593,547],"product_tag":[],"class_list":{"0":"post-20484","1":"product","2":"type-product","3":"status-publish","4":"has-post-thumbnail","6":"product_cat-control-de-accesos","7":"product_cat-tecnologia-del-hogar","9":"first","10":"outofstock","11":"sale","12":"taxable","13":"shipping-taxable","14":"purchasable","15":"product-type-simple"},"acf":[],"_links":{"self":[{"href":"https:\/\/tiendaflex.ec\/en\/wp-json\/wp\/v2\/product\/20484","targetHints":{"allow":["GET"]}}],"collection":[{"href":"https:\/\/tiendaflex.ec\/en\/wp-json\/wp\/v2\/product"}],"about":[{"href":"https:\/\/tiendaflex.ec\/en\/wp-json\/wp\/v2\/types\/product"}],"replies":[{"embeddable":true,"href":"https:\/\/tiendaflex.ec\/en\/wp-json\/wp\/v2\/comments?post=20484"}],"version-history":[{"count":2,"href":"https:\/\/tiendaflex.ec\/en\/wp-json\/wp\/v2\/product\/20484\/revisions"}],"predecessor-version":[{"id":20486,"href":"https:\/\/tiendaflex.ec\/en\/wp-json\/wp\/v2\/product\/20484\/revisions\/20486"}],"wp:featuredmedia":[{"embeddable":true,"href":"https:\/\/tiendaflex.ec\/en\/wp-json\/wp\/v2\/media\/20452"}],"wp:attachment":[{"href":"https:\/\/tiendaflex.ec\/en\/wp-json\/wp\/v2\/media?parent=20484"}],"wp:term":[{"taxonomy":"product_brand","embeddable":true,"href":"https:\/\/tiendaflex.ec\/en\/wp-json\/wp\/v2\/product_brand?post=20484"},{"taxonomy":"product_cat","embeddable":true,"href":"https:\/\/tiendaflex.ec\/en\/wp-json\/wp\/v2\/product_cat?post=20484"},{"taxonomy":"product_tag","embeddable":true,"href":"https:\/\/tiendaflex.ec\/en\/wp-json\/wp\/v2\/product_tag?post=20484"}],"curies":[{"name":"wp","href":"https:\/\/api.w.org\/{rel}","templated":true}]}}