{"id":20474,"date":"2025-07-05T14:23:39","date_gmt":"2025-07-05T19:23:39","guid":{"rendered":"https:\/\/tiendaflex.ec\/?post_type=product&#038;p=20474"},"modified":"2025-09-02T23:39:57","modified_gmt":"2025-09-03T04:39:57","slug":"kit-de-video-portero-ip-para-4-viviendas","status":"publish","type":"product","link":"https:\/\/tiendaflex.ec\/en\/product\/kit-de-video-portero-ip-para-4-viviendas\/","title":{"rendered":"KIT DE VIDEO PORTERO IP PARA 4 VIVIENDAS"},"content":{"rendered":"","protected":false},"excerpt":{"rendered":"<p>Haz de tu edificio o condominio un lugar m\u00e1s seguro y moderno con este completo kit de video portero IP para 4 viviendas. Comunicaci\u00f3n, control y seguridad a tu alcance, con tecnolog\u00eda avanzada y dise\u00f1o elegante.<\/p>\n<p>\ud83d\udd0d CARACTER\u00cdSTICAS DEL VIDEOPORTERO:<br \/>\n\u2714\ufe0f Carcasa totalmente met\u00e1lica resistente (IK08 e IP65)<br \/>\n\u2714\ufe0f C\u00e1mara CMOS HD de 2 MP con iluminaci\u00f3n IR y WDR<br \/>\n\u2714\ufe0f Videollamadas bidireccionales con monitores interiores<br \/>\n\u2714\ufe0f Desbloqueo desde app o tarjeta IC<br \/>\n\u2714\ufe0f Conexi\u00f3n WiFi y alimentaci\u00f3n PoE<br \/>\n\u2714\ufe0f Soporta hasta 2 cerraduras<br \/>\n\u2714\ufe0f Funda para lluvia incluida<br \/>\n\u2714\ufe0f Cubierta frontal personalizable (marr\u00f3n rojizo o azul oscuro)<\/p>\n<p>\ud83d\udda5\ufe0f CARACTER\u00cdSTICAS DE LAS PANTALLAS TOUCH:<br \/>\n\u2714\ufe0f Pantalla t\u00e1ctil capacitiva TFT de 7\u201d, resoluci\u00f3n 1024\u00d7600<br \/>\n\u2714\ufe0f Entrada de alarma de 6 canales y salida de 1 canal<br \/>\n\u2714\ufe0f Decodificaci\u00f3n H.265 y H.264<br \/>\n\u2714\ufe0f Alimentaci\u00f3n est\u00e1ndar PoE o 12VDC<br \/>\n\u2714\ufe0f Integraci\u00f3n con estaci\u00f3n de puerta y c\u00e1mara IPC<\/p>\n<p>\ud83d\udce6 INCLUYE:<br \/>\n\u2705 1 Botonera de videoportero para 4 viviendas<br \/>\n\u2705 4 Pantallas t\u00e1ctiles de 7&#8243;\u00bb<br \/>\n\u2705 1 Switch PoE de 4 puertos<\/p>\n<p>\ud83d\udcf2 Cont\u00e1ctanos: +593984123231<\/p>","protected":false},"featured_media":20449,"comment_status":"open","ping_status":"closed","template":"","meta":{"_acf_changed":false},"product_brand":[],"product_cat":[593,547],"product_tag":[],"class_list":{"0":"post-20474","1":"product","2":"type-product","3":"status-publish","4":"has-post-thumbnail","6":"product_cat-control-de-accesos","7":"product_cat-tecnologia-del-hogar","9":"first","10":"outofstock","11":"sale","12":"taxable","13":"shipping-taxable","14":"purchasable","15":"product-type-simple"},"acf":[],"_links":{"self":[{"href":"https:\/\/tiendaflex.ec\/en\/wp-json\/wp\/v2\/product\/20474","targetHints":{"allow":["GET"]}}],"collection":[{"href":"https:\/\/tiendaflex.ec\/en\/wp-json\/wp\/v2\/product"}],"about":[{"href":"https:\/\/tiendaflex.ec\/en\/wp-json\/wp\/v2\/types\/product"}],"replies":[{"embeddable":true,"href":"https:\/\/tiendaflex.ec\/en\/wp-json\/wp\/v2\/comments?post=20474"}],"version-history":[{"count":2,"href":"https:\/\/tiendaflex.ec\/en\/wp-json\/wp\/v2\/product\/20474\/revisions"}],"predecessor-version":[{"id":20476,"href":"https:\/\/tiendaflex.ec\/en\/wp-json\/wp\/v2\/product\/20474\/revisions\/20476"}],"wp:featuredmedia":[{"embeddable":true,"href":"https:\/\/tiendaflex.ec\/en\/wp-json\/wp\/v2\/media\/20449"}],"wp:attachment":[{"href":"https:\/\/tiendaflex.ec\/en\/wp-json\/wp\/v2\/media?parent=20474"}],"wp:term":[{"taxonomy":"product_brand","embeddable":true,"href":"https:\/\/tiendaflex.ec\/en\/wp-json\/wp\/v2\/product_brand?post=20474"},{"taxonomy":"product_cat","embeddable":true,"href":"https:\/\/tiendaflex.ec\/en\/wp-json\/wp\/v2\/product_cat?post=20474"},{"taxonomy":"product_tag","embeddable":true,"href":"https:\/\/tiendaflex.ec\/en\/wp-json\/wp\/v2\/product_tag?post=20474"}],"curies":[{"name":"wp","href":"https:\/\/api.w.org\/{rel}","templated":true}]}}