{"id":20421,"date":"2025-07-03T17:19:56","date_gmt":"2025-07-03T22:19:56","guid":{"rendered":"https:\/\/tiendaflex.ec\/?post_type=product&#038;p=20421"},"modified":"2025-07-03T17:19:57","modified_gmt":"2025-07-03T22:19:57","slug":"ki-qr80-id-lector-de-codigos-qr","status":"publish","type":"product","link":"https:\/\/tiendaflex.ec\/en\/product\/ki-qr80-id-lector-de-codigos-qr\/","title":{"rendered":"KI-QR80\/ID &#8211; Lector de C\u00f3digos QR"},"content":{"rendered":"","protected":false},"excerpt":{"rendered":"<p>\u00a1\u00a1 APROVECHA DE NUESTRA MEGA OFERTA !!<br \/>\nPrecio promocional v\u00e1lido solo para pagos en efectivo o transferencia.<\/p>\n<p>\u2728 DESCRIPCI\u00d3N:<br \/>\nEl lector de c\u00f3digo QR + lector RFID es una nueva generaci\u00f3n de lectores inteligentes. Su dise\u00f1o est\u00e1ndar tipo caja 86 industrial ofrece escaneo r\u00e1pido, alta tasa de reconocimiento y gran compatibilidad. Se conecta f\u00e1cilmente a cualquier controlador con entrada Wiegand, ideal para diversos escenarios de control de acceso.<\/p>\n<p>\u26a1 CARACTER\u00cdSTICAS:<\/p>\n<p>* Voltaje de funcionamiento: 8 \u2013 12 V<br \/>\n*Corriente de funcionamiento: 800 mA<br \/>\n*Distancia de lectura: 3 \u2013 6 cm<br \/>\n*Velocidad de lectura: &lt; 200 ms<br \/>\n*Humedad de operaci\u00f3n: 10% \u2013 90%<br \/>\n*Temperatura de operaci\u00f3n: -20 \u00b0C hasta 70 \u00b0C<br \/>\n*Modo de comunicaci\u00f3n: RS232 \/ RS485 \/ USB \/ Wiegand<br \/>\n*Compatible con sistemas operativos: Windows XP\/7\/8\/10, Linux<\/p>\n<p>\ud83d\udce6 INCLUYE:<br \/>\nLector de c\u00f3digo QR<br \/>\nCable de comunicaci\u00f3n USB<br \/>\nManual de uso<\/p>\n<p>\ud83d\udcf2 Cont\u00e1ctanos: +593984123231<\/p>","protected":false},"featured_media":20398,"comment_status":"open","ping_status":"closed","template":"","meta":{"_acf_changed":false},"product_brand":[],"product_cat":[593,547],"product_tag":[],"class_list":{"0":"post-20421","1":"product","2":"type-product","3":"status-publish","4":"has-post-thumbnail","6":"product_cat-control-de-accesos","7":"product_cat-tecnologia-del-hogar","9":"first","10":"instock","11":"sale","12":"taxable","13":"shipping-taxable","14":"purchasable","15":"product-type-simple"},"acf":[],"_links":{"self":[{"href":"https:\/\/tiendaflex.ec\/en\/wp-json\/wp\/v2\/product\/20421","targetHints":{"allow":["GET"]}}],"collection":[{"href":"https:\/\/tiendaflex.ec\/en\/wp-json\/wp\/v2\/product"}],"about":[{"href":"https:\/\/tiendaflex.ec\/en\/wp-json\/wp\/v2\/types\/product"}],"replies":[{"embeddable":true,"href":"https:\/\/tiendaflex.ec\/en\/wp-json\/wp\/v2\/comments?post=20421"}],"version-history":[{"count":2,"href":"https:\/\/tiendaflex.ec\/en\/wp-json\/wp\/v2\/product\/20421\/revisions"}],"predecessor-version":[{"id":20423,"href":"https:\/\/tiendaflex.ec\/en\/wp-json\/wp\/v2\/product\/20421\/revisions\/20423"}],"wp:featuredmedia":[{"embeddable":true,"href":"https:\/\/tiendaflex.ec\/en\/wp-json\/wp\/v2\/media\/20398"}],"wp:attachment":[{"href":"https:\/\/tiendaflex.ec\/en\/wp-json\/wp\/v2\/media?parent=20421"}],"wp:term":[{"taxonomy":"product_brand","embeddable":true,"href":"https:\/\/tiendaflex.ec\/en\/wp-json\/wp\/v2\/product_brand?post=20421"},{"taxonomy":"product_cat","embeddable":true,"href":"https:\/\/tiendaflex.ec\/en\/wp-json\/wp\/v2\/product_cat?post=20421"},{"taxonomy":"product_tag","embeddable":true,"href":"https:\/\/tiendaflex.ec\/en\/wp-json\/wp\/v2\/product_tag?post=20421"}],"curies":[{"name":"wp","href":"https:\/\/api.w.org\/{rel}","templated":true}]}}