{"id":20395,"date":"2025-07-03T17:05:38","date_gmt":"2025-07-03T22:05:38","guid":{"rendered":"https:\/\/tiendaflex.ec\/?post_type=product&#038;p=20395"},"modified":"2025-07-03T17:06:09","modified_gmt":"2025-07-03T22:06:09","slug":"fortedoor-1500-motor","status":"publish","type":"product","link":"https:\/\/tiendaflex.ec\/en\/product\/fortedoor-1500-motor\/","title":{"rendered":"MOTOR &#8211; 1500 FORTEDOOR"},"content":{"rendered":"","protected":false},"excerpt":{"rendered":"<p>\u00a1Fuerza y tecnolog\u00eda para tu seguridad! El FORTEDOOR TITAN 1500 es un potente motor autom\u00e1tico de garaje dise\u00f1ado para uso intensivo, ideal para quienes buscan durabilidad, eficiencia y facilidad de uso. Su panel de control te permite automatizar cada acceso con total seguridad.<\/p>\n<p>\u2699\ufe0f CARACTER\u00cdSTICAS PRINCIPALES:<br \/>\n\u2714\ufe0f Potente motor 1HP \u2013 1500 N.m<br \/>\n\u2714\ufe0f Uso intensivo: hasta 60 ciclos por hora<br \/>\n\u2714\ufe0f Alimentaci\u00f3n: 110VAC<br \/>\n\u2714\ufe0f Regulaci\u00f3n de fuerza ajustable<br \/>\n\u2714\ufe0f Compatible con fotoc\u00e9lulas<br \/>\n\u2714\ufe0f Pulso de apertura externa<br \/>\n\u2714\ufe0f Salida de 24VDC<br \/>\n\u2714\ufe0f Cierre autom\u00e1tico configurable<\/p>\n<p>\ud83d\udce6 INCLUYE:<br \/>\n\u2705 1 Motor FD-CL1500N<br \/>\n\u2705 2 Controles remotos<\/p>\n<p>\ud83d\udcf2 Cont\u00e1ctanos al: +593984123231<\/p>","protected":false},"featured_media":20402,"comment_status":"open","ping_status":"closed","template":"","meta":{"_acf_changed":false},"product_brand":[],"product_cat":[588,547],"product_tag":[],"class_list":{"0":"post-20395","1":"product","2":"type-product","3":"status-publish","4":"has-post-thumbnail","6":"product_cat-motores","7":"product_cat-tecnologia-del-hogar","9":"first","10":"instock","11":"sale","12":"taxable","13":"shipping-taxable","14":"purchasable","15":"product-type-simple"},"acf":[],"_links":{"self":[{"href":"https:\/\/tiendaflex.ec\/en\/wp-json\/wp\/v2\/product\/20395","targetHints":{"allow":["GET"]}}],"collection":[{"href":"https:\/\/tiendaflex.ec\/en\/wp-json\/wp\/v2\/product"}],"about":[{"href":"https:\/\/tiendaflex.ec\/en\/wp-json\/wp\/v2\/types\/product"}],"replies":[{"embeddable":true,"href":"https:\/\/tiendaflex.ec\/en\/wp-json\/wp\/v2\/comments?post=20395"}],"version-history":[{"count":3,"href":"https:\/\/tiendaflex.ec\/en\/wp-json\/wp\/v2\/product\/20395\/revisions"}],"predecessor-version":[{"id":20408,"href":"https:\/\/tiendaflex.ec\/en\/wp-json\/wp\/v2\/product\/20395\/revisions\/20408"}],"wp:featuredmedia":[{"embeddable":true,"href":"https:\/\/tiendaflex.ec\/en\/wp-json\/wp\/v2\/media\/20402"}],"wp:attachment":[{"href":"https:\/\/tiendaflex.ec\/en\/wp-json\/wp\/v2\/media?parent=20395"}],"wp:term":[{"taxonomy":"product_brand","embeddable":true,"href":"https:\/\/tiendaflex.ec\/en\/wp-json\/wp\/v2\/product_brand?post=20395"},{"taxonomy":"product_cat","embeddable":true,"href":"https:\/\/tiendaflex.ec\/en\/wp-json\/wp\/v2\/product_cat?post=20395"},{"taxonomy":"product_tag","embeddable":true,"href":"https:\/\/tiendaflex.ec\/en\/wp-json\/wp\/v2\/product_tag?post=20395"}],"curies":[{"name":"wp","href":"https:\/\/api.w.org\/{rel}","templated":true}]}}