{"id":20388,"date":"2025-07-03T00:19:33","date_gmt":"2025-07-03T05:19:33","guid":{"rendered":"https:\/\/tiendaflex.ec\/?post_type=product&#038;p=20388"},"modified":"2025-07-03T00:19:33","modified_gmt":"2025-07-03T05:19:33","slug":"ds-kh2220-pantalla-para-video-portero","status":"publish","type":"product","link":"https:\/\/tiendaflex.ec\/en\/product\/ds-kh2220-pantalla-para-video-portero\/","title":{"rendered":"DS-KH2220 &#8211; PANTALLA PARA VIDEO PORTERO"},"content":{"rendered":"","protected":false},"excerpt":{"rendered":"<p>\u00a1Mejora el control de acceso en tu hogar u oficina! La HIKVISION VISTA 7 es la soluci\u00f3n ideal para quienes buscan funcionalidad, durabilidad y una instalaci\u00f3n sencilla. Con su pantalla a color de 7&#8243;\u00bb, comunicaci\u00f3n manos libres y capacidad de conexi\u00f3n a c\u00e1mara adicional, tendr\u00e1s seguridad visual en todo momento.<\/p>\n<p>\u2728 CARACTER\u00cdSTICAS DESTACADAS:<br \/>\n\u2714\ufe0f Pantalla a color de 7\u201d (resoluci\u00f3n 800 x 400)<br \/>\n\u2714\ufe0f Comunicaci\u00f3n manos libres<br \/>\n\u2714\ufe0f Monitoreo de frente de calle y c\u00e1mara adicional<br \/>\n\u2714\ufe0f Micr\u00f3fono y altavoz integrados con supresi\u00f3n de ruido<br \/>\n\u2714\ufe0f Permite apertura de puerta desde el monitor<br \/>\n\u2714\ufe0f F\u00e1cil instalaci\u00f3n con cableado de 4 hilos<br \/>\n\u2714\ufe0f Material: Aluminio<br \/>\n\u2714\ufe0f Alimentaci\u00f3n: 12V CD \/ 5W<\/p>\n<p>\ud83d\udce6 INCLUYE:<br \/>\n\u2705 1 Pantalla an\u00e1loga video portero 7\u201d<\/p>\n<p>\ud83d\udcf2 Cont\u00e1ctanos: +593984123231<\/p>","protected":false},"featured_media":20341,"comment_status":"open","ping_status":"closed","template":"","meta":{"_acf_changed":false},"product_brand":[],"product_cat":[593,547],"product_tag":[],"class_list":{"0":"post-20388","1":"product","2":"type-product","3":"status-publish","4":"has-post-thumbnail","6":"product_cat-control-de-accesos","7":"product_cat-tecnologia-del-hogar","9":"first","10":"instock","11":"sale","12":"taxable","13":"shipping-taxable","14":"purchasable","15":"product-type-simple"},"acf":[],"_links":{"self":[{"href":"https:\/\/tiendaflex.ec\/en\/wp-json\/wp\/v2\/product\/20388","targetHints":{"allow":["GET"]}}],"collection":[{"href":"https:\/\/tiendaflex.ec\/en\/wp-json\/wp\/v2\/product"}],"about":[{"href":"https:\/\/tiendaflex.ec\/en\/wp-json\/wp\/v2\/types\/product"}],"replies":[{"embeddable":true,"href":"https:\/\/tiendaflex.ec\/en\/wp-json\/wp\/v2\/comments?post=20388"}],"version-history":[{"count":2,"href":"https:\/\/tiendaflex.ec\/en\/wp-json\/wp\/v2\/product\/20388\/revisions"}],"predecessor-version":[{"id":20391,"href":"https:\/\/tiendaflex.ec\/en\/wp-json\/wp\/v2\/product\/20388\/revisions\/20391"}],"wp:featuredmedia":[{"embeddable":true,"href":"https:\/\/tiendaflex.ec\/en\/wp-json\/wp\/v2\/media\/20341"}],"wp:attachment":[{"href":"https:\/\/tiendaflex.ec\/en\/wp-json\/wp\/v2\/media?parent=20388"}],"wp:term":[{"taxonomy":"product_brand","embeddable":true,"href":"https:\/\/tiendaflex.ec\/en\/wp-json\/wp\/v2\/product_brand?post=20388"},{"taxonomy":"product_cat","embeddable":true,"href":"https:\/\/tiendaflex.ec\/en\/wp-json\/wp\/v2\/product_cat?post=20388"},{"taxonomy":"product_tag","embeddable":true,"href":"https:\/\/tiendaflex.ec\/en\/wp-json\/wp\/v2\/product_tag?post=20388"}],"curies":[{"name":"wp","href":"https:\/\/api.w.org\/{rel}","templated":true}]}}