{"id":20377,"date":"2025-07-03T00:09:10","date_gmt":"2025-07-03T05:09:10","guid":{"rendered":"https:\/\/tiendaflex.ec\/?post_type=product&#038;p=20377"},"modified":"2025-09-02T23:39:02","modified_gmt":"2025-09-03T04:39:02","slug":"pantalla-touchview-7","status":"publish","type":"product","link":"https:\/\/tiendaflex.ec\/en\/product\/pantalla-touchview-7\/","title":{"rendered":"\u00a0PANTALLA\u00a0TOUCHVIEW 7"},"content":{"rendered":"","protected":false},"excerpt":{"rendered":"<p>Convierte tu sistema de video portero en una experiencia fluida e intuitiva con la pantalla inteligente TouchView 7\u201d de Dahua. Perfecta para visualizar c\u00e1maras, responder llamadas y controlar el acceso con un solo toque.<\/p>\n<p>\ud83d\udd0d CARACTER\u00cdSTICAS DESTACADAS:<br \/>\n\u2714\ufe0f Pantalla t\u00e1ctil capacitiva de 7\u201d \u2013 Resoluci\u00f3n 1024 x 600<br \/>\n\u2714\ufe0f Audio bidireccional \u2013 Comunicaci\u00f3n clara y segura<br \/>\n\u2714\ufe0f Integraci\u00f3n con c\u00e1maras IP (IPC surveillance)<br \/>\n\u2714\ufe0f Compatible con tarjeta SD de hasta 8GB<br \/>\n\u2714\ufe0f Integraci\u00f3n de alarmas<br \/>\n\u2714\ufe0f Alimentaci\u00f3n por PoE est\u00e1ndar<br \/>\n\u2714\ufe0f Bajo consumo: Standby \u2264 4W \/ Trabajo \u2264 6W<br \/>\n\u2714\ufe0f Dise\u00f1o moderno y compacto: 119.6 \u00d7 221.5 \u00d7 21.5 mm<\/p>\n<p>\ud83d\udce6 INCLUYE:<br \/>\n\u2705 1 Pantalla Touch Dahua de 7\u201d<\/p>\n<p>\ud83d\udcf2 Cont\u00e1ctanos: +593984123231<\/p>","protected":false},"featured_media":20338,"comment_status":"open","ping_status":"closed","template":"","meta":{"_acf_changed":false},"product_brand":[],"product_cat":[593,547],"product_tag":[],"class_list":{"0":"post-20377","1":"product","2":"type-product","3":"status-publish","4":"has-post-thumbnail","6":"product_cat-control-de-accesos","7":"product_cat-tecnologia-del-hogar","9":"first","10":"outofstock","11":"sale","12":"taxable","13":"shipping-taxable","14":"purchasable","15":"product-type-simple"},"acf":[],"_links":{"self":[{"href":"https:\/\/tiendaflex.ec\/en\/wp-json\/wp\/v2\/product\/20377","targetHints":{"allow":["GET"]}}],"collection":[{"href":"https:\/\/tiendaflex.ec\/en\/wp-json\/wp\/v2\/product"}],"about":[{"href":"https:\/\/tiendaflex.ec\/en\/wp-json\/wp\/v2\/types\/product"}],"replies":[{"embeddable":true,"href":"https:\/\/tiendaflex.ec\/en\/wp-json\/wp\/v2\/comments?post=20377"}],"version-history":[{"count":1,"href":"https:\/\/tiendaflex.ec\/en\/wp-json\/wp\/v2\/product\/20377\/revisions"}],"predecessor-version":[{"id":20378,"href":"https:\/\/tiendaflex.ec\/en\/wp-json\/wp\/v2\/product\/20377\/revisions\/20378"}],"wp:featuredmedia":[{"embeddable":true,"href":"https:\/\/tiendaflex.ec\/en\/wp-json\/wp\/v2\/media\/20338"}],"wp:attachment":[{"href":"https:\/\/tiendaflex.ec\/en\/wp-json\/wp\/v2\/media?parent=20377"}],"wp:term":[{"taxonomy":"product_brand","embeddable":true,"href":"https:\/\/tiendaflex.ec\/en\/wp-json\/wp\/v2\/product_brand?post=20377"},{"taxonomy":"product_cat","embeddable":true,"href":"https:\/\/tiendaflex.ec\/en\/wp-json\/wp\/v2\/product_cat?post=20377"},{"taxonomy":"product_tag","embeddable":true,"href":"https:\/\/tiendaflex.ec\/en\/wp-json\/wp\/v2\/product_tag?post=20377"}],"curies":[{"name":"wp","href":"https:\/\/api.w.org\/{rel}","templated":true}]}}