{"id":20368,"date":"2025-07-03T00:01:30","date_gmt":"2025-07-03T05:01:30","guid":{"rendered":"https:\/\/tiendaflex.ec\/?post_type=product&#038;p=20368"},"modified":"2025-09-02T23:36:20","modified_gmt":"2025-09-03T04:36:20","slug":"botonera-multicall-pro-video-portero","status":"publish","type":"product","link":"https:\/\/tiendaflex.ec\/en\/product\/botonera-multicall-pro-video-portero\/","title":{"rendered":"BOTONERA MULTICALL PRO \u2013 VIDEO PORTERO"},"content":{"rendered":"","protected":false},"excerpt":{"rendered":"<p>\u00bfTienes un edificio, oficina o condominio? El Dahua MultiCall Pro es la soluci\u00f3n perfecta: una botonera inteligente con c\u00e1mara HD y n\u00famero de botones personalizable, ideal para m\u00faltiples usuarios.<br \/>\n\u00a1Dise\u00f1o profesional, conexi\u00f3n WiFi y control total desde tu celular!<\/p>\n<p>\ud83c\udfa5 Caracter\u00edsticas principales:<br \/>\n\ud83c\udfe0 Botonera de video portero IP de alta gama<br \/>\n\ud83d\udee1\ufe0f Carcasa totalmente met\u00e1lica, resistente y elegante<br \/>\n\ud83d\udcf2 Conexi\u00f3n WiFi + PoE<br \/>\n\ud83d\udcf7 C\u00e1mara CMOS HD 2MP (1\/2,8&#8243;\u00bb)<br \/>\n\ud83d\udd12 Compatible con 2 cerraduras el\u00e9ctricas<br \/>\n\ud83c\udf19 Iluminaci\u00f3n IR y tecnolog\u00eda WDR autom\u00e1tico<br \/>\n\ud83d\udcf1 Videollamada y desbloqueo desde app<br \/>\n\ud83c\udd94 Compatible con tarjetas IC<br \/>\n\u2614 Clasificaci\u00f3n IK08 (anti-vand\u00e1lica) + IP65 (resistente al agua\/polvo)<br \/>\n\ud83c\udfa8 Tapa frontal opcional: marr\u00f3n rojizo o azul oscuro<br \/>\n\ud83d\udcbc Ideal para oficinas, departamentos, condominios, etc.<\/p>\n<p>\ud83d\udce6 Incluye:<br \/>\n\u2714\ufe0f Botonera Dahua VTO3311Q-WP<br \/>\n\u2714\ufe0f Funda para lluvia<\/p>\n<p>\ud83d\udcf2 Cont\u00e1ctanos al +593984123231 para cotizaciones o configuraciones especiales.<\/p>","protected":false},"featured_media":20335,"comment_status":"open","ping_status":"closed","template":"","meta":{"_acf_changed":false},"product_brand":[],"product_cat":[593,547],"product_tag":[],"class_list":{"0":"post-20368","1":"product","2":"type-product","3":"status-publish","4":"has-post-thumbnail","6":"product_cat-control-de-accesos","7":"product_cat-tecnologia-del-hogar","9":"first","10":"outofstock","11":"sale","12":"taxable","13":"shipping-taxable","14":"purchasable","15":"product-type-simple"},"acf":[],"_links":{"self":[{"href":"https:\/\/tiendaflex.ec\/en\/wp-json\/wp\/v2\/product\/20368","targetHints":{"allow":["GET"]}}],"collection":[{"href":"https:\/\/tiendaflex.ec\/en\/wp-json\/wp\/v2\/product"}],"about":[{"href":"https:\/\/tiendaflex.ec\/en\/wp-json\/wp\/v2\/types\/product"}],"replies":[{"embeddable":true,"href":"https:\/\/tiendaflex.ec\/en\/wp-json\/wp\/v2\/comments?post=20368"}],"version-history":[{"count":2,"href":"https:\/\/tiendaflex.ec\/en\/wp-json\/wp\/v2\/product\/20368\/revisions"}],"predecessor-version":[{"id":20370,"href":"https:\/\/tiendaflex.ec\/en\/wp-json\/wp\/v2\/product\/20368\/revisions\/20370"}],"wp:featuredmedia":[{"embeddable":true,"href":"https:\/\/tiendaflex.ec\/en\/wp-json\/wp\/v2\/media\/20335"}],"wp:attachment":[{"href":"https:\/\/tiendaflex.ec\/en\/wp-json\/wp\/v2\/media?parent=20368"}],"wp:term":[{"taxonomy":"product_brand","embeddable":true,"href":"https:\/\/tiendaflex.ec\/en\/wp-json\/wp\/v2\/product_brand?post=20368"},{"taxonomy":"product_cat","embeddable":true,"href":"https:\/\/tiendaflex.ec\/en\/wp-json\/wp\/v2\/product_cat?post=20368"},{"taxonomy":"product_tag","embeddable":true,"href":"https:\/\/tiendaflex.ec\/en\/wp-json\/wp\/v2\/product_tag?post=20368"}],"curies":[{"name":"wp","href":"https:\/\/api.w.org\/{rel}","templated":true}]}}