{"id":20351,"date":"2025-07-02T23:47:51","date_gmt":"2025-07-03T04:47:51","guid":{"rendered":"https:\/\/tiendaflex.ec\/?post_type=product&#038;p=20351"},"modified":"2025-09-02T23:36:12","modified_gmt":"2025-09-03T04:36:12","slug":"tft-7-kit-de-video-portero","status":"publish","type":"product","link":"https:\/\/tiendaflex.ec\/en\/product\/tft-7-kit-de-video-portero\/","title":{"rendered":"TFT 7 &#8211; KIT DE VIDEO PORTERO"},"content":{"rendered":"","protected":false},"excerpt":{"rendered":"<p>\ud83d\udd12 \u00a1Controla tus accesos con calidad y tecnolog\u00eda confiable! Ideal para hogares, oficinas o edificios, este video portero an\u00e1logo te brinda comunicaci\u00f3n clara y seguridad visual desde tu puerta.<\/p>\n<p>\ud83d\udca1 Caracter\u00edsticas destacadas:<br \/>\n\ud83d\udcfa Pantalla TFT de 7&#8243;\u00bb<br \/>\n\ud83d\udcf9 C\u00e1mara de 1.3 MP CMOS con IR autom\u00e1tico<br \/>\n\ud83d\udcde Funciones: videollamada, desbloqueo, llamada de voz, volumen ajustable<br \/>\n\ud83d\udd01 Capacidad del sistema: hasta 2 estaciones de puerta y 3 monitores interiores<br \/>\n\ud83c\udfb6 M\u00faltiples tonos de campana<br \/>\n\ud83c\udf17 Tecnolog\u00eda DWDR (amplio rango din\u00e1mico digital)<\/p>\n<p>\u2699\ufe0f Especificaciones el\u00e9ctricas y f\u00edsicas:<br \/>\n\ud83d\udd0c Alimentaci\u00f3n: DC 12V \/ 1A<br \/>\n\u2696\ufe0f Peso: 0.50 kg<br \/>\n\ud83d\udcd0 Dimensiones: 131.45 \u00d7 46.00 \u00d7 33.80 mm<\/p>\n<p>\ud83d\udce6 Incluye:<br \/>\n\u2714\ufe0f 1 Pantalla t\u00e1ctil TFT<br \/>\n\u2714\ufe0f 1 Botonera con c\u00e1mara integrada<\/p>\n<p>\ud83d\udcf2 Cont\u00e1ctanos al +593984123231 y lleva seguridad y estilo a la puerta de tu hogar.<\/p>","protected":false},"featured_media":20344,"comment_status":"open","ping_status":"closed","template":"","meta":{"_acf_changed":false},"product_brand":[],"product_cat":[593,547],"product_tag":[],"class_list":{"0":"post-20351","1":"product","2":"type-product","3":"status-publish","4":"has-post-thumbnail","6":"product_cat-control-de-accesos","7":"product_cat-tecnologia-del-hogar","9":"first","10":"outofstock","11":"sale","12":"taxable","13":"shipping-taxable","14":"purchasable","15":"product-type-simple"},"acf":[],"_links":{"self":[{"href":"https:\/\/tiendaflex.ec\/en\/wp-json\/wp\/v2\/product\/20351","targetHints":{"allow":["GET"]}}],"collection":[{"href":"https:\/\/tiendaflex.ec\/en\/wp-json\/wp\/v2\/product"}],"about":[{"href":"https:\/\/tiendaflex.ec\/en\/wp-json\/wp\/v2\/types\/product"}],"replies":[{"embeddable":true,"href":"https:\/\/tiendaflex.ec\/en\/wp-json\/wp\/v2\/comments?post=20351"}],"version-history":[{"count":2,"href":"https:\/\/tiendaflex.ec\/en\/wp-json\/wp\/v2\/product\/20351\/revisions"}],"predecessor-version":[{"id":20353,"href":"https:\/\/tiendaflex.ec\/en\/wp-json\/wp\/v2\/product\/20351\/revisions\/20353"}],"wp:featuredmedia":[{"embeddable":true,"href":"https:\/\/tiendaflex.ec\/en\/wp-json\/wp\/v2\/media\/20344"}],"wp:attachment":[{"href":"https:\/\/tiendaflex.ec\/en\/wp-json\/wp\/v2\/media?parent=20351"}],"wp:term":[{"taxonomy":"product_brand","embeddable":true,"href":"https:\/\/tiendaflex.ec\/en\/wp-json\/wp\/v2\/product_brand?post=20351"},{"taxonomy":"product_cat","embeddable":true,"href":"https:\/\/tiendaflex.ec\/en\/wp-json\/wp\/v2\/product_cat?post=20351"},{"taxonomy":"product_tag","embeddable":true,"href":"https:\/\/tiendaflex.ec\/en\/wp-json\/wp\/v2\/product_tag?post=20351"}],"curies":[{"name":"wp","href":"https:\/\/api.w.org\/{rel}","templated":true}]}}