{"id":20334,"date":"2025-07-02T23:44:35","date_gmt":"2025-07-03T04:44:35","guid":{"rendered":"https:\/\/tiendaflex.ec\/?post_type=product&#038;p=20334"},"modified":"2025-07-02T23:44:35","modified_gmt":"2025-07-03T04:44:35","slug":"torquechain-800-motor-de-garaje","status":"publish","type":"product","link":"https:\/\/tiendaflex.ec\/en\/product\/torquechain-800-motor-de-garaje\/","title":{"rendered":"TORQUECHAIN 800 &#8211;\u00a0MOTOR DE GARAJE"},"content":{"rendered":"","protected":false},"excerpt":{"rendered":"<p>\u00a1Aprovecha nuestras megas ofertas por tiempo limitado! Ideal para puertas de garaje con uso intensivo, confiable y 100% autom\u00e1tico.<\/p>\n<p>\ud83d\udcaa Caracter\u00edsticas t\u00e9cnicas:<br \/>\n\ud83d\udd38 Potencia: 1\/2 HP \u2013 800 N.m<br \/>\n\ud83d\udd38 Uso intensivo: hasta 60 ciclos por hora<br \/>\n\ud83d\udd38 Alimentaci\u00f3n: 110V AC<br \/>\n\ud83d\udd38 Regulaci\u00f3n de fuerza integrada<\/p>\n<p>\u2699\ufe0f Funciones del panel de control:<br \/>\n\u2714\ufe0f Compatible con fotoc\u00e9lulas de seguridad<br \/>\n\u2714\ufe0f Entrada para pulso de apertura externo<br \/>\n\u2714\ufe0f Salida de 24VDC<br \/>\n\u2714\ufe0f Configuraci\u00f3n de cierre autom\u00e1tico<br \/>\n\u2714\ufe0f Soporte para hasta 20 controles remotos<\/p>\n<p>\ud83d\udce6 Incluye:<br \/>\n\u2705 1 Motor Fortedoor FD-CL800NR<br \/>\n\u2705 2 controles remotos<\/p>\n<p>\ud83d\udcf2 Cont\u00e1ctanos al +593984123231 y automatiza tu garaje con la potencia que necesitas.<br \/>\n\ud83d\udd27 \u00a1Instalaci\u00f3n r\u00e1pida y desempe\u00f1o garantizado!<\/p>","protected":false},"featured_media":20343,"comment_status":"open","ping_status":"closed","template":"","meta":{"_acf_changed":false},"product_brand":[],"product_cat":[588,547],"product_tag":[],"class_list":{"0":"post-20334","1":"product","2":"type-product","3":"status-publish","4":"has-post-thumbnail","6":"product_cat-motores","7":"product_cat-tecnologia-del-hogar","9":"first","10":"instock","11":"sale","12":"taxable","13":"shipping-taxable","14":"purchasable","15":"product-type-simple"},"acf":[],"_links":{"self":[{"href":"https:\/\/tiendaflex.ec\/en\/wp-json\/wp\/v2\/product\/20334","targetHints":{"allow":["GET"]}}],"collection":[{"href":"https:\/\/tiendaflex.ec\/en\/wp-json\/wp\/v2\/product"}],"about":[{"href":"https:\/\/tiendaflex.ec\/en\/wp-json\/wp\/v2\/types\/product"}],"replies":[{"embeddable":true,"href":"https:\/\/tiendaflex.ec\/en\/wp-json\/wp\/v2\/comments?post=20334"}],"version-history":[{"count":2,"href":"https:\/\/tiendaflex.ec\/en\/wp-json\/wp\/v2\/product\/20334\/revisions"}],"predecessor-version":[{"id":20350,"href":"https:\/\/tiendaflex.ec\/en\/wp-json\/wp\/v2\/product\/20334\/revisions\/20350"}],"wp:featuredmedia":[{"embeddable":true,"href":"https:\/\/tiendaflex.ec\/en\/wp-json\/wp\/v2\/media\/20343"}],"wp:attachment":[{"href":"https:\/\/tiendaflex.ec\/en\/wp-json\/wp\/v2\/media?parent=20334"}],"wp:term":[{"taxonomy":"product_brand","embeddable":true,"href":"https:\/\/tiendaflex.ec\/en\/wp-json\/wp\/v2\/product_brand?post=20334"},{"taxonomy":"product_cat","embeddable":true,"href":"https:\/\/tiendaflex.ec\/en\/wp-json\/wp\/v2\/product_cat?post=20334"},{"taxonomy":"product_tag","embeddable":true,"href":"https:\/\/tiendaflex.ec\/en\/wp-json\/wp\/v2\/product_tag?post=20334"}],"curies":[{"name":"wp","href":"https:\/\/api.w.org\/{rel}","templated":true}]}}