{"id":20309,"date":"2025-07-01T22:59:01","date_gmt":"2025-07-02T03:59:01","guid":{"rendered":"https:\/\/tiendaflex.ec\/?post_type=product&#038;p=20309"},"modified":"2025-07-16T23:36:08","modified_gmt":"2025-07-17T04:36:08","slug":"sofa-reclinable-terrazzo-power","status":"publish","type":"product","link":"https:\/\/tiendaflex.ec\/en\/product\/sofa-reclinable-terrazzo-power\/","title":{"rendered":"SOF\u00c1 RECLINABLE TERRAZZO POWER"},"content":{"rendered":"","protected":false},"excerpt":{"rendered":"<p>\u00a1El mejor compa\u00f1ero de equipo ha llegado! Rel\u00e1jate viendo tus partidos, pel\u00edculas o series favoritas y recibe a tus visitas con un sof\u00e1 que lo tiene todo: comodidad, tecnolog\u00eda y estilo moderno.<\/p>\n<p>\u2714\ufe0f Caracter\u00edsticas destacadas:<br \/>\n\ud83d\udd38 Accionamiento autom\u00e1tico<br \/>\n\ud83d\udd38 Espaldar reclinable con tablero y portavasos incorporado<br \/>\n\ud83d\udd38 Estilo moderno, color a elecci\u00f3n del cliente<br \/>\n\ud83d\udd38 Dimensiones: 198 cm (largo) \u00d7 73 cm (ancho) \u00d7 95 cm (alto)<\/p>\n<p>\ud83d\udcf2 Cont\u00e1ctanos al +593984123231 y transforma tu sala en tu lugar favorito del hogar.<br \/>\n\ud83c\udf1f \u00a1Tecnolog\u00eda, dise\u00f1o y comodidad en un solo mueble!<\/p>","protected":false},"featured_media":20901,"comment_status":"open","ping_status":"closed","template":"","meta":{"_acf_changed":false},"product_brand":[],"product_cat":[542,604],"product_tag":[],"class_list":{"0":"post-20309","1":"product","2":"type-product","3":"status-publish","4":"has-post-thumbnail","6":"product_cat-muebles","7":"product_cat-sofas","9":"first","10":"instock","11":"sale","12":"taxable","13":"shipping-taxable","14":"purchasable","15":"product-type-simple"},"acf":[],"_links":{"self":[{"href":"https:\/\/tiendaflex.ec\/en\/wp-json\/wp\/v2\/product\/20309","targetHints":{"allow":["GET"]}}],"collection":[{"href":"https:\/\/tiendaflex.ec\/en\/wp-json\/wp\/v2\/product"}],"about":[{"href":"https:\/\/tiendaflex.ec\/en\/wp-json\/wp\/v2\/types\/product"}],"replies":[{"embeddable":true,"href":"https:\/\/tiendaflex.ec\/en\/wp-json\/wp\/v2\/comments?post=20309"}],"version-history":[{"count":2,"href":"https:\/\/tiendaflex.ec\/en\/wp-json\/wp\/v2\/product\/20309\/revisions"}],"predecessor-version":[{"id":20931,"href":"https:\/\/tiendaflex.ec\/en\/wp-json\/wp\/v2\/product\/20309\/revisions\/20931"}],"wp:featuredmedia":[{"embeddable":true,"href":"https:\/\/tiendaflex.ec\/en\/wp-json\/wp\/v2\/media\/20901"}],"wp:attachment":[{"href":"https:\/\/tiendaflex.ec\/en\/wp-json\/wp\/v2\/media?parent=20309"}],"wp:term":[{"taxonomy":"product_brand","embeddable":true,"href":"https:\/\/tiendaflex.ec\/en\/wp-json\/wp\/v2\/product_brand?post=20309"},{"taxonomy":"product_cat","embeddable":true,"href":"https:\/\/tiendaflex.ec\/en\/wp-json\/wp\/v2\/product_cat?post=20309"},{"taxonomy":"product_tag","embeddable":true,"href":"https:\/\/tiendaflex.ec\/en\/wp-json\/wp\/v2\/product_tag?post=20309"}],"curies":[{"name":"wp","href":"https:\/\/api.w.org\/{rel}","templated":true}]}}