{"id":20306,"date":"2025-07-01T22:54:13","date_gmt":"2025-07-02T03:54:13","guid":{"rendered":"https:\/\/tiendaflex.ec\/?post_type=product&#038;p=20306"},"modified":"2025-07-01T22:54:13","modified_gmt":"2025-07-02T03:54:13","slug":"kit-de-control-de-acceso-access-pro","status":"publish","type":"product","link":"https:\/\/tiendaflex.ec\/en\/product\/kit-de-control-de-acceso-access-pro\/","title":{"rendered":"KIT DE CONTROL DE ACCESO ACCESS PRO"},"content":{"rendered":"","protected":false},"excerpt":{"rendered":"<p>Implementa un sistema de seguridad profesional en tu negocio, oficina o residencia con el Kinutek Access Pro, un kit completo con todo lo necesario para controlar una puerta con lector, cerradura y respaldo de energ\u00eda.<\/p>\n<p>\u2714\ufe0f Incluye:<br \/>\n\ud83d\udd38 1 Control de acceso aut\u00f3nomo KINUTEK 230K (lector de proximidad + clave)<br \/>\n\ud83d\udd38 Soporta hasta 1000 usuarios y lector esclavo<br \/>\n\ud83d\udd38 1 Cerradura electromagn\u00e9tica de 300LB o 600LB, o destrabador el\u00e9ctrico (seg\u00fan configuraci\u00f3n)<br \/>\n\ud83d\udd38 1 Bot\u00f3n de salida met\u00e1lico<br \/>\n\ud83d\udd38 1 Fuente con respaldo de energ\u00eda<br \/>\n\ud83d\udd38 1 Bater\u00eda 12VDC \u2013 4AH<br \/>\n\ud83d\udd38 2 Tarjetas RFID<\/p>\n<p>\u2714\ufe0f Ideal para puertas de acceso principal, control de entrada\/salida y mayor seguridad<br \/>\n\u2714\ufe0f Instalaci\u00f3n sencilla y funcionamiento aut\u00f3nomo<\/p>\n<p>\ud83d\udcf2 Cont\u00e1ctanos al +593984123231 y asegura tus espacios con un sistema confiable y completo.<br \/>\n\ud83c\udf1f \u00a1Control total desde el primer d\u00eda!<\/p>","protected":false},"featured_media":20268,"comment_status":"open","ping_status":"closed","template":"","meta":{"_acf_changed":false},"product_brand":[],"product_cat":[593,547],"product_tag":[],"class_list":{"0":"post-20306","1":"product","2":"type-product","3":"status-publish","4":"has-post-thumbnail","6":"product_cat-control-de-accesos","7":"product_cat-tecnologia-del-hogar","9":"first","10":"instock","11":"sale","12":"taxable","13":"shipping-taxable","14":"purchasable","15":"product-type-simple"},"acf":[],"_links":{"self":[{"href":"https:\/\/tiendaflex.ec\/en\/wp-json\/wp\/v2\/product\/20306","targetHints":{"allow":["GET"]}}],"collection":[{"href":"https:\/\/tiendaflex.ec\/en\/wp-json\/wp\/v2\/product"}],"about":[{"href":"https:\/\/tiendaflex.ec\/en\/wp-json\/wp\/v2\/types\/product"}],"replies":[{"embeddable":true,"href":"https:\/\/tiendaflex.ec\/en\/wp-json\/wp\/v2\/comments?post=20306"}],"version-history":[{"count":2,"href":"https:\/\/tiendaflex.ec\/en\/wp-json\/wp\/v2\/product\/20306\/revisions"}],"predecessor-version":[{"id":20308,"href":"https:\/\/tiendaflex.ec\/en\/wp-json\/wp\/v2\/product\/20306\/revisions\/20308"}],"wp:featuredmedia":[{"embeddable":true,"href":"https:\/\/tiendaflex.ec\/en\/wp-json\/wp\/v2\/media\/20268"}],"wp:attachment":[{"href":"https:\/\/tiendaflex.ec\/en\/wp-json\/wp\/v2\/media?parent=20306"}],"wp:term":[{"taxonomy":"product_brand","embeddable":true,"href":"https:\/\/tiendaflex.ec\/en\/wp-json\/wp\/v2\/product_brand?post=20306"},{"taxonomy":"product_cat","embeddable":true,"href":"https:\/\/tiendaflex.ec\/en\/wp-json\/wp\/v2\/product_cat?post=20306"},{"taxonomy":"product_tag","embeddable":true,"href":"https:\/\/tiendaflex.ec\/en\/wp-json\/wp\/v2\/product_tag?post=20306"}],"curies":[{"name":"wp","href":"https:\/\/api.w.org\/{rel}","templated":true}]}}