{"id":20303,"date":"2025-07-01T22:46:59","date_gmt":"2025-07-02T03:46:59","guid":{"rendered":"https:\/\/tiendaflex.ec\/?post_type=product&#038;p=20303"},"modified":"2025-07-01T22:47:00","modified_gmt":"2025-07-02T03:47:00","slug":"reloj-biometrico-timecontrol","status":"publish","type":"product","link":"https:\/\/tiendaflex.ec\/en\/product\/reloj-biometrico-timecontrol\/","title":{"rendered":"RELOJ BIOM\u00c9TRICO TIMECONTROL"},"content":{"rendered":"","protected":false},"excerpt":{"rendered":"<p>Optimiza el control de asistencia de tu equipo con el Kinutek TimeControl, un dispositivo confiable y f\u00e1cil de usar que registra entradas y salidas con huella digital o PIN, ideal para oficinas, talleres y comercios.<\/p>\n<p>\u2714\ufe0f M\u00e9todos de autenticaci\u00f3n:<br \/>\n\ud83d\udd39 Huella digital (hasta 1.000 usuarios)<br \/>\n\ud83d\udd39 C\u00f3digo PIN<br \/>\n\ud83d\udd39 Comunicaci\u00f3n por USB para descarga de registros<\/p>\n<p>\u2714\ufe0f Registro de asistencia: 100.000 eventos<br \/>\n\u2714\ufe0f Pantalla de 2,8 pulgadas para f\u00e1cil navegaci\u00f3n<br \/>\n\u2714\ufe0f R\u00e1pido, preciso y resistente<\/p>\n<p>\ud83d\udce6 Incluye:<br \/>\n\ud83d\udd38 1 reloj biom\u00e9trico<br \/>\n\ud83d\udd38 Fuente de alimentaci\u00f3n<br \/>\n\ud83d\udd38 Manual de usuario<\/p>\n<p>\ud83d\udcf2 Cont\u00e1ctanos al +593984123231 y lleva el control de tu personal con tecnolog\u00eda eficiente.<br \/>\n\ud83c\udf1f \u00a1M\u00e1s orden, m\u00e1s control, m\u00e1s productividad!<\/p>","protected":false},"featured_media":20267,"comment_status":"open","ping_status":"closed","template":"","meta":{"_acf_changed":false},"product_brand":[],"product_cat":[593,547],"product_tag":[],"class_list":{"0":"post-20303","1":"product","2":"type-product","3":"status-publish","4":"has-post-thumbnail","6":"product_cat-control-de-accesos","7":"product_cat-tecnologia-del-hogar","9":"first","10":"instock","11":"sale","12":"taxable","13":"shipping-taxable","14":"purchasable","15":"product-type-simple"},"acf":[],"_links":{"self":[{"href":"https:\/\/tiendaflex.ec\/en\/wp-json\/wp\/v2\/product\/20303","targetHints":{"allow":["GET"]}}],"collection":[{"href":"https:\/\/tiendaflex.ec\/en\/wp-json\/wp\/v2\/product"}],"about":[{"href":"https:\/\/tiendaflex.ec\/en\/wp-json\/wp\/v2\/types\/product"}],"replies":[{"embeddable":true,"href":"https:\/\/tiendaflex.ec\/en\/wp-json\/wp\/v2\/comments?post=20303"}],"version-history":[{"count":2,"href":"https:\/\/tiendaflex.ec\/en\/wp-json\/wp\/v2\/product\/20303\/revisions"}],"predecessor-version":[{"id":20305,"href":"https:\/\/tiendaflex.ec\/en\/wp-json\/wp\/v2\/product\/20303\/revisions\/20305"}],"wp:featuredmedia":[{"embeddable":true,"href":"https:\/\/tiendaflex.ec\/en\/wp-json\/wp\/v2\/media\/20267"}],"wp:attachment":[{"href":"https:\/\/tiendaflex.ec\/en\/wp-json\/wp\/v2\/media?parent=20303"}],"wp:term":[{"taxonomy":"product_brand","embeddable":true,"href":"https:\/\/tiendaflex.ec\/en\/wp-json\/wp\/v2\/product_brand?post=20303"},{"taxonomy":"product_cat","embeddable":true,"href":"https:\/\/tiendaflex.ec\/en\/wp-json\/wp\/v2\/product_cat?post=20303"},{"taxonomy":"product_tag","embeddable":true,"href":"https:\/\/tiendaflex.ec\/en\/wp-json\/wp\/v2\/product_tag?post=20303"}],"curies":[{"name":"wp","href":"https:\/\/api.w.org\/{rel}","templated":true}]}}