{"id":20296,"date":"2025-07-01T22:37:06","date_gmt":"2025-07-02T03:37:06","guid":{"rendered":"https:\/\/tiendaflex.ec\/?post_type=product&#038;p=20296"},"modified":"2025-07-01T22:38:01","modified_gmt":"2025-07-02T03:38:01","slug":"biometrico-kinutek-facelock-pro","status":"publish","type":"product","link":"https:\/\/tiendaflex.ec\/en\/product\/biometrico-kinutek-facelock-pro\/","title":{"rendered":"BIOM\u00c9TRICO FACELOCK PRO"},"content":{"rendered":"","protected":false},"excerpt":{"rendered":"<p>Eleva la seguridad de tu oficina, residencia o negocio con la Kinutek FaceLock Pro, un sistema de control de acceso antivand\u00e1lico y de alta capacidad, que combina reconocimiento facial, huella dactilar y tarjeta RFID.<\/p>\n<p>\u2714\ufe0f 3 m\u00e9todos de acceso:<br \/>\n\ud83d\udd39 Reconocimiento facial (hasta 1.000 usuarios)<br \/>\n\ud83d\udd39 Huella digital (hasta 200 registros)<br \/>\n\ud83d\udd39 Tarjeta RFID 125 kHz (hasta 10.000 usuarios)<\/p>\n<p>\u2714\ufe0f Configuraci\u00f3n sencilla mediante control remoto<br \/>\n\u2714\ufe0f Funciona como lector Wiegand 26 o como controlador independiente<br \/>\n\u2714\ufe0f Carcasa met\u00e1lica resistente y antivand\u00e1lica<br \/>\n\u2714\ufe0f Ideal para oficinas, residencias, villas, bancos, prisiones, etc.<\/p>\n<p>\ud83d\udce6 Incluye:<br \/>\n\ud83d\udd38 Lector biom\u00e9trico Kinutek<br \/>\n\ud83d\udd38 Control remoto<br \/>\n\ud83d\udd38 Manual de configuraci\u00f3n<\/p>\n<p>\ud83d\udcf2 Cont\u00e1ctanos al +593984123231 y moderniza tu seguridad con tecnolog\u00eda de reconocimiento inteligente.<br \/>\n\ud83c\udf1f \u00a1M\u00e1s seguridad, m\u00e1s control, m\u00e1s confianza!<\/p>","protected":false},"featured_media":20265,"comment_status":"open","ping_status":"closed","template":"","meta":{"_acf_changed":false},"product_brand":[],"product_cat":[593,547],"product_tag":[],"class_list":{"0":"post-20296","1":"product","2":"type-product","3":"status-publish","4":"has-post-thumbnail","6":"product_cat-control-de-accesos","7":"product_cat-tecnologia-del-hogar","9":"first","10":"instock","11":"sale","12":"taxable","13":"shipping-taxable","14":"purchasable","15":"product-type-simple"},"acf":[],"_links":{"self":[{"href":"https:\/\/tiendaflex.ec\/en\/wp-json\/wp\/v2\/product\/20296","targetHints":{"allow":["GET"]}}],"collection":[{"href":"https:\/\/tiendaflex.ec\/en\/wp-json\/wp\/v2\/product"}],"about":[{"href":"https:\/\/tiendaflex.ec\/en\/wp-json\/wp\/v2\/types\/product"}],"replies":[{"embeddable":true,"href":"https:\/\/tiendaflex.ec\/en\/wp-json\/wp\/v2\/comments?post=20296"}],"version-history":[{"count":2,"href":"https:\/\/tiendaflex.ec\/en\/wp-json\/wp\/v2\/product\/20296\/revisions"}],"predecessor-version":[{"id":20299,"href":"https:\/\/tiendaflex.ec\/en\/wp-json\/wp\/v2\/product\/20296\/revisions\/20299"}],"wp:featuredmedia":[{"embeddable":true,"href":"https:\/\/tiendaflex.ec\/en\/wp-json\/wp\/v2\/media\/20265"}],"wp:attachment":[{"href":"https:\/\/tiendaflex.ec\/en\/wp-json\/wp\/v2\/media?parent=20296"}],"wp:term":[{"taxonomy":"product_brand","embeddable":true,"href":"https:\/\/tiendaflex.ec\/en\/wp-json\/wp\/v2\/product_brand?post=20296"},{"taxonomy":"product_cat","embeddable":true,"href":"https:\/\/tiendaflex.ec\/en\/wp-json\/wp\/v2\/product_cat?post=20296"},{"taxonomy":"product_tag","embeddable":true,"href":"https:\/\/tiendaflex.ec\/en\/wp-json\/wp\/v2\/product_tag?post=20296"}],"curies":[{"name":"wp","href":"https:\/\/api.w.org\/{rel}","templated":true}]}}